
{"id":151,"date":"2018-04-06T06:23:54","date_gmt":"2018-04-06T06:23:54","guid":{"rendered":"https:\/\/livwell.be\/?page_id=151"},"modified":"2025-12-17T22:14:11","modified_gmt":"2025-12-17T21:14:11","slug":"a-propos-de-nous","status":"publish","type":"page","link":"https:\/\/livwell.be\/fr\/a-propos-de-nous\/","title":{"rendered":"A propos de nous"},"content":{"rendered":"\t\t<div data-elementor-type=\"wp-page\" data-elementor-id=\"151\" class=\"elementor elementor-151 elementor-39\" data-elementor-settings=\"[]\">\n\t\t\t\t\t\t<div class=\"elementor-inner\">\n\t\t\t\t\t\t\t<div class=\"elementor-section-wrap\">\n\t\t\t\t\t\t\t<section class=\"elementor-section elementor-top-section elementor-element elementor-element-2018e5a7 li_about_wrapper elementor-section-boxed elementor-section-height-default elementor-section-height-default\" data-id=\"2018e5a7\" data-element_type=\"section\">\n\t\t\t\t\t\t<div class=\"elementor-container elementor-column-gap-default\">\n\t\t\t\t\t\t\t<div class=\"elementor-row\">\n\t\t\t\t\t<div class=\"elementor-column elementor-col-100 elementor-top-column elementor-element elementor-element-7fd58497\" data-id=\"7fd58497\" data-element_type=\"column\">\n\t\t\t<div class=\"elementor-column-wrap elementor-element-populated\">\n\t\t\t\t\t\t\t<div class=\"elementor-widget-wrap\">\n\t\t\t\t\t\t<section class=\"elementor-section elementor-inner-section elementor-element elementor-element-364033c6 li_inner_about_wrapper elementor-section-boxed elementor-section-height-default elementor-section-height-default\" data-id=\"364033c6\" data-element_type=\"section\">\n\t\t\t\t\t\t<div class=\"elementor-container elementor-column-gap-default\">\n\t\t\t\t\t\t\t<div class=\"elementor-row\">\n\t\t\t\t\t<div class=\"elementor-column elementor-col-66 elementor-inner-column elementor-element elementor-element-f698fba li_about_image_wrap\" data-id=\"f698fba\" data-element_type=\"column\">\n\t\t\t<div class=\"elementor-column-wrap elementor-element-populated\">\n\t\t\t\t\t\t\t<div class=\"elementor-widget-wrap\">\n\t\t\t\t\t\t<div class=\"elementor-element elementor-element-67d9bf4d elementor-widget elementor-widget-image\" data-id=\"67d9bf4d\" data-element_type=\"widget\" data-widget_type=\"image.default\">\n\t\t\t\t<div class=\"elementor-widget-container\">\n\t\t\t\t\t<div class=\"elementor-image\">\n\t\t\t\t\t\t\t\t\t\t<img loading=\"lazy\" decoding=\"async\" width=\"1024\" height=\"1024\" src=\"https:\/\/livwell.be\/wp-content\/uploads\/2025\/10\/SpinaliS-Photo-Lifestyle-2020-1-1024x1024.jpg\" class=\"attachment-large size-large\" alt=\"\" srcset=\"https:\/\/livwell.be\/wp-content\/uploads\/2025\/10\/SpinaliS-Photo-Lifestyle-2020-1-1024x1024.jpg 1024w, https:\/\/livwell.be\/wp-content\/uploads\/2025\/10\/SpinaliS-Photo-Lifestyle-2020-1-300x300.jpg 300w, https:\/\/livwell.be\/wp-content\/uploads\/2025\/10\/SpinaliS-Photo-Lifestyle-2020-1-150x150.jpg 150w, https:\/\/livwell.be\/wp-content\/uploads\/2025\/10\/SpinaliS-Photo-Lifestyle-2020-1-768x768.jpg 768w, https:\/\/livwell.be\/wp-content\/uploads\/2025\/10\/SpinaliS-Photo-Lifestyle-2020-1-600x600.jpg 600w, https:\/\/livwell.be\/wp-content\/uploads\/2025\/10\/SpinaliS-Photo-Lifestyle-2020-1-100x100.jpg 100w, https:\/\/livwell.be\/wp-content\/uploads\/2025\/10\/SpinaliS-Photo-Lifestyle-2020-1-50x50.jpg 50w, https:\/\/livwell.be\/wp-content\/uploads\/2025\/10\/SpinaliS-Photo-Lifestyle-2020-1.jpg 1200w\" sizes=\"auto, (max-width: 1024px) 100vw, 1024px\" \/>\t\t\t\t\t\t\t\t\t\t\t<\/div>\n\t\t\t\t<\/div>\n\t\t\t\t<\/div>\n\t\t\t\t\t\t<\/div>\n\t\t\t\t\t<\/div>\n\t\t<\/div>\n\t\t\t\t<div class=\"elementor-column elementor-col-33 elementor-inner-column elementor-element elementor-element-6327916b li_about_text\" data-id=\"6327916b\" data-element_type=\"column\">\n\t\t\t<div class=\"elementor-column-wrap elementor-element-populated\">\n\t\t\t\t\t\t\t<div class=\"elementor-widget-wrap\">\n\t\t\t\t\t\t<div class=\"elementor-element elementor-element-25537d7f elementor-widget elementor-widget-heading\" data-id=\"25537d7f\" data-element_type=\"widget\" data-widget_type=\"heading.default\">\n\t\t\t\t<div class=\"elementor-widget-container\">\n\t\t\t<h3 class=\"elementor-heading-title elementor-size-default\">A PROPOS DE Livwell<\/h3>\t\t<\/div>\n\t\t\t\t<\/div>\n\t\t\t\t<div class=\"elementor-element elementor-element-9aa1fd3 elementor-widget elementor-widget-text-editor\" data-id=\"9aa1fd3\" data-element_type=\"widget\" data-widget_type=\"text-editor.default\">\n\t\t\t\t<div class=\"elementor-widget-container\">\n\t\t\t\t\t<div class=\"elementor-text-editor elementor-clearfix\"><p>Livwell sprl a \u00e9t\u00e9 fond\u00e9e en 2006 parce que beaucoup de gens recherchent une chaise de bureau pouvant vraiment aider \u00e0 r\u00e9duire ou \u00e0 \u00e9viter le mal de dos. Le march\u00e9 ne propose cependant que des chaises de bureau passives. Celles-ci ne stimulent pas le corps afin de r\u00e9agir contre l&rsquo;affaissement. Les gens s\u2019affaissent et ont des probl\u00e8mes au cou et au dos.<\/p><p>C&rsquo;est pourquoi Livwell ont estim\u00e9 qu\u2019il \u00e9tait n\u00e9cessaire de trouver une chaise de bureau qui aide vraiment \u00e0 r\u00e9duire les probl\u00e8mes dorsaux. C&rsquo;est logique, plus vous bougez, moins vous avez de probl\u00e8mes. Une vraie chaise active aide vraiment. Les chaises SpinaliS activent les muscles pour que vous vous affaissiez moins et que vous ayez donc moins de douleurs.<\/p><p>C&rsquo;est notre base. Il ne s&rsquo;agit pas seulement de mieux s&rsquo;asseoir, mais aussi de travailler plus sainement. Notre soci\u00e9t\u00e9 a ainsi connu une forte croissance dans le domaine du \u00ab travail dynamique \u00bb. Combinez votre chaise SpinaliS avec une table pour s\u2019asseoir \/ pour rester debout et d\u00e9placez-vous tr\u00e8s r\u00e9guli\u00e8rement. Cela permettra d&rsquo;\u00e9viter l&rsquo;inconfort et les maux de dos. Livwell sprl vous propose toutes ces solutions.<\/p><p>Prenez un rendez-vous et venez faire un test. Bienvenue.<\/p><\/div>\n\t\t\t\t<\/div>\n\t\t\t\t<\/div>\n\t\t\t\t\t\t<\/div>\n\t\t\t\t\t<\/div>\n\t\t<\/div>\n\t\t\t\t\t\t\t\t<\/div>\n\t\t\t\t\t<\/div>\n\t\t<\/section>\n\t\t\t\t\t\t<\/div>\n\t\t\t\t\t<\/div>\n\t\t<\/div>\n\t\t\t\t\t\t\t\t<\/div>\n\t\t\t\t\t<\/div>\n\t\t<\/section>\n\t\t\t\t<section class=\"elementor-section elementor-top-section elementor-element elementor-element-03cf850 li_advised_wrap elementor-section-boxed elementor-section-height-default elementor-section-height-default\" data-id=\"03cf850\" data-element_type=\"section\">\n\t\t\t\t\t\t<div class=\"elementor-container elementor-column-gap-default\">\n\t\t\t\t\t\t\t<div class=\"elementor-row\">\n\t\t\t\t\t<div class=\"elementor-column elementor-col-100 elementor-top-column elementor-element elementor-element-3083b18\" data-id=\"3083b18\" data-element_type=\"column\">\n\t\t\t<div class=\"elementor-column-wrap elementor-element-populated\">\n\t\t\t\t\t\t\t<div class=\"elementor-widget-wrap\">\n\t\t\t\t\t\t<div class=\"elementor-element elementor-element-f1a6ca6 elementor-widget elementor-widget-shortcode\" data-id=\"f1a6ca6\" data-element_type=\"widget\" data-widget_type=\"shortcode.default\">\n\t\t\t\t<div class=\"elementor-widget-container\">\n\t\t\t \r\n<!--Advised section-->\r\n<section>\r\n  <div class=\"container\">\r\n    <div class=\"row\">\r\n      <div class=\"col-sm-4 col-md-4 li_advised_box\">\r\n        <div class=\"li_advised_innerwrap\">\r\n          <span class=\"diamond\"><i class=\"icon-ba-doctor_advised\"><\/i><\/span>\r\n          <div class=\"li_advised_content\">\r\n            <p>Conseill\u00e9 par des orthop\u00e9distes, des ost\u00e9opathes et des physioth\u00e9rapeutes<\/p>\r\n          <\/div>\r\n        <\/div>\r\n      <\/div>\r\n      <div class=\"col-sm-4 col-md-4 li_advised_box\">\r\n        <div class=\"li_advised_innerwrap\">\r\n          <span class=\"diamond\"><i class=\"icon-ba-delivery\"><\/i><\/span>\r\n          <div class=\"li_advised_content\">\r\n            <!--p>professionnel\r\n<\/p-->\r\n            <p>Une livraison de chaises et<br>\r\n            tables est toujours accompagn\u00e9<br>\r\n            d\u2019une d\u00e9mo ergonomique<\/p>\r\n          <\/div>\r\n        <\/div>\r\n      <\/div>\r\n      <div class=\"col-sm-4 col-md-4 li_advised_box\">\r\n        <div class=\"li_advised_innerwrap\">\r\n          <span class=\"diamond\"><i class=\"icon-ba-site_adjustment\"><\/i><\/span>\r\n          <div class=\"li_advised_content\">\r\n            <!--p>Parking gratuit devant<\/p-->\r\n            <p>Garantie de retour<br>\r\n            de 2 semaines<\/p>\r\n          <\/div>\r\n        <\/div>\r\n      <\/div>\r\n      <div class=\"col-sm-4 col-md-4 li_advised_box\">\r\n        <div class=\"li_advised_innerwrap\">\r\n          <span class=\"diamond\"><i class=\"icon-ba-demo\"><\/i><\/span>\r\n          <div class=\"li_advised_content\">\r\n            <p>Limiter ou \u00e9viter<br>\r\n            douleur au cou et au dos<\/p>\r\n          <\/div>\r\n        <\/div>\r\n      <\/div>\r\n      <div class=\"col-sm-4 col-md-4 li_advised_box\">\r\n            <a href=\"https:\/\/livwell.be\/fr\/\/faites-le-test-du-dos\">\r\n        <div class=\"li_advised_innerwrap activeblock\">\r\n          <span class=\"diamond\"><i class=\"icon-ba-finr_rightchair\"><\/i><\/span>\r\n          <div class=\"li_advised_content\">\r\n            <p>Trouvez la chaise parfaite <br\/>Faites le test du dos<\/p>\r\n          <\/div>\r\n        <\/div>\r\n      <\/a>\r\n      <\/div>\r\n      <div class=\"col-sm-4 col-md-4 li_advised_box\">\r\n        <div class=\"li_advised_innerwrap\">\r\n          <span class=\"diamond\"><i class=\"icon-ba-personal_service\"><\/i><\/span>\r\n          <div class=\"li_advised_content\">\r\n            <p>Service personnalis\u00e9<br\/> Vous parlez, nous \u00e9coutons<\/p>\r\n          <\/div>\r\n        <\/div>\r\n      <\/div>\r\n    \r\n    <\/div>\r\n  <\/div>\r\n<\/section>\r\n\r\n<!--Advised section-->\r\n\t\t<div class=\"elementor-shortcode\"><\/div>\n\t\t\t\t<\/div>\n\t\t\t\t<\/div>\n\t\t\t\t\t\t<\/div>\n\t\t\t\t\t<\/div>\n\t\t<\/div>\n\t\t\t\t\t\t\t\t<\/div>\n\t\t\t\t\t<\/div>\n\t\t<\/section>\n\t\t\t\t<section class=\"elementor-section elementor-top-section elementor-element elementor-element-599ec0b li_team_member elementor-section-boxed elementor-section-height-default elementor-section-height-default\" data-id=\"599ec0b\" data-element_type=\"section\">\n\t\t\t\t\t\t<div class=\"elementor-container elementor-column-gap-default\">\n\t\t\t\t\t\t\t<div class=\"elementor-row\">\n\t\t\t\t\t<div class=\"elementor-column elementor-col-100 elementor-top-column elementor-element elementor-element-51071fe4\" data-id=\"51071fe4\" data-element_type=\"column\">\n\t\t\t<div class=\"elementor-column-wrap elementor-element-populated\">\n\t\t\t\t\t\t\t<div class=\"elementor-widget-wrap\">\n\t\t\t\t\t\t<div class=\"elementor-element elementor-element-81ad7ff li_main_heading elementor-widget elementor-widget-heading\" data-id=\"81ad7ff\" data-element_type=\"widget\" data-widget_type=\"heading.default\">\n\t\t\t\t<div class=\"elementor-widget-container\">\n\t\t\t<h3 class=\"elementor-heading-title elementor-size-default\">NOTRE \u00c9QUIPE<\/h3>\t\t<\/div>\n\t\t\t\t<\/div>\n\t\t\t\t<div class=\"elementor-element elementor-element-7d60104f elementor-widget elementor-widget-text-editor\" data-id=\"7d60104f\" data-element_type=\"widget\" data-widget_type=\"text-editor.default\">\n\t\t\t\t<div class=\"elementor-widget-container\">\n\t\t\t\t\t<div class=\"elementor-text-editor elementor-clearfix\"><div class=\"tmm tmm_notre-equipe\"><div class=\"tmm_3_columns tmm_wrap tmm_theme_f\"><span class=\"tmm_two_containers_tablet\"><\/span><div class=\"tmm_container\"><div class=\"tmm_member\" style=\"border-top:#333333 solid 5px;\"><div class=\"tmm_photo tmm_pic_notre-equipe_0\" style=\"background: url(https:\/\/livwell.be\/wp-content\/uploads\/2018\/05\/hans.jpg); margin-left: auto; margin-right:auto; background-size:cover !important;\"><\/div><div class=\"tmm_textblock\"><div class=\"tmm_names\"><span class=\"tmm_fname\">Hans<\/span> <span class=\"tmm_lname\">De Keersmaecker<\/span><\/div><div class=\"tmm_job\">Gestionnaire et propri\u00e9taire<\/div><div class=\"tmm_desc\" style=\"text-align:center\"><p>Hans De Keersmaecker, ing\u00e9nieur industriel, est responsable des ventes, des devis, des livraisons, des d\u00e9monstrations ergonomiques et du service apr\u00e8s-vente. Je serai ravi de vous aider.<\/p><\/div><div class=\"tmm_scblock\"><\/div><\/div><\/div><div class=\"tmm_member\" style=\"border-top:#333333 solid 5px;\"><div class=\"tmm_photo tmm_pic_notre-equipe_1\" style=\"background: url(https:\/\/livwell.be\/wp-content\/uploads\/2018\/05\/hilde.jpg); margin-left: auto; margin-right:auto; background-size:cover !important;\"><\/div><div class=\"tmm_textblock\"><div class=\"tmm_names\"><span class=\"tmm_fname\">Hilde<\/span> <span class=\"tmm_lname\">Cools<\/span><\/div><div class=\"tmm_job\">Gestionnaire et propri\u00e9taire<\/div><div class=\"tmm_desc\" style=\"text-align:center\"><p>Hilde Cools, ing\u00e9nieur industriel, est responsable du service commercial, de la planification, de l&rsquo;organisation des livraisons et du service t\u00e9l\u00e9phonique. Quand vous appelez, vous l&rsquo;obtenez au t\u00e9l\u00e9phone.<\/p><\/div><div class=\"tmm_scblock\"><\/div><\/div><\/div><div style=\"clear:both;\"><\/div><\/div><\/div><\/div><\/div>\n\t\t\t\t<\/div>\n\t\t\t\t<\/div>\n\t\t\t\t\t\t<\/div>\n\t\t\t\t\t<\/div>\n\t\t<\/div>\n\t\t\t\t\t\t\t\t<\/div>\n\t\t\t\t\t<\/div>\n\t\t<\/section>\n\t\t\t\t\t\t<\/div>\n\t\t\t\t\t\t<\/div>\n\t\t\t\t\t<\/div>\n\t\t","protected":false},"excerpt":{"rendered":"<p>A PROPOS DE Livwell Livwell sprl a \u00e9t\u00e9 fond\u00e9e en 2006 parce que beaucoup de gens recherchent une chaise de [&hellip;]<\/p>\n","protected":false},"author":1,"featured_media":53553,"parent":0,"menu_order":0,"comment_status":"closed","ping_status":"closed","template":"template\/template-about.php","meta":{"ngg_post_thumbnail":0,"footnotes":""},"class_list":["post-151","page","type-page","status-publish","has-post-thumbnail","hentry"],"yoast_head":"<!-- This site is optimized with the Yoast SEO plugin v25.6 - https:\/\/yoast.com\/wordpress\/plugins\/seo\/ -->\n<title>A propos de nous - Livwell<\/title>\n<meta name=\"robots\" content=\"index, follow, max-snippet:-1, max-image-preview:large, max-video-preview:-1\" \/>\n<link rel=\"canonical\" href=\"https:\/\/livwell.be\/fr\/a-propos-de-nous\/\" \/>\n<meta property=\"og:locale\" content=\"fr_FR\" \/>\n<meta property=\"og:type\" content=\"article\" \/>\n<meta property=\"og:title\" content=\"A propos de nous - Livwell\" \/>\n<meta property=\"og:description\" content=\"A PROPOS DE Livwell Livwell sprl a \u00e9t\u00e9 fond\u00e9e en 2006 parce que beaucoup de gens recherchent une chaise de [&hellip;]\" \/>\n<meta property=\"og:url\" content=\"https:\/\/livwell.be\/fr\/a-propos-de-nous\/\" \/>\n<meta property=\"og:site_name\" content=\"Livwell\" \/>\n<meta property=\"article:publisher\" content=\"https:\/\/www.facebook.com\/Spinalis-Livwell-301461319996581\/\" \/>\n<meta property=\"article:modified_time\" content=\"2025-12-17T21:14:11+00:00\" \/>\n<meta property=\"og:image\" content=\"https:\/\/livwell.be\/wp-content\/uploads\/2023\/11\/spinalis-banner-1.jpg\" \/>\n\t<meta property=\"og:image:width\" content=\"1920\" \/>\n\t<meta property=\"og:image:height\" content=\"270\" \/>\n\t<meta property=\"og:image:type\" content=\"image\/jpeg\" \/>\n<meta name=\"twitter:card\" content=\"summary_large_image\" \/>\n<meta name=\"twitter:label1\" content=\"Dur\u00e9e de lecture estim\u00e9e\" \/>\n\t<meta name=\"twitter:data1\" content=\"2 minutes\" \/>\n<script type=\"application\/ld+json\" class=\"yoast-schema-graph\">{\"@context\":\"https:\/\/schema.org\",\"@graph\":[{\"@type\":\"WebPage\",\"@id\":\"https:\/\/livwell.be\/fr\/a-propos-de-nous\/\",\"url\":\"https:\/\/livwell.be\/fr\/a-propos-de-nous\/\",\"name\":\"A propos de nous - Livwell\",\"isPartOf\":{\"@id\":\"https:\/\/livwell.be\/fr\/#website\"},\"primaryImageOfPage\":{\"@id\":\"https:\/\/livwell.be\/fr\/a-propos-de-nous\/#primaryimage\"},\"image\":{\"@id\":\"https:\/\/livwell.be\/fr\/a-propos-de-nous\/#primaryimage\"},\"thumbnailUrl\":\"https:\/\/livwell.be\/wp-content\/uploads\/2023\/11\/spinalis-banner-1.jpg\",\"datePublished\":\"2018-04-06T06:23:54+00:00\",\"dateModified\":\"2025-12-17T21:14:11+00:00\",\"breadcrumb\":{\"@id\":\"https:\/\/livwell.be\/fr\/a-propos-de-nous\/#breadcrumb\"},\"inLanguage\":\"fr-FR\",\"potentialAction\":[{\"@type\":\"ReadAction\",\"target\":[\"https:\/\/livwell.be\/fr\/a-propos-de-nous\/\"]}]},{\"@type\":\"ImageObject\",\"inLanguage\":\"fr-FR\",\"@id\":\"https:\/\/livwell.be\/fr\/a-propos-de-nous\/#primaryimage\",\"url\":\"https:\/\/livwell.be\/wp-content\/uploads\/2023\/11\/spinalis-banner-1.jpg\",\"contentUrl\":\"https:\/\/livwell.be\/wp-content\/uploads\/2023\/11\/spinalis-banner-1.jpg\",\"width\":1920,\"height\":270},{\"@type\":\"BreadcrumbList\",\"@id\":\"https:\/\/livwell.be\/fr\/a-propos-de-nous\/#breadcrumb\",\"itemListElement\":[{\"@type\":\"ListItem\",\"position\":1,\"name\":\"Home\",\"item\":\"https:\/\/livwell.be\/fr\/\"},{\"@type\":\"ListItem\",\"position\":2,\"name\":\"A propos de nous\"}]},{\"@type\":\"WebSite\",\"@id\":\"https:\/\/livwell.be\/fr\/#website\",\"url\":\"https:\/\/livwell.be\/fr\/\",\"name\":\"Livwell\",\"description\":\"\",\"publisher\":{\"@id\":\"https:\/\/livwell.be\/fr\/#organization\"},\"potentialAction\":[{\"@type\":\"SearchAction\",\"target\":{\"@type\":\"EntryPoint\",\"urlTemplate\":\"https:\/\/livwell.be\/fr\/?s={search_term_string}\"},\"query-input\":{\"@type\":\"PropertyValueSpecification\",\"valueRequired\":true,\"valueName\":\"search_term_string\"}}],\"inLanguage\":\"fr-FR\"},{\"@type\":\"Organization\",\"@id\":\"https:\/\/livwell.be\/fr\/#organization\",\"name\":\"Livwell\",\"url\":\"https:\/\/livwell.be\/fr\/\",\"logo\":{\"@type\":\"ImageObject\",\"inLanguage\":\"fr-FR\",\"@id\":\"https:\/\/livwell.be\/fr\/#\/schema\/logo\/image\/\",\"url\":\"https:\/\/livwell.be\/wp-content\/uploads\/2019\/05\/livwell-logo.png\",\"contentUrl\":\"https:\/\/livwell.be\/wp-content\/uploads\/2019\/05\/livwell-logo.png\",\"width\":101,\"height\":105,\"caption\":\"Livwell\"},\"image\":{\"@id\":\"https:\/\/livwell.be\/fr\/#\/schema\/logo\/image\/\"},\"sameAs\":[\"https:\/\/www.facebook.com\/Spinalis-Livwell-301461319996581\/\",\"https:\/\/www.instagram.com\/livwell001\/\"]}]}<\/script>\n<!-- \/ Yoast SEO plugin. -->","yoast_head_json":{"title":"A propos de nous - Livwell","robots":{"index":"index","follow":"follow","max-snippet":"max-snippet:-1","max-image-preview":"max-image-preview:large","max-video-preview":"max-video-preview:-1"},"canonical":"https:\/\/livwell.be\/fr\/a-propos-de-nous\/","og_locale":"fr_FR","og_type":"article","og_title":"A propos de nous - Livwell","og_description":"A PROPOS DE Livwell Livwell sprl a \u00e9t\u00e9 fond\u00e9e en 2006 parce que beaucoup de gens recherchent une chaise de [&hellip;]","og_url":"https:\/\/livwell.be\/fr\/a-propos-de-nous\/","og_site_name":"Livwell","article_publisher":"https:\/\/www.facebook.com\/Spinalis-Livwell-301461319996581\/","article_modified_time":"2025-12-17T21:14:11+00:00","og_image":[{"width":1920,"height":270,"url":"https:\/\/livwell.be\/wp-content\/uploads\/2023\/11\/spinalis-banner-1.jpg","type":"image\/jpeg"}],"twitter_card":"summary_large_image","twitter_misc":{"Dur\u00e9e de lecture estim\u00e9e":"2 minutes"},"schema":{"@context":"https:\/\/schema.org","@graph":[{"@type":"WebPage","@id":"https:\/\/livwell.be\/fr\/a-propos-de-nous\/","url":"https:\/\/livwell.be\/fr\/a-propos-de-nous\/","name":"A propos de nous - Livwell","isPartOf":{"@id":"https:\/\/livwell.be\/fr\/#website"},"primaryImageOfPage":{"@id":"https:\/\/livwell.be\/fr\/a-propos-de-nous\/#primaryimage"},"image":{"@id":"https:\/\/livwell.be\/fr\/a-propos-de-nous\/#primaryimage"},"thumbnailUrl":"https:\/\/livwell.be\/wp-content\/uploads\/2023\/11\/spinalis-banner-1.jpg","datePublished":"2018-04-06T06:23:54+00:00","dateModified":"2025-12-17T21:14:11+00:00","breadcrumb":{"@id":"https:\/\/livwell.be\/fr\/a-propos-de-nous\/#breadcrumb"},"inLanguage":"fr-FR","potentialAction":[{"@type":"ReadAction","target":["https:\/\/livwell.be\/fr\/a-propos-de-nous\/"]}]},{"@type":"ImageObject","inLanguage":"fr-FR","@id":"https:\/\/livwell.be\/fr\/a-propos-de-nous\/#primaryimage","url":"https:\/\/livwell.be\/wp-content\/uploads\/2023\/11\/spinalis-banner-1.jpg","contentUrl":"https:\/\/livwell.be\/wp-content\/uploads\/2023\/11\/spinalis-banner-1.jpg","width":1920,"height":270},{"@type":"BreadcrumbList","@id":"https:\/\/livwell.be\/fr\/a-propos-de-nous\/#breadcrumb","itemListElement":[{"@type":"ListItem","position":1,"name":"Home","item":"https:\/\/livwell.be\/fr\/"},{"@type":"ListItem","position":2,"name":"A propos de nous"}]},{"@type":"WebSite","@id":"https:\/\/livwell.be\/fr\/#website","url":"https:\/\/livwell.be\/fr\/","name":"Livwell","description":"","publisher":{"@id":"https:\/\/livwell.be\/fr\/#organization"},"potentialAction":[{"@type":"SearchAction","target":{"@type":"EntryPoint","urlTemplate":"https:\/\/livwell.be\/fr\/?s={search_term_string}"},"query-input":{"@type":"PropertyValueSpecification","valueRequired":true,"valueName":"search_term_string"}}],"inLanguage":"fr-FR"},{"@type":"Organization","@id":"https:\/\/livwell.be\/fr\/#organization","name":"Livwell","url":"https:\/\/livwell.be\/fr\/","logo":{"@type":"ImageObject","inLanguage":"fr-FR","@id":"https:\/\/livwell.be\/fr\/#\/schema\/logo\/image\/","url":"https:\/\/livwell.be\/wp-content\/uploads\/2019\/05\/livwell-logo.png","contentUrl":"https:\/\/livwell.be\/wp-content\/uploads\/2019\/05\/livwell-logo.png","width":101,"height":105,"caption":"Livwell"},"image":{"@id":"https:\/\/livwell.be\/fr\/#\/schema\/logo\/image\/"},"sameAs":["https:\/\/www.facebook.com\/Spinalis-Livwell-301461319996581\/","https:\/\/www.instagram.com\/livwell001\/"]}]}},"_links":{"self":[{"href":"https:\/\/livwell.be\/fr\/wp-json\/wp\/v2\/pages\/151","targetHints":{"allow":["GET"]}}],"collection":[{"href":"https:\/\/livwell.be\/fr\/wp-json\/wp\/v2\/pages"}],"about":[{"href":"https:\/\/livwell.be\/fr\/wp-json\/wp\/v2\/types\/page"}],"author":[{"embeddable":true,"href":"https:\/\/livwell.be\/fr\/wp-json\/wp\/v2\/users\/1"}],"replies":[{"embeddable":true,"href":"https:\/\/livwell.be\/fr\/wp-json\/wp\/v2\/comments?post=151"}],"version-history":[{"count":12,"href":"https:\/\/livwell.be\/fr\/wp-json\/wp\/v2\/pages\/151\/revisions"}],"predecessor-version":[{"id":54147,"href":"https:\/\/livwell.be\/fr\/wp-json\/wp\/v2\/pages\/151\/revisions\/54147"}],"wp:featuredmedia":[{"embeddable":true,"href":"https:\/\/livwell.be\/fr\/wp-json\/wp\/v2\/media\/53553"}],"wp:attachment":[{"href":"https:\/\/livwell.be\/fr\/wp-json\/wp\/v2\/media?parent=151"}],"curies":[{"name":"wp","href":"https:\/\/api.w.org\/{rel}","templated":true}]}}