
{"id":459,"date":"2018-04-16T13:17:35","date_gmt":"2018-04-16T13:17:35","guid":{"rendered":"https:\/\/livwell.be\/simulatorjs-html\/"},"modified":"2018-05-22T14:26:53","modified_gmt":"2018-05-22T14:26:53","slug":"comparez-la-facon-dont-vous-etes-assis","status":"publish","type":"page","link":"https:\/\/livwell.be\/fr\/comparez-la-facon-dont-vous-etes-assis\/","title":{"rendered":"Comparez la fa\u00e7on dont vous \u00eates assis"},"content":{"rendered":"\t\t<div data-elementor-type=\"wp-page\" data-elementor-id=\"459\" class=\"elementor elementor-459 elementor-454 elementor-bc-flex-widget\" data-elementor-settings=\"[]\">\n\t\t\t\t\t\t<div class=\"elementor-inner\">\n\t\t\t\t\t\t\t<div class=\"elementor-section-wrap\">\n\t\t\t\t\t\t\t<section class=\"elementor-section elementor-top-section elementor-element elementor-element-57efe1e elementor-section-boxed elementor-section-height-default elementor-section-height-default\" data-id=\"57efe1e\" data-element_type=\"section\">\n\t\t\t\t\t\t<div class=\"elementor-container elementor-column-gap-default\">\n\t\t\t\t\t\t\t<div class=\"elementor-row\">\n\t\t\t\t\t<div class=\"elementor-column elementor-col-100 elementor-top-column elementor-element elementor-element-546dc58\" data-id=\"546dc58\" data-element_type=\"column\">\n\t\t\t<div class=\"elementor-column-wrap elementor-element-populated\">\n\t\t\t\t\t\t\t<div class=\"elementor-widget-wrap\">\n\t\t\t\t\t\t<section class=\"elementor-section elementor-inner-section elementor-element elementor-element-ad4e665 elementor-section-boxed elementor-section-height-default elementor-section-height-default\" data-id=\"ad4e665\" data-element_type=\"section\">\n\t\t\t\t\t\t<div class=\"elementor-container elementor-column-gap-default\">\n\t\t\t\t\t\t\t<div class=\"elementor-row\">\n\t\t\t\t\t<div class=\"elementor-column elementor-col-33 elementor-inner-column elementor-element elementor-element-c0048d1\" data-id=\"c0048d1\" data-element_type=\"column\">\n\t\t\t<div class=\"elementor-column-wrap elementor-element-populated\">\n\t\t\t\t\t\t\t<div class=\"elementor-widget-wrap\">\n\t\t\t\t\t\t<div class=\"elementor-element elementor-element-5958d25 elementor-widget elementor-widget-shortcode\" data-id=\"5958d25\" data-element_type=\"widget\" data-widget_type=\"shortcode.default\">\n\t\t\t\t<div class=\"elementor-widget-container\">\n\t\t\t\t\t<div class=\"elementor-shortcode\"><div class=\"stage-wrapper\" style=\"overflow:hidden;margin-left:-40px;\"><div id=\"Stage\" class=\"EDGE-1823217\"  data-first='true'  data-second='true'  data-third='true' ><\/div><\/div><\/div>\n\t\t\t\t<\/div>\n\t\t\t\t<\/div>\n\t\t\t\t<div class=\"elementor-element elementor-element-8c62984 elementor-widget elementor-widget-text-editor\" data-id=\"8c62984\" data-element_type=\"widget\" data-widget_type=\"text-editor.default\">\n\t\t\t\t<div class=\"elementor-widget-container\">\n\t\t\t\t\t<div class=\"elementor-text-editor elementor-clearfix\"><h4>Une chaise<br \/>ergonomique classique<\/h4><p>Etre passivement assis sur le si\u00e8ge fixe d&rsquo;une chaise ergonomique provoque des maux de dos. La douleur appara\u00eet dans les parties faibles de la colonne vert\u00e9brale et est due \u00e0 l&rsquo;augmentation de la pression sur les disques intervert\u00e9braux et\/ou des articulations.<\/p><h4>MAL AU DOS<\/h4><\/div>\n\t\t\t\t<\/div>\n\t\t\t\t<\/div>\n\t\t\t\t\t\t<\/div>\n\t\t\t\t\t<\/div>\n\t\t<\/div>\n\t\t\t\t<div class=\"elementor-column elementor-col-33 elementor-inner-column elementor-element elementor-element-a38f89c\" data-id=\"a38f89c\" data-element_type=\"column\">\n\t\t\t<div class=\"elementor-column-wrap elementor-element-populated\">\n\t\t\t\t\t\t\t<div class=\"elementor-widget-wrap\">\n\t\t\t\t\t\t<div class=\"elementor-element elementor-element-b149d14 elementor-widget elementor-widget-shortcode\" data-id=\"b149d14\" data-element_type=\"widget\" data-widget_type=\"shortcode.default\">\n\t\t\t\t<div class=\"elementor-widget-container\">\n\t\t\t\t\t<div class=\"elementor-shortcode\"><div class=\"stage-1-wrapper\" style=\"overflow:hidden;margin-left:-40px;\"><div id=\"Stage-1\" style=\"margin-left:-300px;position: relative; transform: translateZ(0px); width: 952px; height: 385px; overflow: hidden;\"><\/div><\/div><\/div>\n\t\t\t\t<\/div>\n\t\t\t\t<\/div>\n\t\t\t\t<div class=\"elementor-element elementor-element-dfff75b elementor-widget elementor-widget-text-editor\" data-id=\"dfff75b\" data-element_type=\"widget\" data-widget_type=\"text-editor.default\">\n\t\t\t\t<div class=\"elementor-widget-container\">\n\t\t\t\t\t<div class=\"elementor-text-editor elementor-clearfix\"><h4>Le ballon orthop\u00e9dique<\/h4><p>Depuis longtemps d\u00e9j\u00e0 le ballon orthop\u00e9dique est conseill\u00e9 par les m\u00e9decins aux personnes souffrant d&rsquo;une colonne vert\u00e9brale douloureuse. Egalement tr\u00e8s indiqu\u00e9 pour les enfants, car le ballon les force \u00e0 \u00eatre activement assis, ce qui r\u00e9sulte en une tenue correcte favorisant la fortification des muscles dorsaux et abdominaux.<\/p><h4>PROT\u00c8GE LA SANT\u00c9<\/h4><\/div>\n\t\t\t\t<\/div>\n\t\t\t\t<\/div>\n\t\t\t\t\t\t<\/div>\n\t\t\t\t\t<\/div>\n\t\t<\/div>\n\t\t\t\t<div class=\"elementor-column elementor-col-33 elementor-inner-column elementor-element elementor-element-be8ccba\" data-id=\"be8ccba\" data-element_type=\"column\">\n\t\t\t<div class=\"elementor-column-wrap elementor-element-populated\">\n\t\t\t\t\t\t\t<div class=\"elementor-widget-wrap\">\n\t\t\t\t\t\t<div class=\"elementor-element elementor-element-ca52bdf elementor-widget elementor-widget-shortcode\" data-id=\"ca52bdf\" data-element_type=\"widget\" data-widget_type=\"shortcode.default\">\n\t\t\t\t<div class=\"elementor-widget-container\">\n\t\t\t\t\t<div class=\"elementor-shortcode\"><div class=\"stage-2-wrapper\" style=\"overflow:hidden;margin-left:-40px;\"><div id=\"Stage-2\" style=\"margin-left:-600px;position: relative; transform: translateZ(0px); width: 952px; height: 385px; overflow: hidden;\"><\/div><\/div><\/div>\n\t\t\t\t<\/div>\n\t\t\t\t<\/div>\n\t\t\t\t<div class=\"elementor-element elementor-element-28f8491 elementor-widget elementor-widget-text-editor\" data-id=\"28f8491\" data-element_type=\"widget\" data-widget_type=\"text-editor.default\">\n\t\t\t\t<div class=\"elementor-widget-container\">\n\t\t\t\t\t<div class=\"elementor-text-editor elementor-clearfix\"><h4>SpinaliS<\/h4><p>Etre activement assis sur une chaise SpinaliS ressemble \u00e0 \u00eatre assis sur un ballon orthop\u00e9dique, fortifiant ainsi les muscles dorsaux et abdominaux. M\u00e9thode pr\u00e9ventive id\u00e9ale pour les colonnes vert\u00e9brales douloureuses.<\/p><h4>PROT\u00c8GE LA SANT\u00c9<\/h4><\/div>\n\t\t\t\t<\/div>\n\t\t\t\t<\/div>\n\t\t\t\t\t\t<\/div>\n\t\t\t\t\t<\/div>\n\t\t<\/div>\n\t\t\t\t\t\t\t\t<\/div>\n\t\t\t\t\t<\/div>\n\t\t<\/section>\n\t\t\t\t\t\t<\/div>\n\t\t\t\t\t<\/div>\n\t\t<\/div>\n\t\t\t\t\t\t\t\t<\/div>\n\t\t\t\t\t<\/div>\n\t\t<\/section>\n\t\t\t\t\t\t<\/div>\n\t\t\t\t\t\t<\/div>\n\t\t\t\t\t<\/div>\n\t\t","protected":false},"excerpt":{"rendered":"<p>Une chaiseergonomique classique Etre passivement assis sur le si\u00e8ge fixe d&rsquo;une chaise ergonomique provoque des maux de dos. La douleur [&hellip;]<\/p>\n","protected":false},"author":1,"featured_media":0,"parent":0,"menu_order":0,"comment_status":"closed","ping_status":"closed","template":"","meta":{"ngg_post_thumbnail":0,"footnotes":""},"class_list":["post-459","page","type-page","status-publish","hentry"],"yoast_head":"<!-- This site is optimized with the Yoast SEO plugin v25.6 - https:\/\/yoast.com\/wordpress\/plugins\/seo\/ -->\n<title>Comparez la fa\u00e7on dont vous \u00eates assis - Livwell<\/title>\n<meta name=\"robots\" content=\"index, follow, max-snippet:-1, max-image-preview:large, max-video-preview:-1\" \/>\n<link rel=\"canonical\" href=\"https:\/\/livwell.be\/fr\/comparez-la-facon-dont-vous-etes-assis\/\" \/>\n<meta property=\"og:locale\" content=\"fr_FR\" \/>\n<meta property=\"og:type\" content=\"article\" \/>\n<meta property=\"og:title\" content=\"Comparez la fa\u00e7on dont vous \u00eates assis - Livwell\" \/>\n<meta property=\"og:description\" content=\"Une chaiseergonomique classique Etre passivement assis sur le si\u00e8ge fixe d&rsquo;une chaise ergonomique provoque des maux de dos. La douleur [&hellip;]\" \/>\n<meta property=\"og:url\" content=\"https:\/\/livwell.be\/fr\/comparez-la-facon-dont-vous-etes-assis\/\" \/>\n<meta property=\"og:site_name\" content=\"Livwell\" \/>\n<meta property=\"article:publisher\" content=\"https:\/\/www.facebook.com\/Spinalis-Livwell-301461319996581\/\" \/>\n<meta property=\"article:modified_time\" content=\"2018-05-22T14:26:53+00:00\" \/>\n<meta name=\"twitter:card\" content=\"summary_large_image\" \/>\n<meta name=\"twitter:label1\" content=\"Dur\u00e9e de lecture estim\u00e9e\" \/>\n\t<meta name=\"twitter:data1\" content=\"1 minute\" \/>\n<script type=\"application\/ld+json\" class=\"yoast-schema-graph\">{\"@context\":\"https:\/\/schema.org\",\"@graph\":[{\"@type\":\"WebPage\",\"@id\":\"https:\/\/livwell.be\/fr\/comparez-la-facon-dont-vous-etes-assis\/\",\"url\":\"https:\/\/livwell.be\/fr\/comparez-la-facon-dont-vous-etes-assis\/\",\"name\":\"Comparez la fa\u00e7on dont vous \u00eates assis - Livwell\",\"isPartOf\":{\"@id\":\"https:\/\/livwell.be\/fr\/#website\"},\"datePublished\":\"2018-04-16T13:17:35+00:00\",\"dateModified\":\"2018-05-22T14:26:53+00:00\",\"breadcrumb\":{\"@id\":\"https:\/\/livwell.be\/fr\/comparez-la-facon-dont-vous-etes-assis\/#breadcrumb\"},\"inLanguage\":\"fr-FR\",\"potentialAction\":[{\"@type\":\"ReadAction\",\"target\":[\"https:\/\/livwell.be\/fr\/comparez-la-facon-dont-vous-etes-assis\/\"]}]},{\"@type\":\"BreadcrumbList\",\"@id\":\"https:\/\/livwell.be\/fr\/comparez-la-facon-dont-vous-etes-assis\/#breadcrumb\",\"itemListElement\":[{\"@type\":\"ListItem\",\"position\":1,\"name\":\"Home\",\"item\":\"https:\/\/livwell.be\/fr\/\"},{\"@type\":\"ListItem\",\"position\":2,\"name\":\"Comparez la fa\u00e7on dont vous \u00eates assis\"}]},{\"@type\":\"WebSite\",\"@id\":\"https:\/\/livwell.be\/fr\/#website\",\"url\":\"https:\/\/livwell.be\/fr\/\",\"name\":\"Livwell\",\"description\":\"\",\"publisher\":{\"@id\":\"https:\/\/livwell.be\/fr\/#organization\"},\"potentialAction\":[{\"@type\":\"SearchAction\",\"target\":{\"@type\":\"EntryPoint\",\"urlTemplate\":\"https:\/\/livwell.be\/fr\/?s={search_term_string}\"},\"query-input\":{\"@type\":\"PropertyValueSpecification\",\"valueRequired\":true,\"valueName\":\"search_term_string\"}}],\"inLanguage\":\"fr-FR\"},{\"@type\":\"Organization\",\"@id\":\"https:\/\/livwell.be\/fr\/#organization\",\"name\":\"Livwell\",\"url\":\"https:\/\/livwell.be\/fr\/\",\"logo\":{\"@type\":\"ImageObject\",\"inLanguage\":\"fr-FR\",\"@id\":\"https:\/\/livwell.be\/fr\/#\/schema\/logo\/image\/\",\"url\":\"https:\/\/livwell.be\/wp-content\/uploads\/2019\/05\/livwell-logo.png\",\"contentUrl\":\"https:\/\/livwell.be\/wp-content\/uploads\/2019\/05\/livwell-logo.png\",\"width\":101,\"height\":105,\"caption\":\"Livwell\"},\"image\":{\"@id\":\"https:\/\/livwell.be\/fr\/#\/schema\/logo\/image\/\"},\"sameAs\":[\"https:\/\/www.facebook.com\/Spinalis-Livwell-301461319996581\/\",\"https:\/\/www.instagram.com\/livwell001\/\"]}]}<\/script>\n<!-- \/ Yoast SEO plugin. -->","yoast_head_json":{"title":"Comparez la fa\u00e7on dont vous \u00eates assis - Livwell","robots":{"index":"index","follow":"follow","max-snippet":"max-snippet:-1","max-image-preview":"max-image-preview:large","max-video-preview":"max-video-preview:-1"},"canonical":"https:\/\/livwell.be\/fr\/comparez-la-facon-dont-vous-etes-assis\/","og_locale":"fr_FR","og_type":"article","og_title":"Comparez la fa\u00e7on dont vous \u00eates assis - Livwell","og_description":"Une chaiseergonomique classique Etre passivement assis sur le si\u00e8ge fixe d&rsquo;une chaise ergonomique provoque des maux de dos. La douleur [&hellip;]","og_url":"https:\/\/livwell.be\/fr\/comparez-la-facon-dont-vous-etes-assis\/","og_site_name":"Livwell","article_publisher":"https:\/\/www.facebook.com\/Spinalis-Livwell-301461319996581\/","article_modified_time":"2018-05-22T14:26:53+00:00","twitter_card":"summary_large_image","twitter_misc":{"Dur\u00e9e de lecture estim\u00e9e":"1 minute"},"schema":{"@context":"https:\/\/schema.org","@graph":[{"@type":"WebPage","@id":"https:\/\/livwell.be\/fr\/comparez-la-facon-dont-vous-etes-assis\/","url":"https:\/\/livwell.be\/fr\/comparez-la-facon-dont-vous-etes-assis\/","name":"Comparez la fa\u00e7on dont vous \u00eates assis - Livwell","isPartOf":{"@id":"https:\/\/livwell.be\/fr\/#website"},"datePublished":"2018-04-16T13:17:35+00:00","dateModified":"2018-05-22T14:26:53+00:00","breadcrumb":{"@id":"https:\/\/livwell.be\/fr\/comparez-la-facon-dont-vous-etes-assis\/#breadcrumb"},"inLanguage":"fr-FR","potentialAction":[{"@type":"ReadAction","target":["https:\/\/livwell.be\/fr\/comparez-la-facon-dont-vous-etes-assis\/"]}]},{"@type":"BreadcrumbList","@id":"https:\/\/livwell.be\/fr\/comparez-la-facon-dont-vous-etes-assis\/#breadcrumb","itemListElement":[{"@type":"ListItem","position":1,"name":"Home","item":"https:\/\/livwell.be\/fr\/"},{"@type":"ListItem","position":2,"name":"Comparez la fa\u00e7on dont vous \u00eates assis"}]},{"@type":"WebSite","@id":"https:\/\/livwell.be\/fr\/#website","url":"https:\/\/livwell.be\/fr\/","name":"Livwell","description":"","publisher":{"@id":"https:\/\/livwell.be\/fr\/#organization"},"potentialAction":[{"@type":"SearchAction","target":{"@type":"EntryPoint","urlTemplate":"https:\/\/livwell.be\/fr\/?s={search_term_string}"},"query-input":{"@type":"PropertyValueSpecification","valueRequired":true,"valueName":"search_term_string"}}],"inLanguage":"fr-FR"},{"@type":"Organization","@id":"https:\/\/livwell.be\/fr\/#organization","name":"Livwell","url":"https:\/\/livwell.be\/fr\/","logo":{"@type":"ImageObject","inLanguage":"fr-FR","@id":"https:\/\/livwell.be\/fr\/#\/schema\/logo\/image\/","url":"https:\/\/livwell.be\/wp-content\/uploads\/2019\/05\/livwell-logo.png","contentUrl":"https:\/\/livwell.be\/wp-content\/uploads\/2019\/05\/livwell-logo.png","width":101,"height":105,"caption":"Livwell"},"image":{"@id":"https:\/\/livwell.be\/fr\/#\/schema\/logo\/image\/"},"sameAs":["https:\/\/www.facebook.com\/Spinalis-Livwell-301461319996581\/","https:\/\/www.instagram.com\/livwell001\/"]}]}},"_links":{"self":[{"href":"https:\/\/livwell.be\/fr\/wp-json\/wp\/v2\/pages\/459","targetHints":{"allow":["GET"]}}],"collection":[{"href":"https:\/\/livwell.be\/fr\/wp-json\/wp\/v2\/pages"}],"about":[{"href":"https:\/\/livwell.be\/fr\/wp-json\/wp\/v2\/types\/page"}],"author":[{"embeddable":true,"href":"https:\/\/livwell.be\/fr\/wp-json\/wp\/v2\/users\/1"}],"replies":[{"embeddable":true,"href":"https:\/\/livwell.be\/fr\/wp-json\/wp\/v2\/comments?post=459"}],"version-history":[{"count":9,"href":"https:\/\/livwell.be\/fr\/wp-json\/wp\/v2\/pages\/459\/revisions"}],"predecessor-version":[{"id":1762,"href":"https:\/\/livwell.be\/fr\/wp-json\/wp\/v2\/pages\/459\/revisions\/1762"}],"wp:attachment":[{"href":"https:\/\/livwell.be\/fr\/wp-json\/wp\/v2\/media?parent=459"}],"curies":[{"name":"wp","href":"https:\/\/api.w.org\/{rel}","templated":true}]}}