
{"id":531,"date":"2018-04-23T09:12:48","date_gmt":"2018-04-23T09:12:48","guid":{"rendered":"https:\/\/livwell.be\/?page_id=531"},"modified":"2018-05-22T13:41:02","modified_gmt":"2018-05-22T13:41:02","slug":"conditions-generales-de-vente","status":"publish","type":"page","link":"https:\/\/livwell.be\/fr\/conditions-generales-de-vente\/","title":{"rendered":"Conditions g\u00e9n\u00e9rales de vente"},"content":{"rendered":"<p>Notre soci\u00e8t\u00e8 est situ\u00e8 en Flandres.<br \/>\nVous trouvez nos conditions g\u00e9n\u00e9rales en N\u00e9erlandais ci-dessous.<\/p>\n<p>Si vous avez des questions, n\u2019h\u00e9sitez pas de nous contacter. \u00a0Nous vous r\u00e9pondons avec plaisir.<\/p>\n<h2>ALGEMENE VERKOOPSVOORWAARDEN<\/h2>\n<p>Tenzij uitdrukkelijke afwijking, zijn onze facturen contant betaalbaar, netto, zonder korting en zonder om het even welke afhouding. Iedere factuur die niet binnen de gestelde termijn betaald wordt zal onmiddellijk een verwijlintrest opbrengen van 12%. Deze intrest zal automatisch verschuldigd zijn, zonder voorafgaande aanmaning en dit in uitdrukkelijke afwijking van artikel 1054 van het Burgerlijk Wetboek. Tot dekking van de administratieve, financi\u00eble en organisatorische kosten veroorzaakt door de laattijdigheid der betaling zal de koper bovendien een forfaitaire verhoging verschuldigd zijn van 10% van het bedrag der factuur, met een minimum van 30,00 euro per factuur. Deze bepaling geldt als dading tussen de partijen.<br \/>\nWij behouden ons het recht voor, verdere leveringen Ie schorsen, wanneer de-koper vorige facturen niet regelmatig betaald zou hebben. Geen enkele klacht aangaande dee kwaliteit en de hoeveelheid der goederen wordt nog aanvaard 48 uren na ontvangst.<br \/>\nAl onze commerci\u00eble overeenkomsten worden geacht te zijn afgesloten in onze burelen, waarvan het adres voorkomt op deze factuur. Al onze zendingen gebeuren voor rekening en risico van de bestemmeling.<br \/>\nDe handelszaak Livwell bvba behoudt de eigendomsrechten der goederen tot na volledige betaling van deze laatste . Alleen door het feit dat hij met ons een contract sluit, betuigt de klant zijn instemming, zonder enig voorbehoud met deze algemene verkoopsvoorwaarden, met uitsluiting van zijn eigen algemene voorwaarden.<br \/>\nLivwell bvba behoudt zich ten allen tijde het recht voor de minimale besteleenheid te leveren, bij afwijking hiervan op de bestelbon van de klant.<br \/>\nLivwell bvba aanvaardt geen enkele schadevergoeding geeist door de klant, vanwege foutieve le vering of vanwege beschadigde goederen.<br \/>\nIn geval van betwisting zijn alleen de rechtbanken van de plaats van onze bedrijfszetel bevoegd.<\/p>\n","protected":false},"excerpt":{"rendered":"<p>Notre soci\u00e8t\u00e8 est situ\u00e8 en Flandres. Vous trouvez nos conditions g\u00e9n\u00e9rales en N\u00e9erlandais ci-dessous. Si vous avez des questions, n\u2019h\u00e9sitez [&hellip;]<\/p>\n","protected":false},"author":1,"featured_media":0,"parent":0,"menu_order":0,"comment_status":"closed","ping_status":"closed","template":"","meta":{"ngg_post_thumbnail":0,"footnotes":""},"class_list":["post-531","page","type-page","status-publish","hentry"],"yoast_head":"<!-- This site is optimized with the Yoast SEO plugin v25.6 - https:\/\/yoast.com\/wordpress\/plugins\/seo\/ -->\n<title>Conditions g\u00e9n\u00e9rales de vente - Livwell<\/title>\n<meta name=\"robots\" content=\"index, follow, max-snippet:-1, max-image-preview:large, max-video-preview:-1\" \/>\n<link rel=\"canonical\" href=\"https:\/\/livwell.be\/fr\/conditions-generales-de-vente\/\" \/>\n<meta property=\"og:locale\" content=\"fr_FR\" \/>\n<meta property=\"og:type\" content=\"article\" \/>\n<meta property=\"og:title\" content=\"Conditions g\u00e9n\u00e9rales de vente - Livwell\" \/>\n<meta property=\"og:description\" content=\"Notre soci\u00e8t\u00e8 est situ\u00e8 en Flandres. Vous trouvez nos conditions g\u00e9n\u00e9rales en N\u00e9erlandais ci-dessous. Si vous avez des questions, n\u2019h\u00e9sitez [&hellip;]\" \/>\n<meta property=\"og:url\" content=\"https:\/\/livwell.be\/fr\/conditions-generales-de-vente\/\" \/>\n<meta property=\"og:site_name\" content=\"Livwell\" \/>\n<meta property=\"article:publisher\" content=\"https:\/\/www.facebook.com\/Spinalis-Livwell-301461319996581\/\" \/>\n<meta property=\"article:modified_time\" content=\"2018-05-22T13:41:02+00:00\" \/>\n<meta name=\"twitter:card\" content=\"summary_large_image\" \/>\n<meta name=\"twitter:label1\" content=\"Dur\u00e9e de lecture estim\u00e9e\" \/>\n\t<meta name=\"twitter:data1\" content=\"2 minutes\" \/>\n<script type=\"application\/ld+json\" class=\"yoast-schema-graph\">{\"@context\":\"https:\/\/schema.org\",\"@graph\":[{\"@type\":\"WebPage\",\"@id\":\"https:\/\/livwell.be\/fr\/conditions-generales-de-vente\/\",\"url\":\"https:\/\/livwell.be\/fr\/conditions-generales-de-vente\/\",\"name\":\"Conditions g\u00e9n\u00e9rales de vente - Livwell\",\"isPartOf\":{\"@id\":\"https:\/\/livwell.be\/fr\/#website\"},\"datePublished\":\"2018-04-23T09:12:48+00:00\",\"dateModified\":\"2018-05-22T13:41:02+00:00\",\"breadcrumb\":{\"@id\":\"https:\/\/livwell.be\/fr\/conditions-generales-de-vente\/#breadcrumb\"},\"inLanguage\":\"fr-FR\",\"potentialAction\":[{\"@type\":\"ReadAction\",\"target\":[\"https:\/\/livwell.be\/fr\/conditions-generales-de-vente\/\"]}]},{\"@type\":\"BreadcrumbList\",\"@id\":\"https:\/\/livwell.be\/fr\/conditions-generales-de-vente\/#breadcrumb\",\"itemListElement\":[{\"@type\":\"ListItem\",\"position\":1,\"name\":\"Home\",\"item\":\"https:\/\/livwell.be\/fr\/\"},{\"@type\":\"ListItem\",\"position\":2,\"name\":\"Conditions g\u00e9n\u00e9rales de vente\"}]},{\"@type\":\"WebSite\",\"@id\":\"https:\/\/livwell.be\/fr\/#website\",\"url\":\"https:\/\/livwell.be\/fr\/\",\"name\":\"Livwell\",\"description\":\"\",\"publisher\":{\"@id\":\"https:\/\/livwell.be\/fr\/#organization\"},\"potentialAction\":[{\"@type\":\"SearchAction\",\"target\":{\"@type\":\"EntryPoint\",\"urlTemplate\":\"https:\/\/livwell.be\/fr\/?s={search_term_string}\"},\"query-input\":{\"@type\":\"PropertyValueSpecification\",\"valueRequired\":true,\"valueName\":\"search_term_string\"}}],\"inLanguage\":\"fr-FR\"},{\"@type\":\"Organization\",\"@id\":\"https:\/\/livwell.be\/fr\/#organization\",\"name\":\"Livwell\",\"url\":\"https:\/\/livwell.be\/fr\/\",\"logo\":{\"@type\":\"ImageObject\",\"inLanguage\":\"fr-FR\",\"@id\":\"https:\/\/livwell.be\/fr\/#\/schema\/logo\/image\/\",\"url\":\"https:\/\/livwell.be\/wp-content\/uploads\/2019\/05\/livwell-logo.png\",\"contentUrl\":\"https:\/\/livwell.be\/wp-content\/uploads\/2019\/05\/livwell-logo.png\",\"width\":101,\"height\":105,\"caption\":\"Livwell\"},\"image\":{\"@id\":\"https:\/\/livwell.be\/fr\/#\/schema\/logo\/image\/\"},\"sameAs\":[\"https:\/\/www.facebook.com\/Spinalis-Livwell-301461319996581\/\",\"https:\/\/www.instagram.com\/livwell001\/\"]}]}<\/script>\n<!-- \/ Yoast SEO plugin. -->","yoast_head_json":{"title":"Conditions g\u00e9n\u00e9rales de vente - Livwell","robots":{"index":"index","follow":"follow","max-snippet":"max-snippet:-1","max-image-preview":"max-image-preview:large","max-video-preview":"max-video-preview:-1"},"canonical":"https:\/\/livwell.be\/fr\/conditions-generales-de-vente\/","og_locale":"fr_FR","og_type":"article","og_title":"Conditions g\u00e9n\u00e9rales de vente - Livwell","og_description":"Notre soci\u00e8t\u00e8 est situ\u00e8 en Flandres. Vous trouvez nos conditions g\u00e9n\u00e9rales en N\u00e9erlandais ci-dessous. Si vous avez des questions, n\u2019h\u00e9sitez [&hellip;]","og_url":"https:\/\/livwell.be\/fr\/conditions-generales-de-vente\/","og_site_name":"Livwell","article_publisher":"https:\/\/www.facebook.com\/Spinalis-Livwell-301461319996581\/","article_modified_time":"2018-05-22T13:41:02+00:00","twitter_card":"summary_large_image","twitter_misc":{"Dur\u00e9e de lecture estim\u00e9e":"2 minutes"},"schema":{"@context":"https:\/\/schema.org","@graph":[{"@type":"WebPage","@id":"https:\/\/livwell.be\/fr\/conditions-generales-de-vente\/","url":"https:\/\/livwell.be\/fr\/conditions-generales-de-vente\/","name":"Conditions g\u00e9n\u00e9rales de vente - Livwell","isPartOf":{"@id":"https:\/\/livwell.be\/fr\/#website"},"datePublished":"2018-04-23T09:12:48+00:00","dateModified":"2018-05-22T13:41:02+00:00","breadcrumb":{"@id":"https:\/\/livwell.be\/fr\/conditions-generales-de-vente\/#breadcrumb"},"inLanguage":"fr-FR","potentialAction":[{"@type":"ReadAction","target":["https:\/\/livwell.be\/fr\/conditions-generales-de-vente\/"]}]},{"@type":"BreadcrumbList","@id":"https:\/\/livwell.be\/fr\/conditions-generales-de-vente\/#breadcrumb","itemListElement":[{"@type":"ListItem","position":1,"name":"Home","item":"https:\/\/livwell.be\/fr\/"},{"@type":"ListItem","position":2,"name":"Conditions g\u00e9n\u00e9rales de vente"}]},{"@type":"WebSite","@id":"https:\/\/livwell.be\/fr\/#website","url":"https:\/\/livwell.be\/fr\/","name":"Livwell","description":"","publisher":{"@id":"https:\/\/livwell.be\/fr\/#organization"},"potentialAction":[{"@type":"SearchAction","target":{"@type":"EntryPoint","urlTemplate":"https:\/\/livwell.be\/fr\/?s={search_term_string}"},"query-input":{"@type":"PropertyValueSpecification","valueRequired":true,"valueName":"search_term_string"}}],"inLanguage":"fr-FR"},{"@type":"Organization","@id":"https:\/\/livwell.be\/fr\/#organization","name":"Livwell","url":"https:\/\/livwell.be\/fr\/","logo":{"@type":"ImageObject","inLanguage":"fr-FR","@id":"https:\/\/livwell.be\/fr\/#\/schema\/logo\/image\/","url":"https:\/\/livwell.be\/wp-content\/uploads\/2019\/05\/livwell-logo.png","contentUrl":"https:\/\/livwell.be\/wp-content\/uploads\/2019\/05\/livwell-logo.png","width":101,"height":105,"caption":"Livwell"},"image":{"@id":"https:\/\/livwell.be\/fr\/#\/schema\/logo\/image\/"},"sameAs":["https:\/\/www.facebook.com\/Spinalis-Livwell-301461319996581\/","https:\/\/www.instagram.com\/livwell001\/"]}]}},"_links":{"self":[{"href":"https:\/\/livwell.be\/fr\/wp-json\/wp\/v2\/pages\/531","targetHints":{"allow":["GET"]}}],"collection":[{"href":"https:\/\/livwell.be\/fr\/wp-json\/wp\/v2\/pages"}],"about":[{"href":"https:\/\/livwell.be\/fr\/wp-json\/wp\/v2\/types\/page"}],"author":[{"embeddable":true,"href":"https:\/\/livwell.be\/fr\/wp-json\/wp\/v2\/users\/1"}],"replies":[{"embeddable":true,"href":"https:\/\/livwell.be\/fr\/wp-json\/wp\/v2\/comments?post=531"}],"version-history":[{"count":3,"href":"https:\/\/livwell.be\/fr\/wp-json\/wp\/v2\/pages\/531\/revisions"}],"predecessor-version":[{"id":1738,"href":"https:\/\/livwell.be\/fr\/wp-json\/wp\/v2\/pages\/531\/revisions\/1738"}],"wp:attachment":[{"href":"https:\/\/livwell.be\/fr\/wp-json\/wp\/v2\/media?parent=531"}],"curies":[{"name":"wp","href":"https:\/\/api.w.org\/{rel}","templated":true}]}}