
{"id":53233,"date":"2023-10-27T08:14:12","date_gmt":"2023-10-27T06:14:12","guid":{"rendered":"https:\/\/livwell.be\/maatwerk-new\/"},"modified":"2023-11-22T11:30:53","modified_gmt":"2023-11-22T10:30:53","slug":"travail-sur-mesure","status":"publish","type":"page","link":"https:\/\/livwell.be\/fr\/travail-sur-mesure\/","title":{"rendered":"Travail Sur Mesure"},"content":{"rendered":"\t\t<div data-elementor-type=\"wp-page\" data-elementor-id=\"53233\" class=\"elementor elementor-53233 elementor-53172\" data-elementor-settings=\"[]\">\n\t\t\t\t\t\t<div class=\"elementor-inner\">\n\t\t\t\t\t\t\t<div class=\"elementor-section-wrap\">\n\t\t\t\t\t\t\t<section class=\"elementor-section elementor-top-section elementor-element elementor-element-faf3f21 maatwerk-top elementor-section-boxed elementor-section-height-default elementor-section-height-default\" data-id=\"faf3f21\" data-element_type=\"section\">\n\t\t\t\t\t\t<div class=\"elementor-container elementor-column-gap-default\">\n\t\t\t\t\t\t\t<div class=\"elementor-row\">\n\t\t\t\t\t<div class=\"elementor-column elementor-col-100 elementor-top-column elementor-element elementor-element-af7b8b9\" data-id=\"af7b8b9\" data-element_type=\"column\">\n\t\t\t<div class=\"elementor-column-wrap elementor-element-populated\">\n\t\t\t\t\t\t\t<div class=\"elementor-widget-wrap\">\n\t\t\t\t\t\t<section class=\"elementor-section elementor-inner-section elementor-element elementor-element-6cd0307 elementor-section-boxed elementor-section-height-default elementor-section-height-default\" data-id=\"6cd0307\" data-element_type=\"section\">\n\t\t\t\t\t\t<div class=\"elementor-container elementor-column-gap-default\">\n\t\t\t\t\t\t\t<div class=\"elementor-row\">\n\t\t\t\t\t<div class=\"elementor-column elementor-col-100 elementor-inner-column elementor-element elementor-element-78c1a97\" data-id=\"78c1a97\" data-element_type=\"column\">\n\t\t\t<div class=\"elementor-column-wrap elementor-element-populated\">\n\t\t\t\t\t\t\t<div class=\"elementor-widget-wrap\">\n\t\t\t\t\t\t<div class=\"elementor-element elementor-element-c73f818 elementor-widget elementor-widget-text-editor\" data-id=\"c73f818\" data-element_type=\"widget\" data-widget_type=\"text-editor.default\">\n\t\t\t\t<div class=\"elementor-widget-container\">\n\t\t\t\t\t<div class=\"elementor-text-editor elementor-clearfix\"><p style=\"text-align: center;\">Livwell bvba et SpinaliS ont pour objectif d\u2019am\u00e9liorer votre confort de vie et votre ergonomie.<br \/>Nous vivons et travaillons tous de mani\u00e8re trop statique et nous bougeons trop peu. Livwell veut vous aider \u00e0 y rem\u00e9dier.<br \/>Nous essayons de vous maintenir physiquement en bonne sant\u00e9. Nous proposons des solutions pour am\u00e9liorer votre mal de dos, votre mal de nuque et votre stabilit\u00e9 de base. En d\u2019autres termes, nous voulons vous maintenir en forme et plein de vitalit\u00e9.<br \/>Nos chaises et notre mobilier veillent \u00e0 cela.<\/p><\/div>\n\t\t\t\t<\/div>\n\t\t\t\t<\/div>\n\t\t\t\t\t\t<\/div>\n\t\t\t\t\t<\/div>\n\t\t<\/div>\n\t\t\t\t\t\t\t\t<\/div>\n\t\t\t\t\t<\/div>\n\t\t<\/section>\n\t\t\t\t<section class=\"elementor-section elementor-inner-section elementor-element elementor-element-76feb84 maatwerk-text elementor-section-boxed elementor-section-height-default elementor-section-height-default\" data-id=\"76feb84\" data-element_type=\"section\">\n\t\t\t\t\t\t<div class=\"elementor-container elementor-column-gap-default\">\n\t\t\t\t\t\t\t<div class=\"elementor-row\">\n\t\t\t\t\t<div class=\"elementor-column elementor-col-100 elementor-inner-column elementor-element elementor-element-c9937d7\" data-id=\"c9937d7\" data-element_type=\"column\">\n\t\t\t<div class=\"elementor-column-wrap elementor-element-populated\">\n\t\t\t\t\t\t\t<div class=\"elementor-widget-wrap\">\n\t\t\t\t\t\t<div class=\"elementor-element elementor-element-dd1430c elementor-widget elementor-widget-text-editor\" data-id=\"dd1430c\" data-element_type=\"widget\" data-widget_type=\"text-editor.default\">\n\t\t\t\t<div class=\"elementor-widget-container\">\n\t\t\t\t\t<div class=\"elementor-text-editor elementor-clearfix\"><h2>Travail sur mesure<\/h2><p>Mais nous pouvons aller plus loin encore. De nombreuses personnes ont besoin d\u2019adaptations sp\u00e9cifiques \u00e0 leur chaise ou mobilier. Nous y travaillons \u00e9galement. Nous pouvons adapter nos chaises et bureaux \u00e0 vos besoins et \u00e0 votre ergonomie.<\/p><\/div>\n\t\t\t\t<\/div>\n\t\t\t\t<\/div>\n\t\t\t\t\t\t<\/div>\n\t\t\t\t\t<\/div>\n\t\t<\/div>\n\t\t\t\t\t\t\t\t<\/div>\n\t\t\t\t\t<\/div>\n\t\t<\/section>\n\t\t\t\t\t\t<\/div>\n\t\t\t\t\t<\/div>\n\t\t<\/div>\n\t\t\t\t\t\t\t\t<\/div>\n\t\t\t\t\t<\/div>\n\t\t<\/section>\n\t\t\t\t<section class=\"elementor-section elementor-top-section elementor-element elementor-element-9ea5748 maatwerk-grid elementor-section-boxed elementor-section-height-default elementor-section-height-default\" data-id=\"9ea5748\" data-element_type=\"section\">\n\t\t\t\t\t\t<div class=\"elementor-container elementor-column-gap-default\">\n\t\t\t\t\t\t\t<div class=\"elementor-row\">\n\t\t\t\t\t<div class=\"elementor-column elementor-col-100 elementor-top-column elementor-element elementor-element-fb072fa\" data-id=\"fb072fa\" data-element_type=\"column\">\n\t\t\t<div class=\"elementor-column-wrap elementor-element-populated\">\n\t\t\t\t\t\t\t<div class=\"elementor-widget-wrap\">\n\t\t\t\t\t\t<section class=\"elementor-section elementor-inner-section elementor-element elementor-element-a852779 elementor-section-boxed elementor-section-height-default elementor-section-height-default\" data-id=\"a852779\" data-element_type=\"section\">\n\t\t\t\t\t\t<div class=\"elementor-container elementor-column-gap-default\">\n\t\t\t\t\t\t\t<div class=\"elementor-row\">\n\t\t\t\t\t<div class=\"elementor-column elementor-col-100 elementor-inner-column elementor-element elementor-element-d365e4f\" data-id=\"d365e4f\" data-element_type=\"column\">\n\t\t\t<div class=\"elementor-column-wrap elementor-element-populated\">\n\t\t\t\t\t\t\t<div class=\"elementor-widget-wrap\">\n\t\t\t\t\t\t<div class=\"elementor-element elementor-element-d7f94b8 elementor-widget elementor-widget-heading\" data-id=\"d7f94b8\" data-element_type=\"widget\" data-widget_type=\"heading.default\">\n\t\t\t\t<div class=\"elementor-widget-container\">\n\t\t\t<h2 class=\"elementor-heading-title elementor-size-default\">Quelques exemples<\/h2>\t\t<\/div>\n\t\t\t\t<\/div>\n\t\t\t\t\t\t<\/div>\n\t\t\t\t\t<\/div>\n\t\t<\/div>\n\t\t\t\t\t\t\t\t<\/div>\n\t\t\t\t\t<\/div>\n\t\t<\/section>\n\t\t\t\t<section class=\"elementor-section elementor-inner-section elementor-element elementor-element-e90a08f maatwerk-grid-row elementor-section-boxed elementor-section-height-default elementor-section-height-default\" data-id=\"e90a08f\" data-element_type=\"section\">\n\t\t\t\t\t\t<div class=\"elementor-container elementor-column-gap-default\">\n\t\t\t\t\t\t\t<div class=\"elementor-row\">\n\t\t\t\t\t<div class=\"elementor-column elementor-col-50 elementor-inner-column elementor-element elementor-element-6c3e043 maatwerk-grid-box\" data-id=\"6c3e043\" data-element_type=\"column\">\n\t\t\t<div class=\"elementor-column-wrap elementor-element-populated\">\n\t\t\t\t\t\t\t<div class=\"elementor-widget-wrap\">\n\t\t\t\t\t\t<div class=\"elementor-element elementor-element-2756a7a elementor-widget elementor-widget-image\" data-id=\"2756a7a\" data-element_type=\"widget\" data-widget_type=\"image.default\">\n\t\t\t\t<div class=\"elementor-widget-container\">\n\t\t\t\t\t<div class=\"elementor-image\">\n\t\t\t\t\t\t\t\t\t\t<img loading=\"lazy\" decoding=\"async\" width=\"234\" height=\"252\" src=\"https:\/\/livwell.be\/wp-content\/uploads\/2023\/10\/doppen-of-glijders-1.png\" class=\"attachment-full size-full\" alt=\"\" \/>\t\t\t\t\t\t\t\t\t\t\t<\/div>\n\t\t\t\t<\/div>\n\t\t\t\t<\/div>\n\t\t\t\t<div class=\"elementor-element elementor-element-23f5d4c elementor-widget elementor-widget-text-editor\" data-id=\"23f5d4c\" data-element_type=\"widget\" data-widget_type=\"text-editor.default\">\n\t\t\t\t<div class=\"elementor-widget-container\">\n\t\t\t\t\t<div class=\"elementor-text-editor elementor-clearfix\"><p>Nous pouvons \u00e9quiper nos chaises de\u00a0<strong>capuchons<\/strong>\u00a0au lieu de roues.\u00a0 Parfois, il peut \u00eatre n\u00e9cessaire que la chaise reste immobile au lieu de pouvoir rouler.<\/p><\/div>\n\t\t\t\t<\/div>\n\t\t\t\t<\/div>\n\t\t\t\t\t\t<\/div>\n\t\t\t\t\t<\/div>\n\t\t<\/div>\n\t\t\t\t<div class=\"elementor-column elementor-col-50 elementor-inner-column elementor-element elementor-element-6164774 maatwerk-grid-box\" data-id=\"6164774\" data-element_type=\"column\">\n\t\t\t<div class=\"elementor-column-wrap elementor-element-populated\">\n\t\t\t\t\t\t\t<div class=\"elementor-widget-wrap\">\n\t\t\t\t\t\t<div class=\"elementor-element elementor-element-b4acab5 elementor-widget elementor-widget-image\" data-id=\"b4acab5\" data-element_type=\"widget\" data-widget_type=\"image.default\">\n\t\t\t\t<div class=\"elementor-widget-container\">\n\t\t\t\t\t<div class=\"elementor-image\">\n\t\t\t\t\t\t\t\t\t\t<img loading=\"lazy\" decoding=\"async\" width=\"329\" height=\"206\" src=\"https:\/\/livwell.be\/wp-content\/uploads\/2023\/10\/Gaveer-ACP-Standaard_Base-023-1.png\" class=\"attachment-full size-full\" alt=\"\" srcset=\"https:\/\/livwell.be\/wp-content\/uploads\/2023\/10\/Gaveer-ACP-Standaard_Base-023-1.png 329w, https:\/\/livwell.be\/wp-content\/uploads\/2023\/10\/Gaveer-ACP-Standaard_Base-023-1-300x188.png 300w\" sizes=\"auto, (max-width: 329px) 100vw, 329px\" \/>\t\t\t\t\t\t\t\t\t\t\t<\/div>\n\t\t\t\t<\/div>\n\t\t\t\t<\/div>\n\t\t\t\t<div class=\"elementor-element elementor-element-797f1d5 elementor-widget elementor-widget-text-editor\" data-id=\"797f1d5\" data-element_type=\"widget\" data-widget_type=\"text-editor.default\">\n\t\t\t\t<div class=\"elementor-widget-container\">\n\t\t\t\t\t<div class=\"elementor-text-editor elementor-clearfix\"><p>Nous pouvons baisser ou relever nos chaises \u00e0 l\u2019aide de\u00a0<strong>pompes adapt\u00e9es<\/strong>.\u00a0 Parfois, il peut \u00eatre n\u00e9cessaire de travailler en \u00e9tant plus bas ou plus en hauteur.<\/p><\/div>\n\t\t\t\t<\/div>\n\t\t\t\t<\/div>\n\t\t\t\t\t\t<\/div>\n\t\t\t\t\t<\/div>\n\t\t<\/div>\n\t\t\t\t\t\t\t\t<\/div>\n\t\t\t\t\t<\/div>\n\t\t<\/section>\n\t\t\t\t<section class=\"elementor-section elementor-inner-section elementor-element elementor-element-a313acd maatwerk-grid-row elementor-section-boxed elementor-section-height-default elementor-section-height-default\" data-id=\"a313acd\" data-element_type=\"section\">\n\t\t\t\t\t\t<div class=\"elementor-container elementor-column-gap-default\">\n\t\t\t\t\t\t\t<div class=\"elementor-row\">\n\t\t\t\t\t<div class=\"elementor-column elementor-col-50 elementor-inner-column elementor-element elementor-element-55eba31 maatwerk-grid-box\" data-id=\"55eba31\" data-element_type=\"column\">\n\t\t\t<div class=\"elementor-column-wrap elementor-element-populated\">\n\t\t\t\t\t\t\t<div class=\"elementor-widget-wrap\">\n\t\t\t\t\t\t<div class=\"elementor-element elementor-element-248077a elementor-widget elementor-widget-image\" data-id=\"248077a\" data-element_type=\"widget\" data-widget_type=\"image.default\">\n\t\t\t\t<div class=\"elementor-widget-container\">\n\t\t\t\t\t<div class=\"elementor-image\">\n\t\t\t\t\t\t\t\t\t\t<img loading=\"lazy\" decoding=\"async\" width=\"322\" height=\"200\" src=\"https:\/\/livwell.be\/wp-content\/uploads\/2023\/10\/voetsteun-1.png\" class=\"attachment-full size-full\" alt=\"\" srcset=\"https:\/\/livwell.be\/wp-content\/uploads\/2023\/10\/voetsteun-1.png 322w, https:\/\/livwell.be\/wp-content\/uploads\/2023\/10\/voetsteun-1-300x186.png 300w\" sizes=\"auto, (max-width: 322px) 100vw, 322px\" \/>\t\t\t\t\t\t\t\t\t\t\t<\/div>\n\t\t\t\t<\/div>\n\t\t\t\t<\/div>\n\t\t\t\t<div class=\"elementor-element elementor-element-077184e elementor-widget elementor-widget-text-editor\" data-id=\"077184e\" data-element_type=\"widget\" data-widget_type=\"text-editor.default\">\n\t\t\t\t<div class=\"elementor-widget-container\">\n\t\t\t\t\t<div class=\"elementor-text-editor elementor-clearfix\"><p>Nous pouvons \u00e9galement poser des\u00a0<strong>anneaux de pied<\/strong>\u00a0sur nos chaises afin de donner un support lorsque vous devez \u00eatre assis plus haut.<\/p><p>Nous pouvons \u00e9quiper nos bureaux avec\u00a0<strong>des pieds en T, 4 pieds, 1 pied<\/strong>, et ce, tant pour une hauteur fixe, une hauteur r\u00e9glable que pour des hauteurs r\u00e9glables \u00e9lectriquement.<\/p><\/div>\n\t\t\t\t<\/div>\n\t\t\t\t<\/div>\n\t\t\t\t\t\t<\/div>\n\t\t\t\t\t<\/div>\n\t\t<\/div>\n\t\t\t\t<div class=\"elementor-column elementor-col-50 elementor-inner-column elementor-element elementor-element-ff7195b maatwerk-grid-box\" data-id=\"ff7195b\" data-element_type=\"column\">\n\t\t\t<div class=\"elementor-column-wrap elementor-element-populated\">\n\t\t\t\t\t\t\t<div class=\"elementor-widget-wrap\">\n\t\t\t\t\t\t<div class=\"elementor-element elementor-element-bae15a8 elementor-widget elementor-widget-image\" data-id=\"bae15a8\" data-element_type=\"widget\" data-widget_type=\"image.default\">\n\t\t\t\t<div class=\"elementor-widget-container\">\n\t\t\t\t\t<div class=\"elementor-image\">\n\t\t\t\t\t\t\t\t\t\t<img loading=\"lazy\" decoding=\"async\" width=\"194\" height=\"256\" src=\"https:\/\/livwell.be\/wp-content\/uploads\/2023\/10\/pomp-met-voetbediening-1.png\" class=\"attachment-full size-full\" alt=\"\" \/>\t\t\t\t\t\t\t\t\t\t\t<\/div>\n\t\t\t\t<\/div>\n\t\t\t\t<\/div>\n\t\t\t\t<div class=\"elementor-element elementor-element-32b770e elementor-widget elementor-widget-text-editor\" data-id=\"32b770e\" data-element_type=\"widget\" data-widget_type=\"text-editor.default\">\n\t\t\t\t<div class=\"elementor-widget-container\">\n\t\t\t\t\t<div class=\"elementor-text-editor elementor-clearfix\"><p>Le client veut une chaise avec\u00a0<strong>commande au pied<\/strong>\u00a0pour r\u00e9gler la hauteur\u00a0?\u00a0 Ceci est \u00e9galement possible. Venez en discuter avec nous.<\/p><p>Vous souhaitez une table assis-debout sans c\u00e2ble d\u2019alimentation\u00a0?\u00a0 Pas de probl\u00e8me, nous pouvons pr\u00e9voir une\u00a0<strong>batterie<\/strong>.<\/p><\/div>\n\t\t\t\t<\/div>\n\t\t\t\t<\/div>\n\t\t\t\t\t\t<\/div>\n\t\t\t\t\t<\/div>\n\t\t<\/div>\n\t\t\t\t\t\t\t\t<\/div>\n\t\t\t\t\t<\/div>\n\t\t<\/section>\n\t\t\t\t\t\t<\/div>\n\t\t\t\t\t<\/div>\n\t\t<\/div>\n\t\t\t\t\t\t\t\t<\/div>\n\t\t\t\t\t<\/div>\n\t\t<\/section>\n\t\t\t\t<section class=\"elementor-section elementor-top-section elementor-element elementor-element-7b901b05 maatwerk-btm-sec elementor-section-boxed elementor-section-height-default elementor-section-height-default\" data-id=\"7b901b05\" data-element_type=\"section\">\n\t\t\t\t\t\t<div class=\"elementor-container elementor-column-gap-default\">\n\t\t\t\t\t\t\t<div class=\"elementor-row\">\n\t\t\t\t\t<div class=\"elementor-column elementor-col-100 elementor-top-column elementor-element elementor-element-00473f4\" data-id=\"00473f4\" data-element_type=\"column\">\n\t\t\t<div class=\"elementor-column-wrap elementor-element-populated\">\n\t\t\t\t\t\t\t<div class=\"elementor-widget-wrap\">\n\t\t\t\t\t\t<section class=\"elementor-section elementor-inner-section elementor-element elementor-element-79118ce elementor-section-content-middle elementor-section-boxed elementor-section-height-default elementor-section-height-default\" data-id=\"79118ce\" data-element_type=\"section\">\n\t\t\t\t\t\t<div class=\"elementor-container elementor-column-gap-default\">\n\t\t\t\t\t\t\t<div class=\"elementor-row\">\n\t\t\t\t\t<div class=\"elementor-column elementor-col-50 elementor-inner-column elementor-element elementor-element-9e011d4 maatwerk-btm-img\" data-id=\"9e011d4\" data-element_type=\"column\">\n\t\t\t<div class=\"elementor-column-wrap elementor-element-populated\">\n\t\t\t\t\t\t\t<div class=\"elementor-widget-wrap\">\n\t\t\t\t\t\t<div class=\"elementor-element elementor-element-37b3976 elementor-widget elementor-widget-image\" data-id=\"37b3976\" data-element_type=\"widget\" data-widget_type=\"image.default\">\n\t\t\t\t<div class=\"elementor-widget-container\">\n\t\t\t\t\t<div class=\"elementor-image\">\n\t\t\t\t\t\t\t\t\t\t<img loading=\"lazy\" decoding=\"async\" width=\"399\" height=\"270\" src=\"https:\/\/livwell.be\/wp-content\/uploads\/2023\/10\/vormen-tafelbladen-1.png\" class=\"attachment-full size-full\" alt=\"\" srcset=\"https:\/\/livwell.be\/wp-content\/uploads\/2023\/10\/vormen-tafelbladen-1.png 399w, https:\/\/livwell.be\/wp-content\/uploads\/2023\/10\/vormen-tafelbladen-1-300x203.png 300w\" sizes=\"auto, (max-width: 399px) 100vw, 399px\" \/>\t\t\t\t\t\t\t\t\t\t\t<\/div>\n\t\t\t\t<\/div>\n\t\t\t\t<\/div>\n\t\t\t\t\t\t<\/div>\n\t\t\t\t\t<\/div>\n\t\t<\/div>\n\t\t\t\t<div class=\"elementor-column elementor-col-50 elementor-inner-column elementor-element elementor-element-18e1e1f maatwerk-btm-content\" data-id=\"18e1e1f\" data-element_type=\"column\">\n\t\t\t<div class=\"elementor-column-wrap elementor-element-populated\">\n\t\t\t\t\t\t\t<div class=\"elementor-widget-wrap\">\n\t\t\t\t\t\t<div class=\"elementor-element elementor-element-5739dde elementor-widget elementor-widget-text-editor\" data-id=\"5739dde\" data-element_type=\"widget\" data-widget_type=\"text-editor.default\">\n\t\t\t\t<div class=\"elementor-widget-container\">\n\t\t\t\t\t<div class=\"elementor-text-editor elementor-clearfix\"><p>Nous pouvons cr\u00e9er nos plateaux de table dans\u00a0<strong>toutes les formes<\/strong>, conform\u00e9ment \u00e0 vos souhaits.\u00a0 Nous cherchons ensemble la meilleure solution.<\/p><p>En d\u2019autres termes, posez vos questions et nous tenterons d\u2019y trouver une solution.<br \/>N\u2019h\u00e9sitez pas \u00e0 nous contacter pour prendre rendez-vous et venez nous voir dans notre showroom.<br \/>Vous pourrez imm\u00e9diatement y trouver de nombreuses id\u00e9es.<\/p><\/div>\n\t\t\t\t<\/div>\n\t\t\t\t<\/div>\n\t\t\t\t\t\t<\/div>\n\t\t\t\t\t<\/div>\n\t\t<\/div>\n\t\t\t\t\t\t\t\t<\/div>\n\t\t\t\t\t<\/div>\n\t\t<\/section>\n\t\t\t\t\t\t<\/div>\n\t\t\t\t\t<\/div>\n\t\t<\/div>\n\t\t\t\t\t\t\t\t<\/div>\n\t\t\t\t\t<\/div>\n\t\t<\/section>\n\t\t\t\t\t\t<\/div>\n\t\t\t\t\t\t<\/div>\n\t\t\t\t\t<\/div>\n\t\t","protected":false},"excerpt":{"rendered":"<p>Livwell bvba et SpinaliS ont pour objectif d\u2019am\u00e9liorer votre confort de vie et votre ergonomie.Nous vivons et travaillons tous de [&hellip;]<\/p>\n","protected":false},"author":1,"featured_media":53553,"parent":0,"menu_order":0,"comment_status":"closed","ping_status":"closed","template":"","meta":{"ngg_post_thumbnail":0,"footnotes":""},"class_list":["post-53233","page","type-page","status-publish","has-post-thumbnail","hentry"],"yoast_head":"<!-- This site is optimized with the Yoast SEO plugin v25.6 - https:\/\/yoast.com\/wordpress\/plugins\/seo\/ -->\n<title>Travail Sur Mesure - Livwell<\/title>\n<meta name=\"robots\" content=\"noindex, nofollow\" \/>\n<meta property=\"og:locale\" content=\"fr_FR\" \/>\n<meta property=\"og:type\" content=\"article\" \/>\n<meta property=\"og:title\" content=\"Travail Sur Mesure - Livwell\" \/>\n<meta property=\"og:description\" content=\"Livwell bvba et SpinaliS ont pour objectif d\u2019am\u00e9liorer votre confort de vie et votre ergonomie.Nous vivons et travaillons tous de [&hellip;]\" \/>\n<meta property=\"og:url\" content=\"https:\/\/livwell.be\/fr\/travail-sur-mesure\/\" \/>\n<meta property=\"og:site_name\" content=\"Livwell\" \/>\n<meta property=\"article:publisher\" content=\"https:\/\/www.facebook.com\/Spinalis-Livwell-301461319996581\/\" \/>\n<meta property=\"article:modified_time\" content=\"2023-11-22T10:30:53+00:00\" \/>\n<meta property=\"og:image\" content=\"https:\/\/livwell.be\/wp-content\/uploads\/2023\/11\/spinalis-banner-1.jpg\" \/>\n\t<meta property=\"og:image:width\" content=\"1920\" \/>\n\t<meta property=\"og:image:height\" content=\"270\" \/>\n\t<meta property=\"og:image:type\" content=\"image\/jpeg\" \/>\n<meta name=\"twitter:card\" content=\"summary_large_image\" \/>\n<meta name=\"twitter:label1\" content=\"Dur\u00e9e de lecture estim\u00e9e\" \/>\n\t<meta name=\"twitter:data1\" content=\"3 minutes\" \/>\n<script type=\"application\/ld+json\" class=\"yoast-schema-graph\">{\"@context\":\"https:\/\/schema.org\",\"@graph\":[{\"@type\":\"WebPage\",\"@id\":\"https:\/\/livwell.be\/fr\/travail-sur-mesure\/\",\"url\":\"https:\/\/livwell.be\/fr\/travail-sur-mesure\/\",\"name\":\"Travail Sur Mesure - Livwell\",\"isPartOf\":{\"@id\":\"https:\/\/livwell.be\/fr\/#website\"},\"primaryImageOfPage\":{\"@id\":\"https:\/\/livwell.be\/fr\/travail-sur-mesure\/#primaryimage\"},\"image\":{\"@id\":\"https:\/\/livwell.be\/fr\/travail-sur-mesure\/#primaryimage\"},\"thumbnailUrl\":\"https:\/\/livwell.be\/wp-content\/uploads\/2023\/11\/spinalis-banner-1.jpg\",\"datePublished\":\"2023-10-27T06:14:12+00:00\",\"dateModified\":\"2023-11-22T10:30:53+00:00\",\"breadcrumb\":{\"@id\":\"https:\/\/livwell.be\/fr\/travail-sur-mesure\/#breadcrumb\"},\"inLanguage\":\"fr-FR\",\"potentialAction\":[{\"@type\":\"ReadAction\",\"target\":[\"https:\/\/livwell.be\/fr\/travail-sur-mesure\/\"]}]},{\"@type\":\"ImageObject\",\"inLanguage\":\"fr-FR\",\"@id\":\"https:\/\/livwell.be\/fr\/travail-sur-mesure\/#primaryimage\",\"url\":\"https:\/\/livwell.be\/wp-content\/uploads\/2023\/11\/spinalis-banner-1.jpg\",\"contentUrl\":\"https:\/\/livwell.be\/wp-content\/uploads\/2023\/11\/spinalis-banner-1.jpg\",\"width\":1920,\"height\":270},{\"@type\":\"BreadcrumbList\",\"@id\":\"https:\/\/livwell.be\/fr\/travail-sur-mesure\/#breadcrumb\",\"itemListElement\":[{\"@type\":\"ListItem\",\"position\":1,\"name\":\"Home\",\"item\":\"https:\/\/livwell.be\/fr\/\"},{\"@type\":\"ListItem\",\"position\":2,\"name\":\"Travail Sur Mesure\"}]},{\"@type\":\"WebSite\",\"@id\":\"https:\/\/livwell.be\/fr\/#website\",\"url\":\"https:\/\/livwell.be\/fr\/\",\"name\":\"Livwell\",\"description\":\"\",\"publisher\":{\"@id\":\"https:\/\/livwell.be\/fr\/#organization\"},\"potentialAction\":[{\"@type\":\"SearchAction\",\"target\":{\"@type\":\"EntryPoint\",\"urlTemplate\":\"https:\/\/livwell.be\/fr\/?s={search_term_string}\"},\"query-input\":{\"@type\":\"PropertyValueSpecification\",\"valueRequired\":true,\"valueName\":\"search_term_string\"}}],\"inLanguage\":\"fr-FR\"},{\"@type\":\"Organization\",\"@id\":\"https:\/\/livwell.be\/fr\/#organization\",\"name\":\"Livwell\",\"url\":\"https:\/\/livwell.be\/fr\/\",\"logo\":{\"@type\":\"ImageObject\",\"inLanguage\":\"fr-FR\",\"@id\":\"https:\/\/livwell.be\/fr\/#\/schema\/logo\/image\/\",\"url\":\"https:\/\/livwell.be\/wp-content\/uploads\/2019\/05\/livwell-logo.png\",\"contentUrl\":\"https:\/\/livwell.be\/wp-content\/uploads\/2019\/05\/livwell-logo.png\",\"width\":101,\"height\":105,\"caption\":\"Livwell\"},\"image\":{\"@id\":\"https:\/\/livwell.be\/fr\/#\/schema\/logo\/image\/\"},\"sameAs\":[\"https:\/\/www.facebook.com\/Spinalis-Livwell-301461319996581\/\",\"https:\/\/www.instagram.com\/livwell001\/\"]}]}<\/script>\n<!-- \/ Yoast SEO plugin. -->","yoast_head_json":{"title":"Travail Sur Mesure - Livwell","robots":{"index":"noindex","follow":"nofollow"},"og_locale":"fr_FR","og_type":"article","og_title":"Travail Sur Mesure - Livwell","og_description":"Livwell bvba et SpinaliS ont pour objectif d\u2019am\u00e9liorer votre confort de vie et votre ergonomie.Nous vivons et travaillons tous de [&hellip;]","og_url":"https:\/\/livwell.be\/fr\/travail-sur-mesure\/","og_site_name":"Livwell","article_publisher":"https:\/\/www.facebook.com\/Spinalis-Livwell-301461319996581\/","article_modified_time":"2023-11-22T10:30:53+00:00","og_image":[{"width":1920,"height":270,"url":"https:\/\/livwell.be\/wp-content\/uploads\/2023\/11\/spinalis-banner-1.jpg","type":"image\/jpeg"}],"twitter_card":"summary_large_image","twitter_misc":{"Dur\u00e9e de lecture estim\u00e9e":"3 minutes"},"schema":{"@context":"https:\/\/schema.org","@graph":[{"@type":"WebPage","@id":"https:\/\/livwell.be\/fr\/travail-sur-mesure\/","url":"https:\/\/livwell.be\/fr\/travail-sur-mesure\/","name":"Travail Sur Mesure - Livwell","isPartOf":{"@id":"https:\/\/livwell.be\/fr\/#website"},"primaryImageOfPage":{"@id":"https:\/\/livwell.be\/fr\/travail-sur-mesure\/#primaryimage"},"image":{"@id":"https:\/\/livwell.be\/fr\/travail-sur-mesure\/#primaryimage"},"thumbnailUrl":"https:\/\/livwell.be\/wp-content\/uploads\/2023\/11\/spinalis-banner-1.jpg","datePublished":"2023-10-27T06:14:12+00:00","dateModified":"2023-11-22T10:30:53+00:00","breadcrumb":{"@id":"https:\/\/livwell.be\/fr\/travail-sur-mesure\/#breadcrumb"},"inLanguage":"fr-FR","potentialAction":[{"@type":"ReadAction","target":["https:\/\/livwell.be\/fr\/travail-sur-mesure\/"]}]},{"@type":"ImageObject","inLanguage":"fr-FR","@id":"https:\/\/livwell.be\/fr\/travail-sur-mesure\/#primaryimage","url":"https:\/\/livwell.be\/wp-content\/uploads\/2023\/11\/spinalis-banner-1.jpg","contentUrl":"https:\/\/livwell.be\/wp-content\/uploads\/2023\/11\/spinalis-banner-1.jpg","width":1920,"height":270},{"@type":"BreadcrumbList","@id":"https:\/\/livwell.be\/fr\/travail-sur-mesure\/#breadcrumb","itemListElement":[{"@type":"ListItem","position":1,"name":"Home","item":"https:\/\/livwell.be\/fr\/"},{"@type":"ListItem","position":2,"name":"Travail Sur Mesure"}]},{"@type":"WebSite","@id":"https:\/\/livwell.be\/fr\/#website","url":"https:\/\/livwell.be\/fr\/","name":"Livwell","description":"","publisher":{"@id":"https:\/\/livwell.be\/fr\/#organization"},"potentialAction":[{"@type":"SearchAction","target":{"@type":"EntryPoint","urlTemplate":"https:\/\/livwell.be\/fr\/?s={search_term_string}"},"query-input":{"@type":"PropertyValueSpecification","valueRequired":true,"valueName":"search_term_string"}}],"inLanguage":"fr-FR"},{"@type":"Organization","@id":"https:\/\/livwell.be\/fr\/#organization","name":"Livwell","url":"https:\/\/livwell.be\/fr\/","logo":{"@type":"ImageObject","inLanguage":"fr-FR","@id":"https:\/\/livwell.be\/fr\/#\/schema\/logo\/image\/","url":"https:\/\/livwell.be\/wp-content\/uploads\/2019\/05\/livwell-logo.png","contentUrl":"https:\/\/livwell.be\/wp-content\/uploads\/2019\/05\/livwell-logo.png","width":101,"height":105,"caption":"Livwell"},"image":{"@id":"https:\/\/livwell.be\/fr\/#\/schema\/logo\/image\/"},"sameAs":["https:\/\/www.facebook.com\/Spinalis-Livwell-301461319996581\/","https:\/\/www.instagram.com\/livwell001\/"]}]}},"_links":{"self":[{"href":"https:\/\/livwell.be\/fr\/wp-json\/wp\/v2\/pages\/53233","targetHints":{"allow":["GET"]}}],"collection":[{"href":"https:\/\/livwell.be\/fr\/wp-json\/wp\/v2\/pages"}],"about":[{"href":"https:\/\/livwell.be\/fr\/wp-json\/wp\/v2\/types\/page"}],"author":[{"embeddable":true,"href":"https:\/\/livwell.be\/fr\/wp-json\/wp\/v2\/users\/1"}],"replies":[{"embeddable":true,"href":"https:\/\/livwell.be\/fr\/wp-json\/wp\/v2\/comments?post=53233"}],"version-history":[{"count":14,"href":"https:\/\/livwell.be\/fr\/wp-json\/wp\/v2\/pages\/53233\/revisions"}],"predecessor-version":[{"id":53478,"href":"https:\/\/livwell.be\/fr\/wp-json\/wp\/v2\/pages\/53233\/revisions\/53478"}],"wp:featuredmedia":[{"embeddable":true,"href":"https:\/\/livwell.be\/fr\/wp-json\/wp\/v2\/media\/53553"}],"wp:attachment":[{"href":"https:\/\/livwell.be\/fr\/wp-json\/wp\/v2\/media?parent=53233"}],"curies":[{"name":"wp","href":"https:\/\/api.w.org\/{rel}","templated":true}]}}