
{"id":8209,"date":"2019-09-25T10:52:16","date_gmt":"2019-09-25T08:52:16","guid":{"rendered":"https:\/\/livwell.be\/liwell-est-distributeur-exclusif-de-spinalis-pour-le-benelux\/"},"modified":"2023-10-30T13:56:22","modified_gmt":"2023-10-30T12:56:22","slug":"distributeur-benelux-spinalis-old","status":"publish","type":"page","link":"https:\/\/livwell.be\/fr\/distributeur-benelux-spinalis-old\/","title":{"rendered":"Livwell est distributeur exclusif de SpinaliS Old"},"content":{"rendered":"\t\t<div data-elementor-type=\"wp-page\" data-elementor-id=\"8209\" class=\"elementor elementor-8209 elementor-7795\" data-elementor-settings=\"[]\">\n\t\t\t\t\t\t<div class=\"elementor-inner\">\n\t\t\t\t\t\t\t<div class=\"elementor-section-wrap\">\n\t\t\t\t\t\t\t<section class=\"elementor-section elementor-top-section elementor-element elementor-element-7e278e1 elementor-section-boxed elementor-section-height-default elementor-section-height-default\" data-id=\"7e278e1\" data-element_type=\"section\">\n\t\t\t\t\t\t<div class=\"elementor-container elementor-column-gap-default\">\n\t\t\t\t\t\t\t<div class=\"elementor-row\">\n\t\t\t\t\t<div class=\"elementor-column elementor-col-100 elementor-top-column elementor-element elementor-element-b060675\" data-id=\"b060675\" data-element_type=\"column\">\n\t\t\t<div class=\"elementor-column-wrap elementor-element-populated\">\n\t\t\t\t\t\t\t<div class=\"elementor-widget-wrap\">\n\t\t\t\t\t\t<div class=\"elementor-element elementor-element-8724537 elementor-widget elementor-widget-spacer\" data-id=\"8724537\" data-element_type=\"widget\" data-widget_type=\"spacer.default\">\n\t\t\t\t<div class=\"elementor-widget-container\">\n\t\t\t\t\t<div class=\"elementor-spacer\">\n\t\t\t<div class=\"elementor-spacer-inner\"><\/div>\n\t\t<\/div>\n\t\t\t\t<\/div>\n\t\t\t\t<\/div>\n\t\t\t\t\t\t<\/div>\n\t\t\t\t\t<\/div>\n\t\t<\/div>\n\t\t\t\t\t\t\t\t<\/div>\n\t\t\t\t\t<\/div>\n\t\t<\/section>\n\t\t\t\t<section class=\"elementor-section elementor-top-section elementor-element elementor-element-711a1d5c elementor-section-boxed elementor-section-height-default elementor-section-height-default\" data-id=\"711a1d5c\" data-element_type=\"section\">\n\t\t\t\t\t\t<div class=\"elementor-container elementor-column-gap-no\">\n\t\t\t\t\t\t\t<div class=\"elementor-row\">\n\t\t\t\t\t<div class=\"elementor-column elementor-col-100 elementor-top-column elementor-element elementor-element-f415d36\" data-id=\"f415d36\" data-element_type=\"column\">\n\t\t\t<div class=\"elementor-column-wrap elementor-element-populated\">\n\t\t\t\t\t\t\t<div class=\"elementor-widget-wrap\">\n\t\t\t\t\t\t<section class=\"elementor-section elementor-inner-section elementor-element elementor-element-ce532b7 elementor-section-boxed elementor-section-height-default elementor-section-height-default\" data-id=\"ce532b7\" data-element_type=\"section\">\n\t\t\t\t\t\t<div class=\"elementor-container elementor-column-gap-no\">\n\t\t\t\t\t\t\t<div class=\"elementor-row\">\n\t\t\t\t\t<div class=\"elementor-column elementor-col-66 elementor-inner-column elementor-element elementor-element-0d1a43b\" data-id=\"0d1a43b\" data-element_type=\"column\">\n\t\t\t<div class=\"elementor-column-wrap elementor-element-populated\">\n\t\t\t\t\t\t\t<div class=\"elementor-widget-wrap\">\n\t\t\t\t\t\t<div class=\"elementor-element elementor-element-645b6711 elementor-widget elementor-widget-text-editor\" data-id=\"645b6711\" data-element_type=\"widget\" data-widget_type=\"text-editor.default\">\n\t\t\t\t<div class=\"elementor-widget-container\">\n\t\t\t\t\t<div class=\"elementor-text-editor elementor-clearfix\"><h1>SpinaliS<\/h1>\n<p>Spinalis est la traduction latine de \u00ab\u00a0colonne vert\u00e9brale\u00a0\u00bb.<br \/>\nNous ne bougeons que tr\u00e8s peu dans notre soci\u00e9t\u00e9 actuelle.\u00a0 Nous bougeons \u00e9galement trop peu au cours de notre travail. Nous sommes assis trop longtemps et surtout de mani\u00e8re trop passive.<br \/>\nLes quelques heures de sport par semaine ne peuvent pas compenser les nombreuses heures assises.<br \/>\nC\u2019est pourquoi nous devons bouger plus durant la journ\u00e9e ou durant le travail.<\/p>\n<h2>Que diriez-vous de pouvoir bouger tout en \u00e9tant assis\u00a0?<br \/>\nC\u2019est possible avec les chaises SpinaliS.<\/h2>\n<p>Oui,&#8230; vous avez bien lu.\u00a0 Vous faites du sport tout en \u00e9tant assis.<br \/>\nVos muscles restent en action, alors que vous \u00eates assis. Vous conservez votre \u00e9quilibre en \u00e9tant assis au moyen de vos abdominaux et muscles dorsaux.\u00a0 Votre stabilit\u00e9 de base travaille et vous maintient en forme. En continuant \u00e0 utiliser vos muscles, votre corps ne retombe pas en mode d\u2019affaissement, mettant moins de pression sur votre dos.<\/p>\n<h2>Confort tr\u00e8s \u00e9lev\u00e9, 8\u00a0h assis par jour sans probl\u00e8me, alternance spontan\u00e9e entre l\u2019assise active et passive avec 1 chaise SpinaliS.<\/h2>\n<p>Mais, en m\u00eame temps, le confort d\u2019une chaise SpinaliS est tr\u00e8s \u00e9lev\u00e9.<br \/>\nVous pouvez toujours \u00eatre assis confortablement en mode repos gr\u00e2ce au soutien lombaire adaptable.<br \/>\nM\u00eame les supports de bras sont adaptables, afin que votre cou et le haut de votre dos soient parfaitement soutenus.<br \/>\nIl est possible d\u2019alterner sans probl\u00e8me entre l\u2019assise active et passive et cela se fait de mani\u00e8re tr\u00e8s naturelle.<br \/>\n<strong>Tout le monde peut utiliser les chaises SpinaliS selon ses propres possibilit\u00e9s physiques<\/strong>.<br \/>\nM\u00eame les personnes plus \u00e2g\u00e9es ressentent le confort d\u2019assise d\u2019une chaise SpinaliS.<\/p>\n<\/div>\n\t\t\t\t<\/div>\n\t\t\t\t<\/div>\n\t\t\t\t<div class=\"elementor-element elementor-element-20126b6 elementor-align-left elementor-widget elementor-widget-button\" data-id=\"20126b6\" data-element_type=\"widget\" data-widget_type=\"button.default\">\n\t\t\t\t<div class=\"elementor-widget-container\">\n\t\t\t\t\t<div class=\"elementor-button-wrapper\">\n\t\t\t<a href=\"https:\/\/livwell.be\/fr\/categorie-produit\/chaises-spinalis\/\" class=\"elementor-button-link elementor-button elementor-size-lg\" role=\"button\">\n\t\t\t\t\t\t<span class=\"elementor-button-content-wrapper\">\n\t\t\t\t\t\t<span class=\"elementor-button-icon elementor-align-icon-left\">\n\t\t\t\t\t\t\t\t\t<i class=\"fa fa-arrow-circle-right\" aria-hidden=\"true\"><\/i>\n\t\t\t\t\t\t\t<\/span>\n\t\t\t\t\t\t<span class=\"elementor-button-text\">D\u00e9couvrez ici nos chaises Spinalis<\/span>\n\t\t<\/span>\n\t\t\t\t\t<\/a>\n\t\t<\/div>\n\t\t\t\t<\/div>\n\t\t\t\t<\/div>\n\t\t\t\t\t\t<\/div>\n\t\t\t\t\t<\/div>\n\t\t<\/div>\n\t\t\t\t<div class=\"elementor-column elementor-col-33 elementor-inner-column elementor-element elementor-element-fc48834\" data-id=\"fc48834\" data-element_type=\"column\">\n\t\t\t<div class=\"elementor-column-wrap elementor-element-populated\">\n\t\t\t\t\t\t\t<div class=\"elementor-widget-wrap\">\n\t\t\t\t\t\t<div class=\"elementor-element elementor-element-6e312ac elementor-widget elementor-widget-image\" data-id=\"6e312ac\" data-element_type=\"widget\" data-widget_type=\"image.default\">\n\t\t\t\t<div class=\"elementor-widget-container\">\n\t\t\t\t\t<div class=\"elementor-image\">\n\t\t\t\t\t\t\t\t\t\t\t<a href=\"https:\/\/livwell.be\/fr\/categorie-produit\/chaises-spinalis\/\">\n\t\t\t\t\t\t\t<img loading=\"lazy\" decoding=\"async\" width=\"280\" height=\"422\" src=\"https:\/\/livwell.be\/wp-content\/uploads\/2019\/04\/foto-bewegende-zit-ergonomic.jpg\" class=\"attachment-full size-full\" alt=\"chaises SpinaliS\" srcset=\"https:\/\/livwell.be\/wp-content\/uploads\/2019\/04\/foto-bewegende-zit-ergonomic.jpg 280w, https:\/\/livwell.be\/wp-content\/uploads\/2019\/04\/foto-bewegende-zit-ergonomic-199x300.jpg 199w\" sizes=\"auto, (max-width: 280px) 100vw, 280px\" \/>\t\t\t\t\t\t\t\t<\/a>\n\t\t\t\t\t\t\t\t\t\t\t<\/div>\n\t\t\t\t<\/div>\n\t\t\t\t<\/div>\n\t\t\t\t\t\t<\/div>\n\t\t\t\t\t<\/div>\n\t\t<\/div>\n\t\t\t\t\t\t\t\t<\/div>\n\t\t\t\t\t<\/div>\n\t\t<\/section>\n\t\t\t\t<div class=\"elementor-element elementor-element-4588d99 elementor-widget elementor-widget-text-editor\" data-id=\"4588d99\" data-element_type=\"widget\" data-widget_type=\"text-editor.default\">\n\t\t\t\t<div class=\"elementor-widget-container\">\n\t\t\t\t\t<div class=\"elementor-text-editor elementor-clearfix\"><h2>Vous \u00eates \u00e0 la recherche d&rsquo;un fauteuil de bureau qui vous aide \u00e0 \u00e9liminer la douleur\u00a0?<br \/>\nSPINALIS R\u00c9DUIT LES MAUX DE DOS<\/h2>\n<p>Les fauteuils de travail et de bureau ergonomiques de SpinaliS vous aident \u00e0 vous d\u00e9barrasser de la douleur. Du fait que l\u2019assise dynamique du fauteuil de bureau bouge avec les mouvements de votre corps, votre dos est moins sollicit\u00e9. Ce mouvement de votre corps est comparable \u00e0 l\u2019assise active sur un ballon chez le physioth\u00e9rapeute.\u00a0 Ce n\u2019est pas un hasard si l\u2019utilisation d\u2019un ballon d\u2019assise est non seulement conseill\u00e9e par les experts en mouvement, tels que les chiropracteurs et les physioth\u00e9rapeutes, aux personnes souffrant du dos, mais \u00e9galement \u00e0 toute personne voulant \u00e9viter d\u2019\u00e9ventuels maux de dos.<\/p>\n<h2>Vous \u00eates \u00e0 la recherche d&rsquo;un fauteuil de bureau qui vous maintient en condition et en bonne sant\u00e9\u00a0?<br \/>\nSPINALIS PR\u00c9VIENT LES MAUX DE DOS<\/h2>\n<p>Les fauteuils de travail et de bureau ergonomiques de SpinaliS pr\u00e9viennent les maux de dos. La fonction de ballon d\u2019assise veille \u00e0 ce que vous soyez assis droit et que vous exerciez vos muscles dorsaux et abdominaux. Ceci \u00e9vite les maux du bas du dos et les hernies.\u00a0Gr\u00e2ce \u00e0 l\u2019assise mobile dans toutes les directions du fauteuil de travail ou de bureau SpinaliS, le bassin est continuellement en mouvement, \u00e9vitant toute pression inutile sur les disques intervert\u00e9braux et\/ou des articulations surcharg\u00e9es. Ceci distingue les fauteuils de bureau ergonomiques SpinaliS des autres marques de fauteuils de bureau ergonomiques.<\/p>\n<h2>SPINALIS, POUR MAINTENIR OU RETROUVER VOTRE VITALIT\u00c9<\/h2>\n<p>L\u2019assise des fauteuils de travail et de bureau ergonomiques de SpinaliS bouge avec les mouvements de votre corps et vous rend actif toute la journ\u00e9e sans m\u00eame que vous vous en rendiez compte. Ceci pr\u00e9vient ou r\u00e9duit les maux de dos.<\/p>\n<\/div>\n\t\t\t\t<\/div>\n\t\t\t\t<\/div>\n\t\t\t\t\t\t<\/div>\n\t\t\t\t\t<\/div>\n\t\t<\/div>\n\t\t\t\t\t\t\t\t<\/div>\n\t\t\t\t\t<\/div>\n\t\t<\/section>\n\t\t\t\t<section class=\"elementor-section elementor-top-section elementor-element elementor-element-1e62c86 elementor-section-boxed elementor-section-height-default elementor-section-height-default\" data-id=\"1e62c86\" data-element_type=\"section\">\n\t\t\t\t\t\t<div class=\"elementor-container elementor-column-gap-default\">\n\t\t\t\t\t\t\t<div class=\"elementor-row\">\n\t\t\t\t\t<div class=\"elementor-column elementor-col-100 elementor-top-column elementor-element elementor-element-df22cda\" data-id=\"df22cda\" data-element_type=\"column\">\n\t\t\t<div class=\"elementor-column-wrap elementor-element-populated\">\n\t\t\t\t\t\t\t<div class=\"elementor-widget-wrap\">\n\t\t\t\t\t\t<div class=\"elementor-element elementor-element-0f9ea21 elementor-aspect-ratio-169 elementor-widget elementor-widget-video\" data-id=\"0f9ea21\" data-element_type=\"widget\" data-settings=\"{&quot;youtube_url&quot;:&quot;https:\\\/\\\/www.youtube.com\\\/watch?v=3zOpnD_7Z1U&quot;,&quot;video_type&quot;:&quot;youtube&quot;,&quot;controls&quot;:&quot;yes&quot;,&quot;aspect_ratio&quot;:&quot;169&quot;}\" data-widget_type=\"video.default\">\n\t\t\t\t<div class=\"elementor-widget-container\">\n\t\t\t\t\t<div class=\"elementor-wrapper elementor-fit-aspect-ratio elementor-open-inline\">\n\t\t\t<div class=\"elementor-video\"><\/div>\t\t<\/div>\n\t\t\t\t<\/div>\n\t\t\t\t<\/div>\n\t\t\t\t\t\t<\/div>\n\t\t\t\t\t<\/div>\n\t\t<\/div>\n\t\t\t\t\t\t\t\t<\/div>\n\t\t\t\t\t<\/div>\n\t\t<\/section>\n\t\t\t\t\t\t<\/div>\n\t\t\t\t\t\t<\/div>\n\t\t\t\t\t<\/div>\n\t\t","protected":false},"excerpt":{"rendered":"<p>SpinaliS Spinalis est la traduction latine de \u00ab\u00a0colonne vert\u00e9brale\u00a0\u00bb. Nous ne bougeons que tr\u00e8s peu dans notre soci\u00e9t\u00e9 actuelle.\u00a0 Nous [&hellip;]<\/p>\n","protected":false},"author":1,"featured_media":99,"parent":0,"menu_order":0,"comment_status":"closed","ping_status":"closed","template":"","meta":{"ngg_post_thumbnail":0,"footnotes":""},"class_list":["post-8209","page","type-page","status-publish","has-post-thumbnail","hentry"],"yoast_head":"<!-- This site is optimized with the Yoast SEO plugin v25.6 - https:\/\/yoast.com\/wordpress\/plugins\/seo\/ -->\n<title>SpinaliS | Liwell, le distributeur exclusif pour le Benelux<\/title>\n<meta name=\"description\" content=\"SpinaliS, traduction latine: colonne vert\u00e9brale.Nous bougeons \u00e9galement trop peu au cours de notre travail. Nous sommes assis trop longtemps et surtout de mani\u00e8re trop passive.\" \/>\n<meta name=\"robots\" content=\"index, follow, max-snippet:-1, max-image-preview:large, max-video-preview:-1\" \/>\n<link rel=\"canonical\" href=\"https:\/\/livwell.be\/fr\/distributeur-benelux-spinalis-old\/\" \/>\n<meta property=\"og:locale\" content=\"fr_FR\" \/>\n<meta property=\"og:type\" content=\"article\" \/>\n<meta property=\"og:title\" content=\"SpinaliS | Liwell, le distributeur exclusif pour le Benelux\" \/>\n<meta property=\"og:description\" content=\"SpinaliS, traduction latine: colonne vert\u00e9brale.Nous bougeons \u00e9galement trop peu au cours de notre travail. Nous sommes assis trop longtemps et surtout de mani\u00e8re trop passive.\" \/>\n<meta property=\"og:url\" content=\"https:\/\/livwell.be\/fr\/distributeur-benelux-spinalis-old\/\" \/>\n<meta property=\"og:site_name\" content=\"Livwell\" \/>\n<meta property=\"article:publisher\" content=\"https:\/\/www.facebook.com\/Spinalis-Livwell-301461319996581\/\" \/>\n<meta property=\"article:modified_time\" content=\"2023-10-30T12:56:22+00:00\" \/>\n<meta property=\"og:image\" content=\"https:\/\/livwell.be\/wp-content\/uploads\/2018\/04\/fair-banner.jpg\" \/>\n\t<meta property=\"og:image:width\" content=\"2000\" \/>\n\t<meta property=\"og:image:height\" content=\"462\" \/>\n\t<meta property=\"og:image:type\" content=\"image\/jpeg\" \/>\n<meta name=\"twitter:card\" content=\"summary_large_image\" \/>\n<meta name=\"twitter:label1\" content=\"Dur\u00e9e de lecture estim\u00e9e\" \/>\n\t<meta name=\"twitter:data1\" content=\"3 minutes\" \/>\n<script type=\"application\/ld+json\" class=\"yoast-schema-graph\">{\"@context\":\"https:\/\/schema.org\",\"@graph\":[{\"@type\":\"WebPage\",\"@id\":\"https:\/\/livwell.be\/fr\/distributeur-benelux-spinalis-old\/\",\"url\":\"https:\/\/livwell.be\/fr\/distributeur-benelux-spinalis-old\/\",\"name\":\"SpinaliS | Liwell, le distributeur exclusif pour le Benelux\",\"isPartOf\":{\"@id\":\"https:\/\/livwell.be\/fr\/#website\"},\"primaryImageOfPage\":{\"@id\":\"https:\/\/livwell.be\/fr\/distributeur-benelux-spinalis-old\/#primaryimage\"},\"image\":{\"@id\":\"https:\/\/livwell.be\/fr\/distributeur-benelux-spinalis-old\/#primaryimage\"},\"thumbnailUrl\":\"https:\/\/livwell.be\/wp-content\/uploads\/2018\/04\/fair-banner.jpg\",\"datePublished\":\"2019-09-25T08:52:16+00:00\",\"dateModified\":\"2023-10-30T12:56:22+00:00\",\"description\":\"SpinaliS, traduction latine: colonne vert\u00e9brale.Nous bougeons \u00e9galement trop peu au cours de notre travail. Nous sommes assis trop longtemps et surtout de mani\u00e8re trop passive.\",\"breadcrumb\":{\"@id\":\"https:\/\/livwell.be\/fr\/distributeur-benelux-spinalis-old\/#breadcrumb\"},\"inLanguage\":\"fr-FR\",\"potentialAction\":[{\"@type\":\"ReadAction\",\"target\":[\"https:\/\/livwell.be\/fr\/distributeur-benelux-spinalis-old\/\"]}]},{\"@type\":\"ImageObject\",\"inLanguage\":\"fr-FR\",\"@id\":\"https:\/\/livwell.be\/fr\/distributeur-benelux-spinalis-old\/#primaryimage\",\"url\":\"https:\/\/livwell.be\/wp-content\/uploads\/2018\/04\/fair-banner.jpg\",\"contentUrl\":\"https:\/\/livwell.be\/wp-content\/uploads\/2018\/04\/fair-banner.jpg\",\"width\":2000,\"height\":462},{\"@type\":\"BreadcrumbList\",\"@id\":\"https:\/\/livwell.be\/fr\/distributeur-benelux-spinalis-old\/#breadcrumb\",\"itemListElement\":[{\"@type\":\"ListItem\",\"position\":1,\"name\":\"Home\",\"item\":\"https:\/\/livwell.be\/fr\/\"},{\"@type\":\"ListItem\",\"position\":2,\"name\":\"Livwell est distributeur exclusif de SpinaliS Old\"}]},{\"@type\":\"WebSite\",\"@id\":\"https:\/\/livwell.be\/fr\/#website\",\"url\":\"https:\/\/livwell.be\/fr\/\",\"name\":\"Livwell\",\"description\":\"\",\"publisher\":{\"@id\":\"https:\/\/livwell.be\/fr\/#organization\"},\"potentialAction\":[{\"@type\":\"SearchAction\",\"target\":{\"@type\":\"EntryPoint\",\"urlTemplate\":\"https:\/\/livwell.be\/fr\/?s={search_term_string}\"},\"query-input\":{\"@type\":\"PropertyValueSpecification\",\"valueRequired\":true,\"valueName\":\"search_term_string\"}}],\"inLanguage\":\"fr-FR\"},{\"@type\":\"Organization\",\"@id\":\"https:\/\/livwell.be\/fr\/#organization\",\"name\":\"Livwell\",\"url\":\"https:\/\/livwell.be\/fr\/\",\"logo\":{\"@type\":\"ImageObject\",\"inLanguage\":\"fr-FR\",\"@id\":\"https:\/\/livwell.be\/fr\/#\/schema\/logo\/image\/\",\"url\":\"https:\/\/livwell.be\/wp-content\/uploads\/2019\/05\/livwell-logo.png\",\"contentUrl\":\"https:\/\/livwell.be\/wp-content\/uploads\/2019\/05\/livwell-logo.png\",\"width\":101,\"height\":105,\"caption\":\"Livwell\"},\"image\":{\"@id\":\"https:\/\/livwell.be\/fr\/#\/schema\/logo\/image\/\"},\"sameAs\":[\"https:\/\/www.facebook.com\/Spinalis-Livwell-301461319996581\/\",\"https:\/\/www.instagram.com\/livwell001\/\"]}]}<\/script>\n<!-- \/ Yoast SEO plugin. -->","yoast_head_json":{"title":"SpinaliS | Liwell, le distributeur exclusif pour le Benelux","description":"SpinaliS, traduction latine: colonne vert\u00e9brale.Nous bougeons \u00e9galement trop peu au cours de notre travail. Nous sommes assis trop longtemps et surtout de mani\u00e8re trop passive.","robots":{"index":"index","follow":"follow","max-snippet":"max-snippet:-1","max-image-preview":"max-image-preview:large","max-video-preview":"max-video-preview:-1"},"canonical":"https:\/\/livwell.be\/fr\/distributeur-benelux-spinalis-old\/","og_locale":"fr_FR","og_type":"article","og_title":"SpinaliS | Liwell, le distributeur exclusif pour le Benelux","og_description":"SpinaliS, traduction latine: colonne vert\u00e9brale.Nous bougeons \u00e9galement trop peu au cours de notre travail. Nous sommes assis trop longtemps et surtout de mani\u00e8re trop passive.","og_url":"https:\/\/livwell.be\/fr\/distributeur-benelux-spinalis-old\/","og_site_name":"Livwell","article_publisher":"https:\/\/www.facebook.com\/Spinalis-Livwell-301461319996581\/","article_modified_time":"2023-10-30T12:56:22+00:00","og_image":[{"width":2000,"height":462,"url":"https:\/\/livwell.be\/wp-content\/uploads\/2018\/04\/fair-banner.jpg","type":"image\/jpeg"}],"twitter_card":"summary_large_image","twitter_misc":{"Dur\u00e9e de lecture estim\u00e9e":"3 minutes"},"schema":{"@context":"https:\/\/schema.org","@graph":[{"@type":"WebPage","@id":"https:\/\/livwell.be\/fr\/distributeur-benelux-spinalis-old\/","url":"https:\/\/livwell.be\/fr\/distributeur-benelux-spinalis-old\/","name":"SpinaliS | Liwell, le distributeur exclusif pour le Benelux","isPartOf":{"@id":"https:\/\/livwell.be\/fr\/#website"},"primaryImageOfPage":{"@id":"https:\/\/livwell.be\/fr\/distributeur-benelux-spinalis-old\/#primaryimage"},"image":{"@id":"https:\/\/livwell.be\/fr\/distributeur-benelux-spinalis-old\/#primaryimage"},"thumbnailUrl":"https:\/\/livwell.be\/wp-content\/uploads\/2018\/04\/fair-banner.jpg","datePublished":"2019-09-25T08:52:16+00:00","dateModified":"2023-10-30T12:56:22+00:00","description":"SpinaliS, traduction latine: colonne vert\u00e9brale.Nous bougeons \u00e9galement trop peu au cours de notre travail. Nous sommes assis trop longtemps et surtout de mani\u00e8re trop passive.","breadcrumb":{"@id":"https:\/\/livwell.be\/fr\/distributeur-benelux-spinalis-old\/#breadcrumb"},"inLanguage":"fr-FR","potentialAction":[{"@type":"ReadAction","target":["https:\/\/livwell.be\/fr\/distributeur-benelux-spinalis-old\/"]}]},{"@type":"ImageObject","inLanguage":"fr-FR","@id":"https:\/\/livwell.be\/fr\/distributeur-benelux-spinalis-old\/#primaryimage","url":"https:\/\/livwell.be\/wp-content\/uploads\/2018\/04\/fair-banner.jpg","contentUrl":"https:\/\/livwell.be\/wp-content\/uploads\/2018\/04\/fair-banner.jpg","width":2000,"height":462},{"@type":"BreadcrumbList","@id":"https:\/\/livwell.be\/fr\/distributeur-benelux-spinalis-old\/#breadcrumb","itemListElement":[{"@type":"ListItem","position":1,"name":"Home","item":"https:\/\/livwell.be\/fr\/"},{"@type":"ListItem","position":2,"name":"Livwell est distributeur exclusif de SpinaliS Old"}]},{"@type":"WebSite","@id":"https:\/\/livwell.be\/fr\/#website","url":"https:\/\/livwell.be\/fr\/","name":"Livwell","description":"","publisher":{"@id":"https:\/\/livwell.be\/fr\/#organization"},"potentialAction":[{"@type":"SearchAction","target":{"@type":"EntryPoint","urlTemplate":"https:\/\/livwell.be\/fr\/?s={search_term_string}"},"query-input":{"@type":"PropertyValueSpecification","valueRequired":true,"valueName":"search_term_string"}}],"inLanguage":"fr-FR"},{"@type":"Organization","@id":"https:\/\/livwell.be\/fr\/#organization","name":"Livwell","url":"https:\/\/livwell.be\/fr\/","logo":{"@type":"ImageObject","inLanguage":"fr-FR","@id":"https:\/\/livwell.be\/fr\/#\/schema\/logo\/image\/","url":"https:\/\/livwell.be\/wp-content\/uploads\/2019\/05\/livwell-logo.png","contentUrl":"https:\/\/livwell.be\/wp-content\/uploads\/2019\/05\/livwell-logo.png","width":101,"height":105,"caption":"Livwell"},"image":{"@id":"https:\/\/livwell.be\/fr\/#\/schema\/logo\/image\/"},"sameAs":["https:\/\/www.facebook.com\/Spinalis-Livwell-301461319996581\/","https:\/\/www.instagram.com\/livwell001\/"]}]}},"_links":{"self":[{"href":"https:\/\/livwell.be\/fr\/wp-json\/wp\/v2\/pages\/8209","targetHints":{"allow":["GET"]}}],"collection":[{"href":"https:\/\/livwell.be\/fr\/wp-json\/wp\/v2\/pages"}],"about":[{"href":"https:\/\/livwell.be\/fr\/wp-json\/wp\/v2\/types\/page"}],"author":[{"embeddable":true,"href":"https:\/\/livwell.be\/fr\/wp-json\/wp\/v2\/users\/1"}],"replies":[{"embeddable":true,"href":"https:\/\/livwell.be\/fr\/wp-json\/wp\/v2\/comments?post=8209"}],"version-history":[{"count":8,"href":"https:\/\/livwell.be\/fr\/wp-json\/wp\/v2\/pages\/8209\/revisions"}],"predecessor-version":[{"id":53471,"href":"https:\/\/livwell.be\/fr\/wp-json\/wp\/v2\/pages\/8209\/revisions\/53471"}],"wp:featuredmedia":[{"embeddable":true,"href":"https:\/\/livwell.be\/fr\/wp-json\/wp\/v2\/media\/99"}],"wp:attachment":[{"href":"https:\/\/livwell.be\/fr\/wp-json\/wp\/v2\/media?parent=8209"}],"curies":[{"name":"wp","href":"https:\/\/api.w.org\/{rel}","templated":true}]}}