
{"id":8284,"date":"2019-10-07T15:57:01","date_gmt":"2019-10-07T13:57:01","guid":{"rendered":"https:\/\/livwell.be\/travail-sur-mesure\/"},"modified":"2023-10-30T14:00:27","modified_gmt":"2023-10-30T13:00:27","slug":"travail-sur-mesure-old","status":"publish","type":"page","link":"https:\/\/livwell.be\/fr\/travail-sur-mesure-old\/","title":{"rendered":"Travail sur mesure old"},"content":{"rendered":"\t\t<div data-elementor-type=\"wp-page\" data-elementor-id=\"8284\" class=\"elementor elementor-8284 elementor-7912\" data-elementor-settings=\"[]\">\n\t\t\t\t\t\t<div class=\"elementor-inner\">\n\t\t\t\t\t\t\t<div class=\"elementor-section-wrap\">\n\t\t\t\t\t\t\t<section class=\"elementor-section elementor-top-section elementor-element elementor-element-7b901b05 elementor-section-boxed elementor-section-height-default elementor-section-height-default\" data-id=\"7b901b05\" data-element_type=\"section\">\n\t\t\t\t\t\t<div class=\"elementor-container elementor-column-gap-default\">\n\t\t\t\t\t\t\t<div class=\"elementor-row\">\n\t\t\t\t\t<div class=\"elementor-column elementor-col-100 elementor-top-column elementor-element elementor-element-21ad51bc\" data-id=\"21ad51bc\" data-element_type=\"column\">\n\t\t\t<div class=\"elementor-column-wrap elementor-element-populated\">\n\t\t\t\t\t\t\t<div class=\"elementor-widget-wrap\">\n\t\t\t\t\t\t<div class=\"elementor-element elementor-element-6970684 elementor-widget elementor-widget-spacer\" data-id=\"6970684\" data-element_type=\"widget\" data-widget_type=\"spacer.default\">\n\t\t\t\t<div class=\"elementor-widget-container\">\n\t\t\t\t\t<div class=\"elementor-spacer\">\n\t\t\t<div class=\"elementor-spacer-inner\"><\/div>\n\t\t<\/div>\n\t\t\t\t<\/div>\n\t\t\t\t<\/div>\n\t\t\t\t<div class=\"elementor-element elementor-element-44135f70 elementor-widget elementor-widget-text-editor\" data-id=\"44135f70\" data-element_type=\"widget\" data-widget_type=\"text-editor.default\">\n\t\t\t\t<div class=\"elementor-widget-container\">\n\t\t\t\t\t<div class=\"elementor-text-editor elementor-clearfix\"><p>Livwell bvba et SpinaliS ont pour objectif d\u2019am\u00e9liorer votre confort de vie et votre ergonomie.<br \/>\nNous vivons et travaillons tous de mani\u00e8re trop statique et nous bougeons trop peu. Livwell veut vous aider \u00e0 y rem\u00e9dier.<br \/>\nNous essayons de vous maintenir physiquement en bonne sant\u00e9. Nous proposons des solutions pour am\u00e9liorer votre mal de dos, votre mal de nuque et votre stabilit\u00e9 de base. En d\u2019autres termes, nous voulons vous maintenir en forme et plein de vitalit\u00e9.<br \/>\nNos chaises et notre mobilier veillent \u00e0 cela.<\/p>\n<h2>Travail sur mesure<\/h2>\n<p>Mais nous pouvons aller plus loin encore. De nombreuses personnes ont besoin d\u2019adaptations sp\u00e9cifiques \u00e0 leur chaise ou mobilier. Nous y travaillons \u00e9galement. Nous pouvons adapter nos chaises et bureaux \u00e0 vos besoins et \u00e0 votre ergonomie.<\/p>\n<h2>Quelques exemples<\/h2>\n<\/div>\n\t\t\t\t<\/div>\n\t\t\t\t<\/div>\n\t\t\t\t<section class=\"elementor-section elementor-inner-section elementor-element elementor-element-e3ad0f1 elementor-section-boxed elementor-section-height-default elementor-section-height-default\" data-id=\"e3ad0f1\" data-element_type=\"section\">\n\t\t\t\t\t\t<div class=\"elementor-container elementor-column-gap-default\">\n\t\t\t\t\t\t\t<div class=\"elementor-row\">\n\t\t\t\t\t<div class=\"elementor-column elementor-col-50 elementor-inner-column elementor-element elementor-element-82e47d9\" data-id=\"82e47d9\" data-element_type=\"column\">\n\t\t\t<div class=\"elementor-column-wrap elementor-element-populated\">\n\t\t\t\t\t\t\t<div class=\"elementor-widget-wrap\">\n\t\t\t\t\t\t<div class=\"elementor-element elementor-element-e898569 elementor-widget elementor-widget-text-editor\" data-id=\"e898569\" data-element_type=\"widget\" data-widget_type=\"text-editor.default\">\n\t\t\t\t<div class=\"elementor-widget-container\">\n\t\t\t\t\t<div class=\"elementor-text-editor elementor-clearfix\"><p>Nous pouvons \u00e9quiper nos chaises de <strong>capuchons<\/strong> au lieu de roues.&nbsp; Parfois, il peut \u00eatre n\u00e9cessaire que la chaise reste immobile au lieu de pouvoir rouler.<\/p>\n<p><img loading=\"lazy\" decoding=\"async\" class=\"alignright size-full wp-image-7939\" src=\"https:\/\/livwell.be\/wp-content\/uploads\/2019\/06\/doppen-of-glijders.png\" alt=\"We kunnen onze stoelen uitrusten met doppen ipv wielen. Het kan nl. soms nodig zijn dat de stoel moet blijven staan ipv te rollen.\" width=\"186\" height=\"200\"><\/p>\n<\/div>\n\t\t\t\t<\/div>\n\t\t\t\t<\/div>\n\t\t\t\t\t\t<\/div>\n\t\t\t\t\t<\/div>\n\t\t<\/div>\n\t\t\t\t<div class=\"elementor-column elementor-col-50 elementor-inner-column elementor-element elementor-element-1bce6ba\" data-id=\"1bce6ba\" data-element_type=\"column\">\n\t\t\t<div class=\"elementor-column-wrap elementor-element-populated\">\n\t\t\t\t\t\t\t<div class=\"elementor-widget-wrap\">\n\t\t\t\t\t\t<div class=\"elementor-element elementor-element-8c21f0b elementor-widget elementor-widget-text-editor\" data-id=\"8c21f0b\" data-element_type=\"widget\" data-widget_type=\"text-editor.default\">\n\t\t\t\t<div class=\"elementor-widget-container\">\n\t\t\t\t\t<div class=\"elementor-text-editor elementor-clearfix\"><p>Nous pouvons baisser ou relever nos chaises \u00e0 l\u2019aide de <strong>pompes adapt\u00e9es<\/strong>.&nbsp; Parfois, il peut \u00eatre n\u00e9cessaire de travailler en \u00e9tant plus bas ou plus en hauteur.<\/p>\n<p><img loading=\"lazy\" decoding=\"async\" class=\"alignright size-full wp-image-7942\" src=\"https:\/\/livwell.be\/wp-content\/uploads\/2019\/06\/Gaveer-ACP-Standaard_Base-023.png\" alt=\"We kunnen onze stoelen verlagen of verhogen met aangepaste pompen. Het kan nl. soms nodig zijn dat men laag of hoog moet werken.\" width=\"320\" height=\"200\" srcset=\"https:\/\/livwell.be\/wp-content\/uploads\/2019\/06\/Gaveer-ACP-Standaard_Base-023.png 320w, https:\/\/livwell.be\/wp-content\/uploads\/2019\/06\/Gaveer-ACP-Standaard_Base-023-300x188.png 300w\" sizes=\"auto, (max-width: 320px) 100vw, 320px\" \/><\/p>\n<\/div>\n\t\t\t\t<\/div>\n\t\t\t\t<\/div>\n\t\t\t\t\t\t<\/div>\n\t\t\t\t\t<\/div>\n\t\t<\/div>\n\t\t\t\t\t\t\t\t<\/div>\n\t\t\t\t\t<\/div>\n\t\t<\/section>\n\t\t\t\t<section class=\"elementor-section elementor-inner-section elementor-element elementor-element-23cfa25 elementor-section-boxed elementor-section-height-default elementor-section-height-default\" data-id=\"23cfa25\" data-element_type=\"section\">\n\t\t\t\t\t\t<div class=\"elementor-container elementor-column-gap-default\">\n\t\t\t\t\t\t\t<div class=\"elementor-row\">\n\t\t\t\t\t<div class=\"elementor-column elementor-col-50 elementor-inner-column elementor-element elementor-element-134a786\" data-id=\"134a786\" data-element_type=\"column\">\n\t\t\t<div class=\"elementor-column-wrap elementor-element-populated\">\n\t\t\t\t\t\t\t<div class=\"elementor-widget-wrap\">\n\t\t\t\t\t\t<div class=\"elementor-element elementor-element-c967ee3 elementor-widget elementor-widget-text-editor\" data-id=\"c967ee3\" data-element_type=\"widget\" data-widget_type=\"text-editor.default\">\n\t\t\t\t<div class=\"elementor-widget-container\">\n\t\t\t\t\t<div class=\"elementor-text-editor elementor-clearfix\"><p>Nous pouvons \u00e9galement poser des <strong>anneaux de pied<\/strong> sur nos chaises afin de donner un support lorsque vous devez \u00eatre assis plus haut.<\/p>\n<p><img loading=\"lazy\" decoding=\"async\" class=\"alignright size-full wp-image-7948\" src=\"https:\/\/livwell.be\/wp-content\/uploads\/2019\/06\/voetsteun.png\" alt=\"We kunnen op onze stoelen voetringen plaatsen om een steun te bieden als je hoog moet zitten.\" width=\"322\" height=\"200\" srcset=\"https:\/\/livwell.be\/wp-content\/uploads\/2019\/06\/voetsteun.png 322w, https:\/\/livwell.be\/wp-content\/uploads\/2019\/06\/voetsteun-300x186.png 300w\" sizes=\"auto, (max-width: 322px) 100vw, 322px\" \/><\/p>\n<\/div>\n\t\t\t\t<\/div>\n\t\t\t\t<\/div>\n\t\t\t\t\t\t<\/div>\n\t\t\t\t\t<\/div>\n\t\t<\/div>\n\t\t\t\t<div class=\"elementor-column elementor-col-50 elementor-inner-column elementor-element elementor-element-a80a128\" data-id=\"a80a128\" data-element_type=\"column\">\n\t\t\t<div class=\"elementor-column-wrap elementor-element-populated\">\n\t\t\t\t\t\t\t<div class=\"elementor-widget-wrap\">\n\t\t\t\t\t\t<div class=\"elementor-element elementor-element-fd5e2b6 elementor-widget elementor-widget-text-editor\" data-id=\"fd5e2b6\" data-element_type=\"widget\" data-widget_type=\"text-editor.default\">\n\t\t\t\t<div class=\"elementor-widget-container\">\n\t\t\t\t\t<div class=\"elementor-text-editor elementor-clearfix\"><p>Le client veut une chaise avec <strong>commande au pied<\/strong> pour r\u00e9gler la hauteur&nbsp;?&nbsp; Ceci est \u00e9galement possible. Venez en discuter avec nous.<\/p>\n<p><img loading=\"lazy\" decoding=\"async\" class=\"alignright size-full wp-image-7945\" src=\"https:\/\/livwell.be\/wp-content\/uploads\/2019\/06\/pomp-met-voetbediening.png\" alt=\"Wilt de klant een stoel met een voetbediening om de hoogte in te stellen? Ook dat is mogelijk. Kom dit gerust met ons bespreken.\" width=\"152\" height=\"200\"><\/p>\n<\/div>\n\t\t\t\t<\/div>\n\t\t\t\t<\/div>\n\t\t\t\t\t\t<\/div>\n\t\t\t\t\t<\/div>\n\t\t<\/div>\n\t\t\t\t\t\t\t\t<\/div>\n\t\t\t\t\t<\/div>\n\t\t<\/section>\n\t\t\t\t<section class=\"elementor-section elementor-inner-section elementor-element elementor-element-af2a0a8 elementor-section-boxed elementor-section-height-default elementor-section-height-default\" data-id=\"af2a0a8\" data-element_type=\"section\">\n\t\t\t\t\t\t<div class=\"elementor-container elementor-column-gap-default\">\n\t\t\t\t\t\t\t<div class=\"elementor-row\">\n\t\t\t\t\t<div class=\"elementor-column elementor-col-50 elementor-inner-column elementor-element elementor-element-0d9b9bd\" data-id=\"0d9b9bd\" data-element_type=\"column\">\n\t\t\t<div class=\"elementor-column-wrap elementor-element-populated\">\n\t\t\t\t\t\t\t<div class=\"elementor-widget-wrap\">\n\t\t\t\t\t\t<div class=\"elementor-element elementor-element-e7f9ffb elementor-widget elementor-widget-text-editor\" data-id=\"e7f9ffb\" data-element_type=\"widget\" data-widget_type=\"text-editor.default\">\n\t\t\t\t<div class=\"elementor-widget-container\">\n\t\t\t\t\t<div class=\"elementor-text-editor elementor-clearfix\"><p>Nous pouvons \u00e9quiper nos bureaux avec <strong>des pieds en T, 4 pieds, 1 pied<\/strong>, et ce, tant pour une hauteur fixe, une hauteur r\u00e9glable que pour des hauteurs r\u00e9glables \u00e9lectriquement.<\/p>\n<\/div>\n\t\t\t\t<\/div>\n\t\t\t\t<\/div>\n\t\t\t\t\t\t<\/div>\n\t\t\t\t\t<\/div>\n\t\t<\/div>\n\t\t\t\t<div class=\"elementor-column elementor-col-50 elementor-inner-column elementor-element elementor-element-1a2082f\" data-id=\"1a2082f\" data-element_type=\"column\">\n\t\t\t<div class=\"elementor-column-wrap elementor-element-populated\">\n\t\t\t\t\t\t\t<div class=\"elementor-widget-wrap\">\n\t\t\t\t\t\t<div class=\"elementor-element elementor-element-eb47594 elementor-widget elementor-widget-text-editor\" data-id=\"eb47594\" data-element_type=\"widget\" data-widget_type=\"text-editor.default\">\n\t\t\t\t<div class=\"elementor-widget-container\">\n\t\t\t\t\t<div class=\"elementor-text-editor elementor-clearfix\"><p>Vous souhaitez une table assis-debout sans c\u00e2ble d\u2019alimentation&nbsp;?&nbsp; Pas de probl\u00e8me, nous pouvons pr\u00e9voir une <strong>batterie<\/strong>.<\/p>\n<\/div>\n\t\t\t\t<\/div>\n\t\t\t\t<\/div>\n\t\t\t\t\t\t<\/div>\n\t\t\t\t\t<\/div>\n\t\t<\/div>\n\t\t\t\t\t\t\t\t<\/div>\n\t\t\t\t\t<\/div>\n\t\t<\/section>\n\t\t\t\t<section class=\"elementor-section elementor-inner-section elementor-element elementor-element-a925e63 elementor-section-boxed elementor-section-height-default elementor-section-height-default\" data-id=\"a925e63\" data-element_type=\"section\">\n\t\t\t\t\t\t<div class=\"elementor-container elementor-column-gap-default\">\n\t\t\t\t\t\t\t<div class=\"elementor-row\">\n\t\t\t\t\t<div class=\"elementor-column elementor-col-66 elementor-inner-column elementor-element elementor-element-ef2bdff\" data-id=\"ef2bdff\" data-element_type=\"column\">\n\t\t\t<div class=\"elementor-column-wrap elementor-element-populated\">\n\t\t\t\t\t\t\t<div class=\"elementor-widget-wrap\">\n\t\t\t\t\t\t<div class=\"elementor-element elementor-element-6908e7a elementor-widget elementor-widget-text-editor\" data-id=\"6908e7a\" data-element_type=\"widget\" data-widget_type=\"text-editor.default\">\n\t\t\t\t<div class=\"elementor-widget-container\">\n\t\t\t\t\t<div class=\"elementor-text-editor elementor-clearfix\"><p>Nous pouvons cr\u00e9er nos plateaux de table dans <strong>toutes les formes<\/strong>, conform\u00e9ment \u00e0 vos souhaits.&nbsp; Nous cherchons ensemble la meilleure solution.<\/p>\n<p><img loading=\"lazy\" decoding=\"async\" class=\"alignright size-full wp-image-7954\" src=\"https:\/\/livwell.be\/wp-content\/uploads\/2019\/06\/vormen-tafelbladen.jpg\" alt=\"We kunnen onze tafelbladen in alle vormen maken, conform jouw wensen. We zoeken samen naar de beste oplossing.\" width=\"300\" height=\"400\" srcset=\"https:\/\/livwell.be\/wp-content\/uploads\/2019\/06\/vormen-tafelbladen.jpg 300w, https:\/\/livwell.be\/wp-content\/uploads\/2019\/06\/vormen-tafelbladen-225x300.jpg 225w\" sizes=\"auto, (max-width: 300px) 100vw, 300px\" \/><\/p>\n<\/div>\n\t\t\t\t<\/div>\n\t\t\t\t<\/div>\n\t\t\t\t\t\t<\/div>\n\t\t\t\t\t<\/div>\n\t\t<\/div>\n\t\t\t\t<div class=\"elementor-column elementor-col-33 elementor-inner-column elementor-element elementor-element-6727bbd\" data-id=\"6727bbd\" data-element_type=\"column\">\n\t\t\t<div class=\"elementor-column-wrap\">\n\t\t\t\t\t\t\t<div class=\"elementor-widget-wrap\">\n\t\t\t\t\t\t\t\t<\/div>\n\t\t\t\t\t<\/div>\n\t\t<\/div>\n\t\t\t\t\t\t\t\t<\/div>\n\t\t\t\t\t<\/div>\n\t\t<\/section>\n\t\t\t\t<section class=\"elementor-section elementor-inner-section elementor-element elementor-element-b53d792 elementor-section-boxed elementor-section-height-default elementor-section-height-default\" data-id=\"b53d792\" data-element_type=\"section\">\n\t\t\t\t\t\t<div class=\"elementor-container elementor-column-gap-default\">\n\t\t\t\t\t\t\t<div class=\"elementor-row\">\n\t\t\t\t\t<div class=\"elementor-column elementor-col-66 elementor-inner-column elementor-element elementor-element-69c0515\" data-id=\"69c0515\" data-element_type=\"column\">\n\t\t\t<div class=\"elementor-column-wrap elementor-element-populated\">\n\t\t\t\t\t\t\t<div class=\"elementor-widget-wrap\">\n\t\t\t\t\t\t<div class=\"elementor-element elementor-element-a858ef0 elementor-widget elementor-widget-text-editor\" data-id=\"a858ef0\" data-element_type=\"widget\" data-widget_type=\"text-editor.default\">\n\t\t\t\t<div class=\"elementor-widget-container\">\n\t\t\t\t\t<div class=\"elementor-text-editor elementor-clearfix\"><p>En d\u2019autres termes, posez vos questions et nous tenterons d\u2019y trouver une solution.<br \/>\nN\u2019h\u00e9sitez pas \u00e0 nous contacter pour prendre rendez-vous et venez nous voir dans notre showroom.<br \/>\nVous pourrez imm\u00e9diatement y trouver de nombreuses id\u00e9es.<\/p>\n<\/div>\n\t\t\t\t<\/div>\n\t\t\t\t<\/div>\n\t\t\t\t\t\t<\/div>\n\t\t\t\t\t<\/div>\n\t\t<\/div>\n\t\t\t\t<div class=\"elementor-column elementor-col-33 elementor-inner-column elementor-element elementor-element-4283309\" data-id=\"4283309\" data-element_type=\"column\">\n\t\t\t<div class=\"elementor-column-wrap\">\n\t\t\t\t\t\t\t<div class=\"elementor-widget-wrap\">\n\t\t\t\t\t\t\t\t<\/div>\n\t\t\t\t\t<\/div>\n\t\t<\/div>\n\t\t\t\t\t\t\t\t<\/div>\n\t\t\t\t\t<\/div>\n\t\t<\/section>\n\t\t\t\t\t\t<\/div>\n\t\t\t\t\t<\/div>\n\t\t<\/div>\n\t\t\t\t\t\t\t\t<\/div>\n\t\t\t\t\t<\/div>\n\t\t<\/section>\n\t\t\t\t\t\t<\/div>\n\t\t\t\t\t\t<\/div>\n\t\t\t\t\t<\/div>\n\t\t","protected":false},"excerpt":{"rendered":"<p>Livwell bvba et SpinaliS ont pour objectif d\u2019am\u00e9liorer votre confort de vie et votre ergonomie. Nous vivons et travaillons tous [&hellip;]<\/p>\n","protected":false},"author":1,"featured_media":99,"parent":0,"menu_order":0,"comment_status":"closed","ping_status":"closed","template":"","meta":{"ngg_post_thumbnail":0,"footnotes":""},"class_list":["post-8284","page","type-page","status-publish","has-post-thumbnail","hentry"],"yoast_head":"<!-- This site is optimized with the Yoast SEO plugin v25.6 - https:\/\/yoast.com\/wordpress\/plugins\/seo\/ -->\n<title>Travail sur mesure old - Livwell<\/title>\n<meta name=\"robots\" content=\"index, follow, max-snippet:-1, max-image-preview:large, max-video-preview:-1\" \/>\n<link rel=\"canonical\" href=\"https:\/\/livwell.be\/fr\/travail-sur-mesure-old\/\" \/>\n<meta property=\"og:locale\" content=\"fr_FR\" \/>\n<meta property=\"og:type\" content=\"article\" \/>\n<meta property=\"og:title\" content=\"Travail sur mesure old - Livwell\" \/>\n<meta property=\"og:description\" content=\"Livwell bvba et SpinaliS ont pour objectif d\u2019am\u00e9liorer votre confort de vie et votre ergonomie. Nous vivons et travaillons tous [&hellip;]\" \/>\n<meta property=\"og:url\" content=\"https:\/\/livwell.be\/fr\/travail-sur-mesure-old\/\" \/>\n<meta property=\"og:site_name\" content=\"Livwell\" \/>\n<meta property=\"article:publisher\" content=\"https:\/\/www.facebook.com\/Spinalis-Livwell-301461319996581\/\" \/>\n<meta property=\"article:modified_time\" content=\"2023-10-30T13:00:27+00:00\" \/>\n<meta property=\"og:image\" content=\"https:\/\/livwell.be\/wp-content\/uploads\/2018\/04\/fair-banner.jpg\" \/>\n\t<meta property=\"og:image:width\" content=\"2000\" \/>\n\t<meta property=\"og:image:height\" content=\"462\" \/>\n\t<meta property=\"og:image:type\" content=\"image\/jpeg\" \/>\n<meta name=\"twitter:card\" content=\"summary_large_image\" \/>\n<meta name=\"twitter:label1\" content=\"Dur\u00e9e de lecture estim\u00e9e\" \/>\n\t<meta name=\"twitter:data1\" content=\"2 minutes\" \/>\n<script type=\"application\/ld+json\" class=\"yoast-schema-graph\">{\"@context\":\"https:\/\/schema.org\",\"@graph\":[{\"@type\":\"WebPage\",\"@id\":\"https:\/\/livwell.be\/fr\/travail-sur-mesure-old\/\",\"url\":\"https:\/\/livwell.be\/fr\/travail-sur-mesure-old\/\",\"name\":\"Travail sur mesure old - Livwell\",\"isPartOf\":{\"@id\":\"https:\/\/livwell.be\/fr\/#website\"},\"primaryImageOfPage\":{\"@id\":\"https:\/\/livwell.be\/fr\/travail-sur-mesure-old\/#primaryimage\"},\"image\":{\"@id\":\"https:\/\/livwell.be\/fr\/travail-sur-mesure-old\/#primaryimage\"},\"thumbnailUrl\":\"https:\/\/livwell.be\/wp-content\/uploads\/2018\/04\/fair-banner.jpg\",\"datePublished\":\"2019-10-07T13:57:01+00:00\",\"dateModified\":\"2023-10-30T13:00:27+00:00\",\"breadcrumb\":{\"@id\":\"https:\/\/livwell.be\/fr\/travail-sur-mesure-old\/#breadcrumb\"},\"inLanguage\":\"fr-FR\",\"potentialAction\":[{\"@type\":\"ReadAction\",\"target\":[\"https:\/\/livwell.be\/fr\/travail-sur-mesure-old\/\"]}]},{\"@type\":\"ImageObject\",\"inLanguage\":\"fr-FR\",\"@id\":\"https:\/\/livwell.be\/fr\/travail-sur-mesure-old\/#primaryimage\",\"url\":\"https:\/\/livwell.be\/wp-content\/uploads\/2018\/04\/fair-banner.jpg\",\"contentUrl\":\"https:\/\/livwell.be\/wp-content\/uploads\/2018\/04\/fair-banner.jpg\",\"width\":2000,\"height\":462},{\"@type\":\"BreadcrumbList\",\"@id\":\"https:\/\/livwell.be\/fr\/travail-sur-mesure-old\/#breadcrumb\",\"itemListElement\":[{\"@type\":\"ListItem\",\"position\":1,\"name\":\"Home\",\"item\":\"https:\/\/livwell.be\/fr\/\"},{\"@type\":\"ListItem\",\"position\":2,\"name\":\"Travail sur mesure old\"}]},{\"@type\":\"WebSite\",\"@id\":\"https:\/\/livwell.be\/fr\/#website\",\"url\":\"https:\/\/livwell.be\/fr\/\",\"name\":\"Livwell\",\"description\":\"\",\"publisher\":{\"@id\":\"https:\/\/livwell.be\/fr\/#organization\"},\"potentialAction\":[{\"@type\":\"SearchAction\",\"target\":{\"@type\":\"EntryPoint\",\"urlTemplate\":\"https:\/\/livwell.be\/fr\/?s={search_term_string}\"},\"query-input\":{\"@type\":\"PropertyValueSpecification\",\"valueRequired\":true,\"valueName\":\"search_term_string\"}}],\"inLanguage\":\"fr-FR\"},{\"@type\":\"Organization\",\"@id\":\"https:\/\/livwell.be\/fr\/#organization\",\"name\":\"Livwell\",\"url\":\"https:\/\/livwell.be\/fr\/\",\"logo\":{\"@type\":\"ImageObject\",\"inLanguage\":\"fr-FR\",\"@id\":\"https:\/\/livwell.be\/fr\/#\/schema\/logo\/image\/\",\"url\":\"https:\/\/livwell.be\/wp-content\/uploads\/2019\/05\/livwell-logo.png\",\"contentUrl\":\"https:\/\/livwell.be\/wp-content\/uploads\/2019\/05\/livwell-logo.png\",\"width\":101,\"height\":105,\"caption\":\"Livwell\"},\"image\":{\"@id\":\"https:\/\/livwell.be\/fr\/#\/schema\/logo\/image\/\"},\"sameAs\":[\"https:\/\/www.facebook.com\/Spinalis-Livwell-301461319996581\/\",\"https:\/\/www.instagram.com\/livwell001\/\"]}]}<\/script>\n<!-- \/ Yoast SEO plugin. -->","yoast_head_json":{"title":"Travail sur mesure old - Livwell","robots":{"index":"index","follow":"follow","max-snippet":"max-snippet:-1","max-image-preview":"max-image-preview:large","max-video-preview":"max-video-preview:-1"},"canonical":"https:\/\/livwell.be\/fr\/travail-sur-mesure-old\/","og_locale":"fr_FR","og_type":"article","og_title":"Travail sur mesure old - Livwell","og_description":"Livwell bvba et SpinaliS ont pour objectif d\u2019am\u00e9liorer votre confort de vie et votre ergonomie. Nous vivons et travaillons tous [&hellip;]","og_url":"https:\/\/livwell.be\/fr\/travail-sur-mesure-old\/","og_site_name":"Livwell","article_publisher":"https:\/\/www.facebook.com\/Spinalis-Livwell-301461319996581\/","article_modified_time":"2023-10-30T13:00:27+00:00","og_image":[{"width":2000,"height":462,"url":"https:\/\/livwell.be\/wp-content\/uploads\/2018\/04\/fair-banner.jpg","type":"image\/jpeg"}],"twitter_card":"summary_large_image","twitter_misc":{"Dur\u00e9e de lecture estim\u00e9e":"2 minutes"},"schema":{"@context":"https:\/\/schema.org","@graph":[{"@type":"WebPage","@id":"https:\/\/livwell.be\/fr\/travail-sur-mesure-old\/","url":"https:\/\/livwell.be\/fr\/travail-sur-mesure-old\/","name":"Travail sur mesure old - Livwell","isPartOf":{"@id":"https:\/\/livwell.be\/fr\/#website"},"primaryImageOfPage":{"@id":"https:\/\/livwell.be\/fr\/travail-sur-mesure-old\/#primaryimage"},"image":{"@id":"https:\/\/livwell.be\/fr\/travail-sur-mesure-old\/#primaryimage"},"thumbnailUrl":"https:\/\/livwell.be\/wp-content\/uploads\/2018\/04\/fair-banner.jpg","datePublished":"2019-10-07T13:57:01+00:00","dateModified":"2023-10-30T13:00:27+00:00","breadcrumb":{"@id":"https:\/\/livwell.be\/fr\/travail-sur-mesure-old\/#breadcrumb"},"inLanguage":"fr-FR","potentialAction":[{"@type":"ReadAction","target":["https:\/\/livwell.be\/fr\/travail-sur-mesure-old\/"]}]},{"@type":"ImageObject","inLanguage":"fr-FR","@id":"https:\/\/livwell.be\/fr\/travail-sur-mesure-old\/#primaryimage","url":"https:\/\/livwell.be\/wp-content\/uploads\/2018\/04\/fair-banner.jpg","contentUrl":"https:\/\/livwell.be\/wp-content\/uploads\/2018\/04\/fair-banner.jpg","width":2000,"height":462},{"@type":"BreadcrumbList","@id":"https:\/\/livwell.be\/fr\/travail-sur-mesure-old\/#breadcrumb","itemListElement":[{"@type":"ListItem","position":1,"name":"Home","item":"https:\/\/livwell.be\/fr\/"},{"@type":"ListItem","position":2,"name":"Travail sur mesure old"}]},{"@type":"WebSite","@id":"https:\/\/livwell.be\/fr\/#website","url":"https:\/\/livwell.be\/fr\/","name":"Livwell","description":"","publisher":{"@id":"https:\/\/livwell.be\/fr\/#organization"},"potentialAction":[{"@type":"SearchAction","target":{"@type":"EntryPoint","urlTemplate":"https:\/\/livwell.be\/fr\/?s={search_term_string}"},"query-input":{"@type":"PropertyValueSpecification","valueRequired":true,"valueName":"search_term_string"}}],"inLanguage":"fr-FR"},{"@type":"Organization","@id":"https:\/\/livwell.be\/fr\/#organization","name":"Livwell","url":"https:\/\/livwell.be\/fr\/","logo":{"@type":"ImageObject","inLanguage":"fr-FR","@id":"https:\/\/livwell.be\/fr\/#\/schema\/logo\/image\/","url":"https:\/\/livwell.be\/wp-content\/uploads\/2019\/05\/livwell-logo.png","contentUrl":"https:\/\/livwell.be\/wp-content\/uploads\/2019\/05\/livwell-logo.png","width":101,"height":105,"caption":"Livwell"},"image":{"@id":"https:\/\/livwell.be\/fr\/#\/schema\/logo\/image\/"},"sameAs":["https:\/\/www.facebook.com\/Spinalis-Livwell-301461319996581\/","https:\/\/www.instagram.com\/livwell001\/"]}]}},"_links":{"self":[{"href":"https:\/\/livwell.be\/fr\/wp-json\/wp\/v2\/pages\/8284","targetHints":{"allow":["GET"]}}],"collection":[{"href":"https:\/\/livwell.be\/fr\/wp-json\/wp\/v2\/pages"}],"about":[{"href":"https:\/\/livwell.be\/fr\/wp-json\/wp\/v2\/types\/page"}],"author":[{"embeddable":true,"href":"https:\/\/livwell.be\/fr\/wp-json\/wp\/v2\/users\/1"}],"replies":[{"embeddable":true,"href":"https:\/\/livwell.be\/fr\/wp-json\/wp\/v2\/comments?post=8284"}],"version-history":[{"count":6,"href":"https:\/\/livwell.be\/fr\/wp-json\/wp\/v2\/pages\/8284\/revisions"}],"predecessor-version":[{"id":53479,"href":"https:\/\/livwell.be\/fr\/wp-json\/wp\/v2\/pages\/8284\/revisions\/53479"}],"wp:featuredmedia":[{"embeddable":true,"href":"https:\/\/livwell.be\/fr\/wp-json\/wp\/v2\/media\/99"}],"wp:attachment":[{"href":"https:\/\/livwell.be\/fr\/wp-json\/wp\/v2\/media?parent=8284"}],"curies":[{"name":"wp","href":"https:\/\/api.w.org\/{rel}","templated":true}]}}