
{"id":1107,"date":"2018-04-30T12:57:44","date_gmt":"2018-04-30T12:57:44","guid":{"rendered":"https:\/\/livwell.be\/product\/spinalis-hacker\/"},"modified":"2020-08-01T00:19:26","modified_gmt":"2020-07-31T22:19:26","slug":"spinalis-hacker","status":"publish","type":"product","link":"https:\/\/livwell.be\/fr\/produit\/spinalis-hacker\/","title":{"rendered":"SpinaliS Hacker"},"content":{"rendered":"<p>SpinaliS Hacker poss\u00e8de un si\u00e8ge mobile et un dossier dans la forme de votre colonne vert\u00e9brale. Ce dossier est fabriqu\u00e9 dans un filet &lsquo;air perm\u00e9able&rsquo;, muni d&rsquo;un renforcement au niveau de la colonne vert\u00e9brale. Le cadre du mod\u00e8le de base est noir et l&rsquo;habillage en coton du si\u00e8ge et du dossier est en imitation cuir. La chaise est disponible en huit couleurs mais le filet est toujours noir. Le si\u00e8ge mobile est r\u00e9glable en hauteur. Le dossier bouge de fa\u00e7on harmonieuse avec votre corps et supporte l&rsquo;enti\u00e8ret\u00e9 de votre dos. Les accoudoirs et le dossier sont \u00e9galement r\u00e9glables en hauteur.<\/p>\n<p>Faites-vous plaisir. Offrez-vous une chaise SpinaliS<\/p>\n<p>Caract\u00e9ristiques techniques :<\/p>\n<ul>\n<li>Habillage : mat\u00e9riel en coton, apparence cuir &#8211; Renna et filet textile Rete<\/li>\n<li>Poids : 12,5 kg<\/li>\n<li>Dimensions : largeur 63 cm, profondeur 63 cm, hauteur de 97 \u00e0 119 cm<\/li>\n<li>Poids permis : de 40 \u00e0 110 kg<\/li>\n<li>Dimensions de l&#8217;emballage: 54 x 52 x 62 cm<\/li>\n<\/ul>\n<p><iframe loading=\"lazy\" src=\"https:\/\/www.youtube.com\/embed\/tvV8E4OgI3o\" allowfullscreen=\"allowfullscreen\" width=\"100%\" height=\"315\" frameborder=\"0\"><\/iframe><\/p>\n","protected":false},"excerpt":{"rendered":"<p>SpinaliS Hacker poss\u00e8de un si\u00e8ge mobile et un dossier dans la forme de votre colonne vert\u00e9brale. Ce dossier est fabriqu\u00e9 [&hellip;]<\/p>\n","protected":false},"featured_media":1055,"comment_status":"open","ping_status":"closed","template":"","meta":{"ngg_post_thumbnail":0},"product_brand":[],"product_cat":[25],"product_tag":[],"brand":[],"material":[],"class_list":{"0":"post-1107","1":"product","2":"type-product","3":"status-publish","4":"has-post-thumbnail","6":"product_cat-chaises-spinalis","7":"product_shipping_class-50-euro-fr","9":"first","10":"instock","11":"taxable","12":"shipping-taxable","13":"purchasable","14":"product-type-variable"},"yoast_head":"<!-- This site is optimized with the Yoast SEO plugin v25.6 - https:\/\/yoast.com\/wordpress\/plugins\/seo\/ -->\n<title>SpinaliS Hacker - Livwell<\/title>\n<meta name=\"robots\" content=\"index, follow, max-snippet:-1, max-image-preview:large, max-video-preview:-1\" \/>\n<link rel=\"canonical\" href=\"https:\/\/livwell.be\/fr\/produit\/spinalis-hacker\/\" \/>\n<meta property=\"og:locale\" content=\"fr_FR\" \/>\n<meta property=\"og:type\" content=\"article\" \/>\n<meta property=\"og:title\" content=\"SpinaliS Hacker - Livwell\" \/>\n<meta property=\"og:description\" content=\"SpinaliS Hacker poss\u00e8de un si\u00e8ge mobile et un dossier dans la forme de votre colonne vert\u00e9brale. Ce dossier est fabriqu\u00e9 [&hellip;]\" \/>\n<meta property=\"og:url\" content=\"https:\/\/livwell.be\/fr\/produit\/spinalis-hacker\/\" \/>\n<meta property=\"og:site_name\" content=\"Livwell\" \/>\n<meta property=\"article:publisher\" content=\"https:\/\/www.facebook.com\/Spinalis-Livwell-301461319996581\/\" \/>\n<meta property=\"article:modified_time\" content=\"2020-07-31T22:19:26+00:00\" \/>\n<meta property=\"og:image\" content=\"https:\/\/livwell.be\/wp-content\/uploads\/2018\/04\/chaise-de-bureau-ergonomique-pour-e\u0301viter-mal-au-dos-spinalis-hacker-HK-R711-GRY-B-F.jpg\" \/>\n\t<meta property=\"og:image:width\" content=\"800\" \/>\n\t<meta property=\"og:image:height\" content=\"1200\" \/>\n\t<meta property=\"og:image:type\" content=\"image\/jpeg\" \/>\n<meta name=\"twitter:card\" content=\"summary_large_image\" \/>\n<meta name=\"twitter:label1\" content=\"Dur\u00e9e de lecture estim\u00e9e\" \/>\n\t<meta name=\"twitter:data1\" content=\"1 minute\" \/>\n<script type=\"application\/ld+json\" class=\"yoast-schema-graph\">{\"@context\":\"https:\/\/schema.org\",\"@graph\":[{\"@type\":\"WebPage\",\"@id\":\"https:\/\/livwell.be\/fr\/produit\/spinalis-hacker\/\",\"url\":\"https:\/\/livwell.be\/fr\/produit\/spinalis-hacker\/\",\"name\":\"SpinaliS Hacker - Livwell\",\"isPartOf\":{\"@id\":\"https:\/\/livwell.be\/fr\/#website\"},\"primaryImageOfPage\":{\"@id\":\"https:\/\/livwell.be\/fr\/produit\/spinalis-hacker\/#primaryimage\"},\"image\":{\"@id\":\"https:\/\/livwell.be\/fr\/produit\/spinalis-hacker\/#primaryimage\"},\"thumbnailUrl\":\"https:\/\/livwell.be\/wp-content\/uploads\/2018\/04\/chaise-de-bureau-ergonomique-pour-e\u0301viter-mal-au-dos-spinalis-hacker-HK-R711-GRY-B-F.jpg\",\"datePublished\":\"2018-04-30T12:57:44+00:00\",\"dateModified\":\"2020-07-31T22:19:26+00:00\",\"breadcrumb\":{\"@id\":\"https:\/\/livwell.be\/fr\/produit\/spinalis-hacker\/#breadcrumb\"},\"inLanguage\":\"fr-FR\",\"potentialAction\":[{\"@type\":\"ReadAction\",\"target\":[\"https:\/\/livwell.be\/fr\/produit\/spinalis-hacker\/\"]}]},{\"@type\":\"ImageObject\",\"inLanguage\":\"fr-FR\",\"@id\":\"https:\/\/livwell.be\/fr\/produit\/spinalis-hacker\/#primaryimage\",\"url\":\"https:\/\/livwell.be\/wp-content\/uploads\/2018\/04\/chaise-de-bureau-ergonomique-pour-e\u0301viter-mal-au-dos-spinalis-hacker-HK-R711-GRY-B-F.jpg\",\"contentUrl\":\"https:\/\/livwell.be\/wp-content\/uploads\/2018\/04\/chaise-de-bureau-ergonomique-pour-e\u0301viter-mal-au-dos-spinalis-hacker-HK-R711-GRY-B-F.jpg\",\"width\":800,\"height\":1200,\"caption\":\"Chaise de bureau ergonomique pour \u00e9viter mal au dos SpinaliS Hacker HK-R711-GRY-B-F\"},{\"@type\":\"BreadcrumbList\",\"@id\":\"https:\/\/livwell.be\/fr\/produit\/spinalis-hacker\/#breadcrumb\",\"itemListElement\":[{\"@type\":\"ListItem\",\"position\":1,\"name\":\"Home\",\"item\":\"https:\/\/livwell.be\/fr\/\"},{\"@type\":\"ListItem\",\"position\":2,\"name\":\"Produits\",\"item\":\"https:\/\/livwell.be\/fr\/produits\/\"},{\"@type\":\"ListItem\",\"position\":3,\"name\":\"SpinaliS Hacker\"}]},{\"@type\":\"WebSite\",\"@id\":\"https:\/\/livwell.be\/fr\/#website\",\"url\":\"https:\/\/livwell.be\/fr\/\",\"name\":\"Livwell\",\"description\":\"\",\"publisher\":{\"@id\":\"https:\/\/livwell.be\/fr\/#organization\"},\"potentialAction\":[{\"@type\":\"SearchAction\",\"target\":{\"@type\":\"EntryPoint\",\"urlTemplate\":\"https:\/\/livwell.be\/fr\/?s={search_term_string}\"},\"query-input\":{\"@type\":\"PropertyValueSpecification\",\"valueRequired\":true,\"valueName\":\"search_term_string\"}}],\"inLanguage\":\"fr-FR\"},{\"@type\":\"Organization\",\"@id\":\"https:\/\/livwell.be\/fr\/#organization\",\"name\":\"Livwell\",\"url\":\"https:\/\/livwell.be\/fr\/\",\"logo\":{\"@type\":\"ImageObject\",\"inLanguage\":\"fr-FR\",\"@id\":\"https:\/\/livwell.be\/fr\/#\/schema\/logo\/image\/\",\"url\":\"https:\/\/livwell.be\/wp-content\/uploads\/2019\/05\/livwell-logo.png\",\"contentUrl\":\"https:\/\/livwell.be\/wp-content\/uploads\/2019\/05\/livwell-logo.png\",\"width\":101,\"height\":105,\"caption\":\"Livwell\"},\"image\":{\"@id\":\"https:\/\/livwell.be\/fr\/#\/schema\/logo\/image\/\"},\"sameAs\":[\"https:\/\/www.facebook.com\/Spinalis-Livwell-301461319996581\/\",\"https:\/\/www.instagram.com\/livwell001\/\"]}]}<\/script>\n<!-- \/ Yoast SEO plugin. -->","yoast_head_json":{"title":"SpinaliS Hacker - Livwell","robots":{"index":"index","follow":"follow","max-snippet":"max-snippet:-1","max-image-preview":"max-image-preview:large","max-video-preview":"max-video-preview:-1"},"canonical":"https:\/\/livwell.be\/fr\/produit\/spinalis-hacker\/","og_locale":"fr_FR","og_type":"article","og_title":"SpinaliS Hacker - Livwell","og_description":"SpinaliS Hacker poss\u00e8de un si\u00e8ge mobile et un dossier dans la forme de votre colonne vert\u00e9brale. Ce dossier est fabriqu\u00e9 [&hellip;]","og_url":"https:\/\/livwell.be\/fr\/produit\/spinalis-hacker\/","og_site_name":"Livwell","article_publisher":"https:\/\/www.facebook.com\/Spinalis-Livwell-301461319996581\/","article_modified_time":"2020-07-31T22:19:26+00:00","og_image":[{"width":800,"height":1200,"url":"https:\/\/livwell.be\/wp-content\/uploads\/2018\/04\/chaise-de-bureau-ergonomique-pour-e\u0301viter-mal-au-dos-spinalis-hacker-HK-R711-GRY-B-F.jpg","type":"image\/jpeg"}],"twitter_card":"summary_large_image","twitter_misc":{"Dur\u00e9e de lecture estim\u00e9e":"1 minute"},"schema":{"@context":"https:\/\/schema.org","@graph":[{"@type":"WebPage","@id":"https:\/\/livwell.be\/fr\/produit\/spinalis-hacker\/","url":"https:\/\/livwell.be\/fr\/produit\/spinalis-hacker\/","name":"SpinaliS Hacker - Livwell","isPartOf":{"@id":"https:\/\/livwell.be\/fr\/#website"},"primaryImageOfPage":{"@id":"https:\/\/livwell.be\/fr\/produit\/spinalis-hacker\/#primaryimage"},"image":{"@id":"https:\/\/livwell.be\/fr\/produit\/spinalis-hacker\/#primaryimage"},"thumbnailUrl":"https:\/\/livwell.be\/wp-content\/uploads\/2018\/04\/chaise-de-bureau-ergonomique-pour-e\u0301viter-mal-au-dos-spinalis-hacker-HK-R711-GRY-B-F.jpg","datePublished":"2018-04-30T12:57:44+00:00","dateModified":"2020-07-31T22:19:26+00:00","breadcrumb":{"@id":"https:\/\/livwell.be\/fr\/produit\/spinalis-hacker\/#breadcrumb"},"inLanguage":"fr-FR","potentialAction":[{"@type":"ReadAction","target":["https:\/\/livwell.be\/fr\/produit\/spinalis-hacker\/"]}]},{"@type":"ImageObject","inLanguage":"fr-FR","@id":"https:\/\/livwell.be\/fr\/produit\/spinalis-hacker\/#primaryimage","url":"https:\/\/livwell.be\/wp-content\/uploads\/2018\/04\/chaise-de-bureau-ergonomique-pour-e\u0301viter-mal-au-dos-spinalis-hacker-HK-R711-GRY-B-F.jpg","contentUrl":"https:\/\/livwell.be\/wp-content\/uploads\/2018\/04\/chaise-de-bureau-ergonomique-pour-e\u0301viter-mal-au-dos-spinalis-hacker-HK-R711-GRY-B-F.jpg","width":800,"height":1200,"caption":"Chaise de bureau ergonomique pour \u00e9viter mal au dos SpinaliS Hacker HK-R711-GRY-B-F"},{"@type":"BreadcrumbList","@id":"https:\/\/livwell.be\/fr\/produit\/spinalis-hacker\/#breadcrumb","itemListElement":[{"@type":"ListItem","position":1,"name":"Home","item":"https:\/\/livwell.be\/fr\/"},{"@type":"ListItem","position":2,"name":"Produits","item":"https:\/\/livwell.be\/fr\/produits\/"},{"@type":"ListItem","position":3,"name":"SpinaliS Hacker"}]},{"@type":"WebSite","@id":"https:\/\/livwell.be\/fr\/#website","url":"https:\/\/livwell.be\/fr\/","name":"Livwell","description":"","publisher":{"@id":"https:\/\/livwell.be\/fr\/#organization"},"potentialAction":[{"@type":"SearchAction","target":{"@type":"EntryPoint","urlTemplate":"https:\/\/livwell.be\/fr\/?s={search_term_string}"},"query-input":{"@type":"PropertyValueSpecification","valueRequired":true,"valueName":"search_term_string"}}],"inLanguage":"fr-FR"},{"@type":"Organization","@id":"https:\/\/livwell.be\/fr\/#organization","name":"Livwell","url":"https:\/\/livwell.be\/fr\/","logo":{"@type":"ImageObject","inLanguage":"fr-FR","@id":"https:\/\/livwell.be\/fr\/#\/schema\/logo\/image\/","url":"https:\/\/livwell.be\/wp-content\/uploads\/2019\/05\/livwell-logo.png","contentUrl":"https:\/\/livwell.be\/wp-content\/uploads\/2019\/05\/livwell-logo.png","width":101,"height":105,"caption":"Livwell"},"image":{"@id":"https:\/\/livwell.be\/fr\/#\/schema\/logo\/image\/"},"sameAs":["https:\/\/www.facebook.com\/Spinalis-Livwell-301461319996581\/","https:\/\/www.instagram.com\/livwell001\/"]}]}},"_links":{"self":[{"href":"https:\/\/livwell.be\/fr\/wp-json\/wp\/v2\/product\/1107","targetHints":{"allow":["GET"]}}],"collection":[{"href":"https:\/\/livwell.be\/fr\/wp-json\/wp\/v2\/product"}],"about":[{"href":"https:\/\/livwell.be\/fr\/wp-json\/wp\/v2\/types\/product"}],"replies":[{"embeddable":true,"href":"https:\/\/livwell.be\/fr\/wp-json\/wp\/v2\/comments?post=1107"}],"wp:featuredmedia":[{"embeddable":true,"href":"https:\/\/livwell.be\/fr\/wp-json\/wp\/v2\/media\/1055"}],"wp:attachment":[{"href":"https:\/\/livwell.be\/fr\/wp-json\/wp\/v2\/media?parent=1107"}],"wp:term":[{"taxonomy":"product_brand","embeddable":true,"href":"https:\/\/livwell.be\/fr\/wp-json\/wp\/v2\/product_brand?post=1107"},{"taxonomy":"product_cat","embeddable":true,"href":"https:\/\/livwell.be\/fr\/wp-json\/wp\/v2\/product_cat?post=1107"},{"taxonomy":"product_tag","embeddable":true,"href":"https:\/\/livwell.be\/fr\/wp-json\/wp\/v2\/product_tag?post=1107"},{"taxonomy":"brand","embeddable":true,"href":"https:\/\/livwell.be\/fr\/wp-json\/wp\/v2\/brand?post=1107"},{"taxonomy":"material","embeddable":true,"href":"https:\/\/livwell.be\/fr\/wp-json\/wp\/v2\/material?post=1107"}],"curies":[{"name":"wp","href":"https:\/\/api.w.org\/{rel}","templated":true}]}}