
{"id":1218,"date":"2018-05-07T13:26:38","date_gmt":"2018-05-07T13:26:38","guid":{"rendered":"https:\/\/livwell.be\/?post_type=product&#038;p=1218"},"modified":"2024-07-08T09:44:15","modified_gmt":"2024-07-08T07:44:15","slug":"spinalis-apollo","status":"publish","type":"product","link":"https:\/\/livwell.be\/fr\/produit\/spinalis-apollo\/","title":{"rendered":"SpinaliS Apollo"},"content":{"rendered":"<p>SpinaliS Apollo est diff\u00e9rent. Le si\u00e8ge est mobile et vous emp\u00eache d&rsquo;\u00eatre mal assis. La chaise poss\u00e8de des rembourrages sp\u00e9ciaux afin de pr\u00e9server votre r\u00e9gion lombaire. Elle est disponible en huit couleurs, le cadre du mod\u00e8le de base est noir et l&rsquo;habillage est en imitation cuir. Le si\u00e8ge mobile est r\u00e9glable en hauteur.<\/p>\n<p>Le dossier s&rsquo;adapte parfaitement \u00e0 votre dos, est rembourr\u00e9 au niveau des lombaires et le dossier ainsi que les accoudoirs sont r\u00e9glables en hauteur.<\/p>\n<p>L&rsquo;\u00e9l\u00e9gance simple : SpinaliS Apollo<\/p>\n<p>Caract\u00e9ristiques techniques :<\/p>\n<ul>\n<li>Habillage : \u2022 mat\u00e9riel apparence cuir &#8211; Renna<\/li>\n<li>Poids : 13,5 kg<\/li>\n<li>Dimensions : largeur 63 cm, profondeur 63 cm, hauteur de 104 \u00e0 126 cm<\/li>\n<li>Poids permis : de 40 \u00e0 110 kg<\/li>\n<li>Dimensions de l&#8217;emballage: 54 x 52 x 62 cm<\/li>\n<\/ul>\n<p><iframe loading=\"lazy\" src=\"https:\/\/www.youtube.com\/embed\/tvV8E4OgI3o\" allowfullscreen=\"allowfullscreen\" width=\"100%\" height=\"315\" frameborder=\"0\"><\/iframe><\/p>\n","protected":false},"excerpt":{"rendered":"<p>SpinaliS Apollo est diff\u00e9rent. Le si\u00e8ge est mobile et vous emp\u00eache d&rsquo;\u00eatre mal assis. La chaise poss\u00e8de des rembourrages sp\u00e9ciaux [&hellip;]<\/p>\n","protected":false},"featured_media":1156,"comment_status":"open","ping_status":"closed","template":"","meta":{"ngg_post_thumbnail":0},"product_brand":[],"product_cat":[25],"product_tag":[],"brand":[],"material":[],"class_list":{"0":"post-1218","1":"product","2":"type-product","3":"status-publish","4":"has-post-thumbnail","6":"product_cat-chaises-spinalis","7":"product_shipping_class-50-euro-fr","9":"first","10":"instock","11":"taxable","12":"shipping-taxable","13":"purchasable","14":"product-type-variable"},"yoast_head":"<!-- This site is optimized with the Yoast SEO plugin v25.6 - https:\/\/yoast.com\/wordpress\/plugins\/seo\/ -->\n<title>SpinaliS Apollo - Livwell<\/title>\n<meta name=\"robots\" content=\"index, follow, max-snippet:-1, max-image-preview:large, max-video-preview:-1\" \/>\n<link rel=\"canonical\" href=\"https:\/\/livwell.be\/fr\/produit\/spinalis-apollo\/\" \/>\n<meta property=\"og:locale\" content=\"fr_FR\" \/>\n<meta property=\"og:type\" content=\"article\" \/>\n<meta property=\"og:title\" content=\"SpinaliS Apollo - Livwell\" \/>\n<meta property=\"og:description\" content=\"SpinaliS Apollo est diff\u00e9rent. Le si\u00e8ge est mobile et vous emp\u00eache d&rsquo;\u00eatre mal assis. La chaise poss\u00e8de des rembourrages sp\u00e9ciaux [&hellip;]\" \/>\n<meta property=\"og:url\" content=\"https:\/\/livwell.be\/fr\/produit\/spinalis-apollo\/\" \/>\n<meta property=\"og:site_name\" content=\"Livwell\" \/>\n<meta property=\"article:publisher\" content=\"https:\/\/www.facebook.com\/Spinalis-Livwell-301461319996581\/\" \/>\n<meta property=\"article:modified_time\" content=\"2024-07-08T07:44:15+00:00\" \/>\n<meta property=\"og:image\" content=\"https:\/\/livwell.be\/wp-content\/uploads\/2018\/05\/Spinalis-active-ergonomic-office-chair-Apollo-AP-R500-DBL-B-F.jpg\" \/>\n\t<meta property=\"og:image:width\" content=\"800\" \/>\n\t<meta property=\"og:image:height\" content=\"1200\" \/>\n\t<meta property=\"og:image:type\" content=\"image\/jpeg\" \/>\n<meta name=\"twitter:card\" content=\"summary_large_image\" \/>\n<meta name=\"twitter:label1\" content=\"Dur\u00e9e de lecture estim\u00e9e\" \/>\n\t<meta name=\"twitter:data1\" content=\"1 minute\" \/>\n<script type=\"application\/ld+json\" class=\"yoast-schema-graph\">{\"@context\":\"https:\/\/schema.org\",\"@graph\":[{\"@type\":\"WebPage\",\"@id\":\"https:\/\/livwell.be\/fr\/produit\/spinalis-apollo\/\",\"url\":\"https:\/\/livwell.be\/fr\/produit\/spinalis-apollo\/\",\"name\":\"SpinaliS Apollo - Livwell\",\"isPartOf\":{\"@id\":\"https:\/\/livwell.be\/fr\/#website\"},\"primaryImageOfPage\":{\"@id\":\"https:\/\/livwell.be\/fr\/produit\/spinalis-apollo\/#primaryimage\"},\"image\":{\"@id\":\"https:\/\/livwell.be\/fr\/produit\/spinalis-apollo\/#primaryimage\"},\"thumbnailUrl\":\"https:\/\/livwell.be\/wp-content\/uploads\/2018\/05\/Spinalis-active-ergonomic-office-chair-Apollo-AP-R500-DBL-B-F.jpg\",\"datePublished\":\"2018-05-07T13:26:38+00:00\",\"dateModified\":\"2024-07-08T07:44:15+00:00\",\"breadcrumb\":{\"@id\":\"https:\/\/livwell.be\/fr\/produit\/spinalis-apollo\/#breadcrumb\"},\"inLanguage\":\"fr-FR\",\"potentialAction\":[{\"@type\":\"ReadAction\",\"target\":[\"https:\/\/livwell.be\/fr\/produit\/spinalis-apollo\/\"]}]},{\"@type\":\"ImageObject\",\"inLanguage\":\"fr-FR\",\"@id\":\"https:\/\/livwell.be\/fr\/produit\/spinalis-apollo\/#primaryimage\",\"url\":\"https:\/\/livwell.be\/wp-content\/uploads\/2018\/05\/Spinalis-active-ergonomic-office-chair-Apollo-AP-R500-DBL-B-F.jpg\",\"contentUrl\":\"https:\/\/livwell.be\/wp-content\/uploads\/2018\/05\/Spinalis-active-ergonomic-office-chair-Apollo-AP-R500-DBL-B-F.jpg\",\"width\":800,\"height\":1200,\"caption\":\"Chaise de bureau ergonomique active SpinaliS Apollo AP-R500-DBL-B-F-2\"},{\"@type\":\"BreadcrumbList\",\"@id\":\"https:\/\/livwell.be\/fr\/produit\/spinalis-apollo\/#breadcrumb\",\"itemListElement\":[{\"@type\":\"ListItem\",\"position\":1,\"name\":\"Home\",\"item\":\"https:\/\/livwell.be\/fr\/\"},{\"@type\":\"ListItem\",\"position\":2,\"name\":\"Produits\",\"item\":\"https:\/\/livwell.be\/fr\/produits\/\"},{\"@type\":\"ListItem\",\"position\":3,\"name\":\"SpinaliS Apollo\"}]},{\"@type\":\"WebSite\",\"@id\":\"https:\/\/livwell.be\/fr\/#website\",\"url\":\"https:\/\/livwell.be\/fr\/\",\"name\":\"Livwell\",\"description\":\"\",\"publisher\":{\"@id\":\"https:\/\/livwell.be\/fr\/#organization\"},\"potentialAction\":[{\"@type\":\"SearchAction\",\"target\":{\"@type\":\"EntryPoint\",\"urlTemplate\":\"https:\/\/livwell.be\/fr\/?s={search_term_string}\"},\"query-input\":{\"@type\":\"PropertyValueSpecification\",\"valueRequired\":true,\"valueName\":\"search_term_string\"}}],\"inLanguage\":\"fr-FR\"},{\"@type\":\"Organization\",\"@id\":\"https:\/\/livwell.be\/fr\/#organization\",\"name\":\"Livwell\",\"url\":\"https:\/\/livwell.be\/fr\/\",\"logo\":{\"@type\":\"ImageObject\",\"inLanguage\":\"fr-FR\",\"@id\":\"https:\/\/livwell.be\/fr\/#\/schema\/logo\/image\/\",\"url\":\"https:\/\/livwell.be\/wp-content\/uploads\/2019\/05\/livwell-logo.png\",\"contentUrl\":\"https:\/\/livwell.be\/wp-content\/uploads\/2019\/05\/livwell-logo.png\",\"width\":101,\"height\":105,\"caption\":\"Livwell\"},\"image\":{\"@id\":\"https:\/\/livwell.be\/fr\/#\/schema\/logo\/image\/\"},\"sameAs\":[\"https:\/\/www.facebook.com\/Spinalis-Livwell-301461319996581\/\",\"https:\/\/www.instagram.com\/livwell001\/\"]}]}<\/script>\n<!-- \/ Yoast SEO plugin. -->","yoast_head_json":{"title":"SpinaliS Apollo - Livwell","robots":{"index":"index","follow":"follow","max-snippet":"max-snippet:-1","max-image-preview":"max-image-preview:large","max-video-preview":"max-video-preview:-1"},"canonical":"https:\/\/livwell.be\/fr\/produit\/spinalis-apollo\/","og_locale":"fr_FR","og_type":"article","og_title":"SpinaliS Apollo - Livwell","og_description":"SpinaliS Apollo est diff\u00e9rent. Le si\u00e8ge est mobile et vous emp\u00eache d&rsquo;\u00eatre mal assis. La chaise poss\u00e8de des rembourrages sp\u00e9ciaux [&hellip;]","og_url":"https:\/\/livwell.be\/fr\/produit\/spinalis-apollo\/","og_site_name":"Livwell","article_publisher":"https:\/\/www.facebook.com\/Spinalis-Livwell-301461319996581\/","article_modified_time":"2024-07-08T07:44:15+00:00","og_image":[{"width":800,"height":1200,"url":"https:\/\/livwell.be\/wp-content\/uploads\/2018\/05\/Spinalis-active-ergonomic-office-chair-Apollo-AP-R500-DBL-B-F.jpg","type":"image\/jpeg"}],"twitter_card":"summary_large_image","twitter_misc":{"Dur\u00e9e de lecture estim\u00e9e":"1 minute"},"schema":{"@context":"https:\/\/schema.org","@graph":[{"@type":"WebPage","@id":"https:\/\/livwell.be\/fr\/produit\/spinalis-apollo\/","url":"https:\/\/livwell.be\/fr\/produit\/spinalis-apollo\/","name":"SpinaliS Apollo - Livwell","isPartOf":{"@id":"https:\/\/livwell.be\/fr\/#website"},"primaryImageOfPage":{"@id":"https:\/\/livwell.be\/fr\/produit\/spinalis-apollo\/#primaryimage"},"image":{"@id":"https:\/\/livwell.be\/fr\/produit\/spinalis-apollo\/#primaryimage"},"thumbnailUrl":"https:\/\/livwell.be\/wp-content\/uploads\/2018\/05\/Spinalis-active-ergonomic-office-chair-Apollo-AP-R500-DBL-B-F.jpg","datePublished":"2018-05-07T13:26:38+00:00","dateModified":"2024-07-08T07:44:15+00:00","breadcrumb":{"@id":"https:\/\/livwell.be\/fr\/produit\/spinalis-apollo\/#breadcrumb"},"inLanguage":"fr-FR","potentialAction":[{"@type":"ReadAction","target":["https:\/\/livwell.be\/fr\/produit\/spinalis-apollo\/"]}]},{"@type":"ImageObject","inLanguage":"fr-FR","@id":"https:\/\/livwell.be\/fr\/produit\/spinalis-apollo\/#primaryimage","url":"https:\/\/livwell.be\/wp-content\/uploads\/2018\/05\/Spinalis-active-ergonomic-office-chair-Apollo-AP-R500-DBL-B-F.jpg","contentUrl":"https:\/\/livwell.be\/wp-content\/uploads\/2018\/05\/Spinalis-active-ergonomic-office-chair-Apollo-AP-R500-DBL-B-F.jpg","width":800,"height":1200,"caption":"Chaise de bureau ergonomique active SpinaliS Apollo AP-R500-DBL-B-F-2"},{"@type":"BreadcrumbList","@id":"https:\/\/livwell.be\/fr\/produit\/spinalis-apollo\/#breadcrumb","itemListElement":[{"@type":"ListItem","position":1,"name":"Home","item":"https:\/\/livwell.be\/fr\/"},{"@type":"ListItem","position":2,"name":"Produits","item":"https:\/\/livwell.be\/fr\/produits\/"},{"@type":"ListItem","position":3,"name":"SpinaliS Apollo"}]},{"@type":"WebSite","@id":"https:\/\/livwell.be\/fr\/#website","url":"https:\/\/livwell.be\/fr\/","name":"Livwell","description":"","publisher":{"@id":"https:\/\/livwell.be\/fr\/#organization"},"potentialAction":[{"@type":"SearchAction","target":{"@type":"EntryPoint","urlTemplate":"https:\/\/livwell.be\/fr\/?s={search_term_string}"},"query-input":{"@type":"PropertyValueSpecification","valueRequired":true,"valueName":"search_term_string"}}],"inLanguage":"fr-FR"},{"@type":"Organization","@id":"https:\/\/livwell.be\/fr\/#organization","name":"Livwell","url":"https:\/\/livwell.be\/fr\/","logo":{"@type":"ImageObject","inLanguage":"fr-FR","@id":"https:\/\/livwell.be\/fr\/#\/schema\/logo\/image\/","url":"https:\/\/livwell.be\/wp-content\/uploads\/2019\/05\/livwell-logo.png","contentUrl":"https:\/\/livwell.be\/wp-content\/uploads\/2019\/05\/livwell-logo.png","width":101,"height":105,"caption":"Livwell"},"image":{"@id":"https:\/\/livwell.be\/fr\/#\/schema\/logo\/image\/"},"sameAs":["https:\/\/www.facebook.com\/Spinalis-Livwell-301461319996581\/","https:\/\/www.instagram.com\/livwell001\/"]}]}},"_links":{"self":[{"href":"https:\/\/livwell.be\/fr\/wp-json\/wp\/v2\/product\/1218","targetHints":{"allow":["GET"]}}],"collection":[{"href":"https:\/\/livwell.be\/fr\/wp-json\/wp\/v2\/product"}],"about":[{"href":"https:\/\/livwell.be\/fr\/wp-json\/wp\/v2\/types\/product"}],"replies":[{"embeddable":true,"href":"https:\/\/livwell.be\/fr\/wp-json\/wp\/v2\/comments?post=1218"}],"wp:featuredmedia":[{"embeddable":true,"href":"https:\/\/livwell.be\/fr\/wp-json\/wp\/v2\/media\/1156"}],"wp:attachment":[{"href":"https:\/\/livwell.be\/fr\/wp-json\/wp\/v2\/media?parent=1218"}],"wp:term":[{"taxonomy":"product_brand","embeddable":true,"href":"https:\/\/livwell.be\/fr\/wp-json\/wp\/v2\/product_brand?post=1218"},{"taxonomy":"product_cat","embeddable":true,"href":"https:\/\/livwell.be\/fr\/wp-json\/wp\/v2\/product_cat?post=1218"},{"taxonomy":"product_tag","embeddable":true,"href":"https:\/\/livwell.be\/fr\/wp-json\/wp\/v2\/product_tag?post=1218"},{"taxonomy":"brand","embeddable":true,"href":"https:\/\/livwell.be\/fr\/wp-json\/wp\/v2\/brand?post=1218"},{"taxonomy":"material","embeddable":true,"href":"https:\/\/livwell.be\/fr\/wp-json\/wp\/v2\/material?post=1218"}],"curies":[{"name":"wp","href":"https:\/\/api.w.org\/{rel}","templated":true}]}}