
{"id":1367,"date":"2018-05-07T13:40:57","date_gmt":"2018-05-07T13:40:57","guid":{"rendered":"https:\/\/livwell.be\/product\/spinalis-pilot\/"},"modified":"2020-08-01T00:19:35","modified_gmt":"2020-07-31T22:19:35","slug":"spinalis-pilot","status":"publish","type":"product","link":"https:\/\/livwell.be\/fr\/produit\/spinalis-pilot\/","title":{"rendered":"SpinaliS Pilot"},"content":{"rendered":"<p>Le mod\u00e8le de base a un cadre noir et est habill\u00e9 d&rsquo;Alcantara et de cuir. La chaise est disponible en quatre combinaisons de couleurs. Le si\u00e8ge r\u00e9glable en hauteur est \u00e9quip\u00e9 de coussins \u00e0 air, est mobile dans toutes les directions et s&rsquo;adapte toujours \u00e0 tous vos mouvements.<\/p>\n<p>Le dossier et les accoudoirs sont r\u00e9glables \u00e0 votre guise en hauteur et en profondeur. L&rsquo;appuie-t\u00eate est fixe.<\/p>\n<p>Le confort, le prestige et la sant\u00e9 : une combinaison unique. Seule SpinaliS vous l&rsquo;offre.<\/p>\n<p>Caract\u00e9ristiques techniques :<\/p>\n<ul>\n<li>Habillage : Alcantara et cuir<\/li>\n<li>Poids : 23,5 kg<\/li>\n<li>Dimensions : largeur 67 cm, profondeur 73 cm, hauteur de 134 \u00e0 147 cm<\/li>\n<li>Poids permis : de 50 \u00e0 120 kg<\/li>\n<li>Dimensions de l&#8217;emballage: 55 x 67 x 98 cm<\/li>\n<\/ul>\n<p><iframe loading=\"lazy\" src=\"https:\/\/www.youtube.com\/embed\/tvV8E4OgI3o\" allowfullscreen=\"allowfullscreen\" width=\"100%\" height=\"315\" frameborder=\"0\"><\/iframe><\/p>\n","protected":false},"excerpt":{"rendered":"<p>Le mod\u00e8le de base a un cadre noir et est habill\u00e9 d&rsquo;Alcantara et de cuir. La chaise est disponible en [&hellip;]<\/p>\n","protected":false},"featured_media":1341,"comment_status":"open","ping_status":"closed","template":"","meta":{"ngg_post_thumbnail":0},"product_brand":[],"product_cat":[25],"product_tag":[],"brand":[],"material":[],"class_list":{"0":"post-1367","1":"product","2":"type-product","3":"status-publish","4":"has-post-thumbnail","6":"product_cat-chaises-spinalis","7":"product_shipping_class-50-euro-fr","9":"first","10":"instock","11":"taxable","12":"shipping-taxable","13":"purchasable","14":"product-type-variable"},"yoast_head":"<!-- This site is optimized with the Yoast SEO plugin v25.6 - https:\/\/yoast.com\/wordpress\/plugins\/seo\/ -->\n<title>SpinaliS Pilot - Livwell<\/title>\n<meta name=\"robots\" content=\"index, follow, max-snippet:-1, max-image-preview:large, max-video-preview:-1\" \/>\n<link rel=\"canonical\" href=\"https:\/\/livwell.be\/fr\/produit\/spinalis-pilot\/\" \/>\n<meta property=\"og:locale\" content=\"fr_FR\" \/>\n<meta property=\"og:type\" content=\"article\" \/>\n<meta property=\"og:title\" content=\"SpinaliS Pilot - Livwell\" \/>\n<meta property=\"og:description\" content=\"Le mod\u00e8le de base a un cadre noir et est habill\u00e9 d&rsquo;Alcantara et de cuir. La chaise est disponible en [&hellip;]\" \/>\n<meta property=\"og:url\" content=\"https:\/\/livwell.be\/fr\/produit\/spinalis-pilot\/\" \/>\n<meta property=\"og:site_name\" content=\"Livwell\" \/>\n<meta property=\"article:publisher\" content=\"https:\/\/www.facebook.com\/Spinalis-Livwell-301461319996581\/\" \/>\n<meta property=\"article:modified_time\" content=\"2020-07-31T22:19:35+00:00\" \/>\n<meta property=\"og:image\" content=\"https:\/\/livwell.be\/wp-content\/uploads\/2018\/05\/PT-L819-BRW-B-F.jpg\" \/>\n\t<meta property=\"og:image:width\" content=\"800\" \/>\n\t<meta property=\"og:image:height\" content=\"1200\" \/>\n\t<meta property=\"og:image:type\" content=\"image\/jpeg\" \/>\n<meta name=\"twitter:card\" content=\"summary_large_image\" \/>\n<meta name=\"twitter:label1\" content=\"Dur\u00e9e de lecture estim\u00e9e\" \/>\n\t<meta name=\"twitter:data1\" content=\"1 minute\" \/>\n<script type=\"application\/ld+json\" class=\"yoast-schema-graph\">{\"@context\":\"https:\/\/schema.org\",\"@graph\":[{\"@type\":\"WebPage\",\"@id\":\"https:\/\/livwell.be\/fr\/produit\/spinalis-pilot\/\",\"url\":\"https:\/\/livwell.be\/fr\/produit\/spinalis-pilot\/\",\"name\":\"SpinaliS Pilot - Livwell\",\"isPartOf\":{\"@id\":\"https:\/\/livwell.be\/fr\/#website\"},\"primaryImageOfPage\":{\"@id\":\"https:\/\/livwell.be\/fr\/produit\/spinalis-pilot\/#primaryimage\"},\"image\":{\"@id\":\"https:\/\/livwell.be\/fr\/produit\/spinalis-pilot\/#primaryimage\"},\"thumbnailUrl\":\"https:\/\/livwell.be\/wp-content\/uploads\/2018\/05\/PT-L819-BRW-B-F.jpg\",\"datePublished\":\"2018-05-07T13:40:57+00:00\",\"dateModified\":\"2020-07-31T22:19:35+00:00\",\"breadcrumb\":{\"@id\":\"https:\/\/livwell.be\/fr\/produit\/spinalis-pilot\/#breadcrumb\"},\"inLanguage\":\"fr-FR\",\"potentialAction\":[{\"@type\":\"ReadAction\",\"target\":[\"https:\/\/livwell.be\/fr\/produit\/spinalis-pilot\/\"]}]},{\"@type\":\"ImageObject\",\"inLanguage\":\"fr-FR\",\"@id\":\"https:\/\/livwell.be\/fr\/produit\/spinalis-pilot\/#primaryimage\",\"url\":\"https:\/\/livwell.be\/wp-content\/uploads\/2018\/05\/PT-L819-BRW-B-F.jpg\",\"contentUrl\":\"https:\/\/livwell.be\/wp-content\/uploads\/2018\/05\/PT-L819-BRW-B-F.jpg\",\"width\":800,\"height\":1200},{\"@type\":\"BreadcrumbList\",\"@id\":\"https:\/\/livwell.be\/fr\/produit\/spinalis-pilot\/#breadcrumb\",\"itemListElement\":[{\"@type\":\"ListItem\",\"position\":1,\"name\":\"Home\",\"item\":\"https:\/\/livwell.be\/fr\/\"},{\"@type\":\"ListItem\",\"position\":2,\"name\":\"Produits\",\"item\":\"https:\/\/livwell.be\/fr\/produits\/\"},{\"@type\":\"ListItem\",\"position\":3,\"name\":\"SpinaliS Pilot\"}]},{\"@type\":\"WebSite\",\"@id\":\"https:\/\/livwell.be\/fr\/#website\",\"url\":\"https:\/\/livwell.be\/fr\/\",\"name\":\"Livwell\",\"description\":\"\",\"publisher\":{\"@id\":\"https:\/\/livwell.be\/fr\/#organization\"},\"potentialAction\":[{\"@type\":\"SearchAction\",\"target\":{\"@type\":\"EntryPoint\",\"urlTemplate\":\"https:\/\/livwell.be\/fr\/?s={search_term_string}\"},\"query-input\":{\"@type\":\"PropertyValueSpecification\",\"valueRequired\":true,\"valueName\":\"search_term_string\"}}],\"inLanguage\":\"fr-FR\"},{\"@type\":\"Organization\",\"@id\":\"https:\/\/livwell.be\/fr\/#organization\",\"name\":\"Livwell\",\"url\":\"https:\/\/livwell.be\/fr\/\",\"logo\":{\"@type\":\"ImageObject\",\"inLanguage\":\"fr-FR\",\"@id\":\"https:\/\/livwell.be\/fr\/#\/schema\/logo\/image\/\",\"url\":\"https:\/\/livwell.be\/wp-content\/uploads\/2019\/05\/livwell-logo.png\",\"contentUrl\":\"https:\/\/livwell.be\/wp-content\/uploads\/2019\/05\/livwell-logo.png\",\"width\":101,\"height\":105,\"caption\":\"Livwell\"},\"image\":{\"@id\":\"https:\/\/livwell.be\/fr\/#\/schema\/logo\/image\/\"},\"sameAs\":[\"https:\/\/www.facebook.com\/Spinalis-Livwell-301461319996581\/\",\"https:\/\/www.instagram.com\/livwell001\/\"]}]}<\/script>\n<!-- \/ Yoast SEO plugin. -->","yoast_head_json":{"title":"SpinaliS Pilot - Livwell","robots":{"index":"index","follow":"follow","max-snippet":"max-snippet:-1","max-image-preview":"max-image-preview:large","max-video-preview":"max-video-preview:-1"},"canonical":"https:\/\/livwell.be\/fr\/produit\/spinalis-pilot\/","og_locale":"fr_FR","og_type":"article","og_title":"SpinaliS Pilot - Livwell","og_description":"Le mod\u00e8le de base a un cadre noir et est habill\u00e9 d&rsquo;Alcantara et de cuir. La chaise est disponible en [&hellip;]","og_url":"https:\/\/livwell.be\/fr\/produit\/spinalis-pilot\/","og_site_name":"Livwell","article_publisher":"https:\/\/www.facebook.com\/Spinalis-Livwell-301461319996581\/","article_modified_time":"2020-07-31T22:19:35+00:00","og_image":[{"width":800,"height":1200,"url":"https:\/\/livwell.be\/wp-content\/uploads\/2018\/05\/PT-L819-BRW-B-F.jpg","type":"image\/jpeg"}],"twitter_card":"summary_large_image","twitter_misc":{"Dur\u00e9e de lecture estim\u00e9e":"1 minute"},"schema":{"@context":"https:\/\/schema.org","@graph":[{"@type":"WebPage","@id":"https:\/\/livwell.be\/fr\/produit\/spinalis-pilot\/","url":"https:\/\/livwell.be\/fr\/produit\/spinalis-pilot\/","name":"SpinaliS Pilot - Livwell","isPartOf":{"@id":"https:\/\/livwell.be\/fr\/#website"},"primaryImageOfPage":{"@id":"https:\/\/livwell.be\/fr\/produit\/spinalis-pilot\/#primaryimage"},"image":{"@id":"https:\/\/livwell.be\/fr\/produit\/spinalis-pilot\/#primaryimage"},"thumbnailUrl":"https:\/\/livwell.be\/wp-content\/uploads\/2018\/05\/PT-L819-BRW-B-F.jpg","datePublished":"2018-05-07T13:40:57+00:00","dateModified":"2020-07-31T22:19:35+00:00","breadcrumb":{"@id":"https:\/\/livwell.be\/fr\/produit\/spinalis-pilot\/#breadcrumb"},"inLanguage":"fr-FR","potentialAction":[{"@type":"ReadAction","target":["https:\/\/livwell.be\/fr\/produit\/spinalis-pilot\/"]}]},{"@type":"ImageObject","inLanguage":"fr-FR","@id":"https:\/\/livwell.be\/fr\/produit\/spinalis-pilot\/#primaryimage","url":"https:\/\/livwell.be\/wp-content\/uploads\/2018\/05\/PT-L819-BRW-B-F.jpg","contentUrl":"https:\/\/livwell.be\/wp-content\/uploads\/2018\/05\/PT-L819-BRW-B-F.jpg","width":800,"height":1200},{"@type":"BreadcrumbList","@id":"https:\/\/livwell.be\/fr\/produit\/spinalis-pilot\/#breadcrumb","itemListElement":[{"@type":"ListItem","position":1,"name":"Home","item":"https:\/\/livwell.be\/fr\/"},{"@type":"ListItem","position":2,"name":"Produits","item":"https:\/\/livwell.be\/fr\/produits\/"},{"@type":"ListItem","position":3,"name":"SpinaliS Pilot"}]},{"@type":"WebSite","@id":"https:\/\/livwell.be\/fr\/#website","url":"https:\/\/livwell.be\/fr\/","name":"Livwell","description":"","publisher":{"@id":"https:\/\/livwell.be\/fr\/#organization"},"potentialAction":[{"@type":"SearchAction","target":{"@type":"EntryPoint","urlTemplate":"https:\/\/livwell.be\/fr\/?s={search_term_string}"},"query-input":{"@type":"PropertyValueSpecification","valueRequired":true,"valueName":"search_term_string"}}],"inLanguage":"fr-FR"},{"@type":"Organization","@id":"https:\/\/livwell.be\/fr\/#organization","name":"Livwell","url":"https:\/\/livwell.be\/fr\/","logo":{"@type":"ImageObject","inLanguage":"fr-FR","@id":"https:\/\/livwell.be\/fr\/#\/schema\/logo\/image\/","url":"https:\/\/livwell.be\/wp-content\/uploads\/2019\/05\/livwell-logo.png","contentUrl":"https:\/\/livwell.be\/wp-content\/uploads\/2019\/05\/livwell-logo.png","width":101,"height":105,"caption":"Livwell"},"image":{"@id":"https:\/\/livwell.be\/fr\/#\/schema\/logo\/image\/"},"sameAs":["https:\/\/www.facebook.com\/Spinalis-Livwell-301461319996581\/","https:\/\/www.instagram.com\/livwell001\/"]}]}},"_links":{"self":[{"href":"https:\/\/livwell.be\/fr\/wp-json\/wp\/v2\/product\/1367","targetHints":{"allow":["GET"]}}],"collection":[{"href":"https:\/\/livwell.be\/fr\/wp-json\/wp\/v2\/product"}],"about":[{"href":"https:\/\/livwell.be\/fr\/wp-json\/wp\/v2\/types\/product"}],"replies":[{"embeddable":true,"href":"https:\/\/livwell.be\/fr\/wp-json\/wp\/v2\/comments?post=1367"}],"wp:featuredmedia":[{"embeddable":true,"href":"https:\/\/livwell.be\/fr\/wp-json\/wp\/v2\/media\/1341"}],"wp:attachment":[{"href":"https:\/\/livwell.be\/fr\/wp-json\/wp\/v2\/media?parent=1367"}],"wp:term":[{"taxonomy":"product_brand","embeddable":true,"href":"https:\/\/livwell.be\/fr\/wp-json\/wp\/v2\/product_brand?post=1367"},{"taxonomy":"product_cat","embeddable":true,"href":"https:\/\/livwell.be\/fr\/wp-json\/wp\/v2\/product_cat?post=1367"},{"taxonomy":"product_tag","embeddable":true,"href":"https:\/\/livwell.be\/fr\/wp-json\/wp\/v2\/product_tag?post=1367"},{"taxonomy":"brand","embeddable":true,"href":"https:\/\/livwell.be\/fr\/wp-json\/wp\/v2\/brand?post=1367"},{"taxonomy":"material","embeddable":true,"href":"https:\/\/livwell.be\/fr\/wp-json\/wp\/v2\/material?post=1367"}],"curies":[{"name":"wp","href":"https:\/\/api.w.org\/{rel}","templated":true}]}}