
{"id":1676,"date":"2018-05-08T14:33:03","date_gmt":"2018-05-08T14:33:03","guid":{"rendered":"https:\/\/livwell.be\/product\/spinalis-navigator\/"},"modified":"2026-01-05T12:46:56","modified_gmt":"2026-01-05T11:46:56","slug":"spinalis-navigator","status":"publish","type":"product","link":"https:\/\/livwell.be\/fr\/produit\/spinalis-navigator\/","title":{"rendered":"SpinaliS Navigator"},"content":{"rendered":"<p>La SpinaliS Navigator vous pr\u00e9serve, tout comme toutes les autres chaises SpinaliS, d&rsquo;une mauvaise position assise. Son si\u00e8ge mobile stimule une position bien droite et suit lesmouvements du corps. La chaise est disponible en huit diff\u00e9rentes couleurs. Le cadre du mod\u00e8le de base est noir. L&rsquo;habillage est fait en microfibres et ressemble au prestigieux Alcantara. Le si\u00e8ge mobile est r\u00e9glable en hauteur. Le dossier est en harmonie avec votre corps et le dossier rembourr\u00e9 vous donne une sensation agr\u00e9able lorsque vous vous penchez en arri\u00e8re. Le dossier et les accoudoirs sont r\u00e9glables en hauteur.<\/p>\n<p>Permettez-vous une chaise SpinaliS et procurezvous ainsi d&rsquo;agr\u00e9ables journ\u00e9es au travail.<\/p>\n<p>Caract\u00e9ristiques techniques :<\/p>\n<ul>\n<li>Habillage : Textile en microfibres Dynamica ou cotton apparence cuir Renna<\/li>\n<li>Poids : 15,5 kg<\/li>\n<li>Dimensions : largeur 67 cm, profondeur 67 cm, hauteur de 113 \u00e0 135 cm<\/li>\n<li>Poids permis : de 40 \u00e0 110 kg<\/li>\n<li>Dimensions de l&#8217;emballage: 64 x 57 x 64 cm<\/li>\n<\/ul>\n","protected":false},"excerpt":{"rendered":"<p>La SpinaliS Navigator vous pr\u00e9serve, tout comme toutes les autres chaises SpinaliS, d&rsquo;une mauvaise position assise. Son si\u00e8ge mobile stimule [&hellip;]<\/p>\n","protected":false},"featured_media":1557,"comment_status":"open","ping_status":"closed","template":"","meta":{"ngg_post_thumbnail":0},"product_brand":[],"product_cat":[25],"product_tag":[],"brand":[],"material":[],"class_list":{"0":"post-1676","1":"product","2":"type-product","3":"status-publish","4":"has-post-thumbnail","6":"product_cat-chaises-spinalis","7":"product_shipping_class-50-euro-fr","9":"first","10":"instock","11":"taxable","12":"shipping-taxable","13":"purchasable","14":"product-type-variable"},"yoast_head":"<!-- This site is optimized with the Yoast SEO plugin v25.6 - https:\/\/yoast.com\/wordpress\/plugins\/seo\/ -->\n<title>SpinaliS Navigator - Livwell<\/title>\n<meta name=\"robots\" content=\"index, follow, max-snippet:-1, max-image-preview:large, max-video-preview:-1\" \/>\n<link rel=\"canonical\" href=\"https:\/\/livwell.be\/fr\/produit\/spinalis-navigator\/\" \/>\n<meta property=\"og:locale\" content=\"fr_FR\" \/>\n<meta property=\"og:type\" content=\"article\" \/>\n<meta property=\"og:title\" content=\"SpinaliS Navigator - Livwell\" \/>\n<meta property=\"og:description\" content=\"La SpinaliS Navigator vous pr\u00e9serve, tout comme toutes les autres chaises SpinaliS, d&rsquo;une mauvaise position assise. Son si\u00e8ge mobile stimule [&hellip;]\" \/>\n<meta property=\"og:url\" content=\"https:\/\/livwell.be\/fr\/produit\/spinalis-navigator\/\" \/>\n<meta property=\"og:site_name\" content=\"Livwell\" \/>\n<meta property=\"article:publisher\" content=\"https:\/\/www.facebook.com\/Spinalis-Livwell-301461319996581\/\" \/>\n<meta property=\"article:modified_time\" content=\"2026-01-05T11:46:56+00:00\" \/>\n<meta property=\"og:image\" content=\"https:\/\/livwell.be\/wp-content\/uploads\/2018\/05\/chaise-de-bureau-ergonomique-pour-le-travail-dynamique-spinalis-navigator-NG-D503-DBL-B-F.jpg\" \/>\n\t<meta property=\"og:image:width\" content=\"800\" \/>\n\t<meta property=\"og:image:height\" content=\"1200\" \/>\n\t<meta property=\"og:image:type\" content=\"image\/jpeg\" \/>\n<meta name=\"twitter:card\" content=\"summary_large_image\" \/>\n<meta name=\"twitter:label1\" content=\"Dur\u00e9e de lecture estim\u00e9e\" \/>\n\t<meta name=\"twitter:data1\" content=\"1 minute\" \/>\n<script type=\"application\/ld+json\" class=\"yoast-schema-graph\">{\"@context\":\"https:\/\/schema.org\",\"@graph\":[{\"@type\":\"WebPage\",\"@id\":\"https:\/\/livwell.be\/fr\/produit\/spinalis-navigator\/\",\"url\":\"https:\/\/livwell.be\/fr\/produit\/spinalis-navigator\/\",\"name\":\"SpinaliS Navigator - Livwell\",\"isPartOf\":{\"@id\":\"https:\/\/livwell.be\/fr\/#website\"},\"primaryImageOfPage\":{\"@id\":\"https:\/\/livwell.be\/fr\/produit\/spinalis-navigator\/#primaryimage\"},\"image\":{\"@id\":\"https:\/\/livwell.be\/fr\/produit\/spinalis-navigator\/#primaryimage\"},\"thumbnailUrl\":\"https:\/\/livwell.be\/wp-content\/uploads\/2018\/05\/chaise-de-bureau-ergonomique-pour-le-travail-dynamique-spinalis-navigator-NG-D503-DBL-B-F.jpg\",\"datePublished\":\"2018-05-08T14:33:03+00:00\",\"dateModified\":\"2026-01-05T11:46:56+00:00\",\"breadcrumb\":{\"@id\":\"https:\/\/livwell.be\/fr\/produit\/spinalis-navigator\/#breadcrumb\"},\"inLanguage\":\"fr-FR\",\"potentialAction\":[{\"@type\":\"ReadAction\",\"target\":[\"https:\/\/livwell.be\/fr\/produit\/spinalis-navigator\/\"]}]},{\"@type\":\"ImageObject\",\"inLanguage\":\"fr-FR\",\"@id\":\"https:\/\/livwell.be\/fr\/produit\/spinalis-navigator\/#primaryimage\",\"url\":\"https:\/\/livwell.be\/wp-content\/uploads\/2018\/05\/chaise-de-bureau-ergonomique-pour-le-travail-dynamique-spinalis-navigator-NG-D503-DBL-B-F.jpg\",\"contentUrl\":\"https:\/\/livwell.be\/wp-content\/uploads\/2018\/05\/chaise-de-bureau-ergonomique-pour-le-travail-dynamique-spinalis-navigator-NG-D503-DBL-B-F.jpg\",\"width\":800,\"height\":1200,\"caption\":\"Chaise de bureau ergonomique pour le travail dynamique SpinaliS Navigator NG-D503-DBL-B-F\"},{\"@type\":\"BreadcrumbList\",\"@id\":\"https:\/\/livwell.be\/fr\/produit\/spinalis-navigator\/#breadcrumb\",\"itemListElement\":[{\"@type\":\"ListItem\",\"position\":1,\"name\":\"Home\",\"item\":\"https:\/\/livwell.be\/fr\/\"},{\"@type\":\"ListItem\",\"position\":2,\"name\":\"Produits\",\"item\":\"https:\/\/livwell.be\/fr\/produits\/\"},{\"@type\":\"ListItem\",\"position\":3,\"name\":\"SpinaliS Navigator\"}]},{\"@type\":\"WebSite\",\"@id\":\"https:\/\/livwell.be\/fr\/#website\",\"url\":\"https:\/\/livwell.be\/fr\/\",\"name\":\"Livwell\",\"description\":\"\",\"publisher\":{\"@id\":\"https:\/\/livwell.be\/fr\/#organization\"},\"potentialAction\":[{\"@type\":\"SearchAction\",\"target\":{\"@type\":\"EntryPoint\",\"urlTemplate\":\"https:\/\/livwell.be\/fr\/?s={search_term_string}\"},\"query-input\":{\"@type\":\"PropertyValueSpecification\",\"valueRequired\":true,\"valueName\":\"search_term_string\"}}],\"inLanguage\":\"fr-FR\"},{\"@type\":\"Organization\",\"@id\":\"https:\/\/livwell.be\/fr\/#organization\",\"name\":\"Livwell\",\"url\":\"https:\/\/livwell.be\/fr\/\",\"logo\":{\"@type\":\"ImageObject\",\"inLanguage\":\"fr-FR\",\"@id\":\"https:\/\/livwell.be\/fr\/#\/schema\/logo\/image\/\",\"url\":\"https:\/\/livwell.be\/wp-content\/uploads\/2019\/05\/livwell-logo.png\",\"contentUrl\":\"https:\/\/livwell.be\/wp-content\/uploads\/2019\/05\/livwell-logo.png\",\"width\":101,\"height\":105,\"caption\":\"Livwell\"},\"image\":{\"@id\":\"https:\/\/livwell.be\/fr\/#\/schema\/logo\/image\/\"},\"sameAs\":[\"https:\/\/www.facebook.com\/Spinalis-Livwell-301461319996581\/\",\"https:\/\/www.instagram.com\/livwell001\/\"]}]}<\/script>\n<!-- \/ Yoast SEO plugin. -->","yoast_head_json":{"title":"SpinaliS Navigator - Livwell","robots":{"index":"index","follow":"follow","max-snippet":"max-snippet:-1","max-image-preview":"max-image-preview:large","max-video-preview":"max-video-preview:-1"},"canonical":"https:\/\/livwell.be\/fr\/produit\/spinalis-navigator\/","og_locale":"fr_FR","og_type":"article","og_title":"SpinaliS Navigator - Livwell","og_description":"La SpinaliS Navigator vous pr\u00e9serve, tout comme toutes les autres chaises SpinaliS, d&rsquo;une mauvaise position assise. Son si\u00e8ge mobile stimule [&hellip;]","og_url":"https:\/\/livwell.be\/fr\/produit\/spinalis-navigator\/","og_site_name":"Livwell","article_publisher":"https:\/\/www.facebook.com\/Spinalis-Livwell-301461319996581\/","article_modified_time":"2026-01-05T11:46:56+00:00","og_image":[{"width":800,"height":1200,"url":"https:\/\/livwell.be\/wp-content\/uploads\/2018\/05\/chaise-de-bureau-ergonomique-pour-le-travail-dynamique-spinalis-navigator-NG-D503-DBL-B-F.jpg","type":"image\/jpeg"}],"twitter_card":"summary_large_image","twitter_misc":{"Dur\u00e9e de lecture estim\u00e9e":"1 minute"},"schema":{"@context":"https:\/\/schema.org","@graph":[{"@type":"WebPage","@id":"https:\/\/livwell.be\/fr\/produit\/spinalis-navigator\/","url":"https:\/\/livwell.be\/fr\/produit\/spinalis-navigator\/","name":"SpinaliS Navigator - Livwell","isPartOf":{"@id":"https:\/\/livwell.be\/fr\/#website"},"primaryImageOfPage":{"@id":"https:\/\/livwell.be\/fr\/produit\/spinalis-navigator\/#primaryimage"},"image":{"@id":"https:\/\/livwell.be\/fr\/produit\/spinalis-navigator\/#primaryimage"},"thumbnailUrl":"https:\/\/livwell.be\/wp-content\/uploads\/2018\/05\/chaise-de-bureau-ergonomique-pour-le-travail-dynamique-spinalis-navigator-NG-D503-DBL-B-F.jpg","datePublished":"2018-05-08T14:33:03+00:00","dateModified":"2026-01-05T11:46:56+00:00","breadcrumb":{"@id":"https:\/\/livwell.be\/fr\/produit\/spinalis-navigator\/#breadcrumb"},"inLanguage":"fr-FR","potentialAction":[{"@type":"ReadAction","target":["https:\/\/livwell.be\/fr\/produit\/spinalis-navigator\/"]}]},{"@type":"ImageObject","inLanguage":"fr-FR","@id":"https:\/\/livwell.be\/fr\/produit\/spinalis-navigator\/#primaryimage","url":"https:\/\/livwell.be\/wp-content\/uploads\/2018\/05\/chaise-de-bureau-ergonomique-pour-le-travail-dynamique-spinalis-navigator-NG-D503-DBL-B-F.jpg","contentUrl":"https:\/\/livwell.be\/wp-content\/uploads\/2018\/05\/chaise-de-bureau-ergonomique-pour-le-travail-dynamique-spinalis-navigator-NG-D503-DBL-B-F.jpg","width":800,"height":1200,"caption":"Chaise de bureau ergonomique pour le travail dynamique SpinaliS Navigator NG-D503-DBL-B-F"},{"@type":"BreadcrumbList","@id":"https:\/\/livwell.be\/fr\/produit\/spinalis-navigator\/#breadcrumb","itemListElement":[{"@type":"ListItem","position":1,"name":"Home","item":"https:\/\/livwell.be\/fr\/"},{"@type":"ListItem","position":2,"name":"Produits","item":"https:\/\/livwell.be\/fr\/produits\/"},{"@type":"ListItem","position":3,"name":"SpinaliS Navigator"}]},{"@type":"WebSite","@id":"https:\/\/livwell.be\/fr\/#website","url":"https:\/\/livwell.be\/fr\/","name":"Livwell","description":"","publisher":{"@id":"https:\/\/livwell.be\/fr\/#organization"},"potentialAction":[{"@type":"SearchAction","target":{"@type":"EntryPoint","urlTemplate":"https:\/\/livwell.be\/fr\/?s={search_term_string}"},"query-input":{"@type":"PropertyValueSpecification","valueRequired":true,"valueName":"search_term_string"}}],"inLanguage":"fr-FR"},{"@type":"Organization","@id":"https:\/\/livwell.be\/fr\/#organization","name":"Livwell","url":"https:\/\/livwell.be\/fr\/","logo":{"@type":"ImageObject","inLanguage":"fr-FR","@id":"https:\/\/livwell.be\/fr\/#\/schema\/logo\/image\/","url":"https:\/\/livwell.be\/wp-content\/uploads\/2019\/05\/livwell-logo.png","contentUrl":"https:\/\/livwell.be\/wp-content\/uploads\/2019\/05\/livwell-logo.png","width":101,"height":105,"caption":"Livwell"},"image":{"@id":"https:\/\/livwell.be\/fr\/#\/schema\/logo\/image\/"},"sameAs":["https:\/\/www.facebook.com\/Spinalis-Livwell-301461319996581\/","https:\/\/www.instagram.com\/livwell001\/"]}]}},"_links":{"self":[{"href":"https:\/\/livwell.be\/fr\/wp-json\/wp\/v2\/product\/1676","targetHints":{"allow":["GET"]}}],"collection":[{"href":"https:\/\/livwell.be\/fr\/wp-json\/wp\/v2\/product"}],"about":[{"href":"https:\/\/livwell.be\/fr\/wp-json\/wp\/v2\/types\/product"}],"replies":[{"embeddable":true,"href":"https:\/\/livwell.be\/fr\/wp-json\/wp\/v2\/comments?post=1676"}],"wp:featuredmedia":[{"embeddable":true,"href":"https:\/\/livwell.be\/fr\/wp-json\/wp\/v2\/media\/1557"}],"wp:attachment":[{"href":"https:\/\/livwell.be\/fr\/wp-json\/wp\/v2\/media?parent=1676"}],"wp:term":[{"taxonomy":"product_brand","embeddable":true,"href":"https:\/\/livwell.be\/fr\/wp-json\/wp\/v2\/product_brand?post=1676"},{"taxonomy":"product_cat","embeddable":true,"href":"https:\/\/livwell.be\/fr\/wp-json\/wp\/v2\/product_cat?post=1676"},{"taxonomy":"product_tag","embeddable":true,"href":"https:\/\/livwell.be\/fr\/wp-json\/wp\/v2\/product_tag?post=1676"},{"taxonomy":"brand","embeddable":true,"href":"https:\/\/livwell.be\/fr\/wp-json\/wp\/v2\/brand?post=1676"},{"taxonomy":"material","embeddable":true,"href":"https:\/\/livwell.be\/fr\/wp-json\/wp\/v2\/material?post=1676"}],"curies":[{"name":"wp","href":"https:\/\/api.w.org\/{rel}","templated":true}]}}