
{"id":8073,"date":"2019-07-01T11:26:20","date_gmt":"2019-07-01T09:26:20","guid":{"rendered":"https:\/\/livwell.be\/product\/coussin-de-soutien-lombaire-en-maillage-en-forme-daile\/"},"modified":"2019-09-20T15:53:32","modified_gmt":"2019-09-20T13:53:32","slug":"coussin-de-soutien-lombaire-en-maillage-en-forme-daile","status":"publish","type":"product","link":"https:\/\/livwell.be\/fr\/produit\/coussin-de-soutien-lombaire-en-maillage-en-forme-daile\/","title":{"rendered":"Coussin de soutien lombaire en maillage, en forme d\u2019aile"},"content":{"rendered":"<p>Con\u00e7u pour soutenir le bas du dos, tant dans la courbure lombaire (lordose) que sur le c\u00f4t\u00e9 lat\u00e9ral \u2013 Veille \u00e0 une diminution du stress sur les disques et les articulations intervert\u00e9braux et au maintien de la colonne vert\u00e9brale dans une position naturelle \u2013 R\u00e9duit la tension musculaire, la fatigue et la douleur. Mat\u00e9riau interne en mousse PU. Partie ext\u00e9rieure amovible.<\/p>\n","protected":false},"excerpt":{"rendered":"<p>Con\u00e7u pour soutenir le bas du dos, tant dans la courbure lombaire (lordose) que sur le c\u00f4t\u00e9 lat\u00e9ral \u2013 Veille [&hellip;]<\/p>\n","protected":false},"featured_media":8039,"comment_status":"open","ping_status":"closed","template":"","meta":{"ngg_post_thumbnail":0},"product_brand":[],"product_cat":[396],"product_tag":[],"brand":[],"material":[],"class_list":{"0":"post-8073","1":"product","2":"type-product","3":"status-publish","4":"has-post-thumbnail","6":"product_cat-coussins-de-siege","8":"first","9":"instock","10":"taxable","11":"shipping-taxable","12":"purchasable","13":"product-type-simple"},"yoast_head":"<!-- This site is optimized with the Yoast SEO plugin v25.6 - https:\/\/yoast.com\/wordpress\/plugins\/seo\/ -->\n<title>Coussin de soutien lombaire en maillage, en forme d\u2019aile - Livwell<\/title>\n<meta name=\"robots\" content=\"index, follow, max-snippet:-1, max-image-preview:large, max-video-preview:-1\" \/>\n<link rel=\"canonical\" href=\"https:\/\/livwell.be\/fr\/produit\/coussin-de-soutien-lombaire-en-maillage-en-forme-daile\/\" \/>\n<meta property=\"og:locale\" content=\"fr_FR\" \/>\n<meta property=\"og:type\" content=\"article\" \/>\n<meta property=\"og:title\" content=\"Coussin de soutien lombaire en maillage, en forme d\u2019aile - Livwell\" \/>\n<meta property=\"og:description\" content=\"Con\u00e7u pour soutenir le bas du dos, tant dans la courbure lombaire (lordose) que sur le c\u00f4t\u00e9 lat\u00e9ral \u2013 Veille [&hellip;]\" \/>\n<meta property=\"og:url\" content=\"https:\/\/livwell.be\/fr\/produit\/coussin-de-soutien-lombaire-en-maillage-en-forme-daile\/\" \/>\n<meta property=\"og:site_name\" content=\"Livwell\" \/>\n<meta property=\"article:publisher\" content=\"https:\/\/www.facebook.com\/Spinalis-Livwell-301461319996581\/\" \/>\n<meta property=\"article:modified_time\" content=\"2019-09-20T13:53:32+00:00\" \/>\n<meta property=\"og:image\" content=\"https:\/\/livwell.be\/wp-content\/uploads\/2019\/07\/1341-LV-WEB.png\" \/>\n\t<meta property=\"og:image:width\" content=\"1200\" \/>\n\t<meta property=\"og:image:height\" content=\"1093\" \/>\n\t<meta property=\"og:image:type\" content=\"image\/png\" \/>\n<meta name=\"twitter:card\" content=\"summary_large_image\" \/>\n<script type=\"application\/ld+json\" class=\"yoast-schema-graph\">{\"@context\":\"https:\/\/schema.org\",\"@graph\":[{\"@type\":\"WebPage\",\"@id\":\"https:\/\/livwell.be\/fr\/produit\/coussin-de-soutien-lombaire-en-maillage-en-forme-daile\/\",\"url\":\"https:\/\/livwell.be\/fr\/produit\/coussin-de-soutien-lombaire-en-maillage-en-forme-daile\/\",\"name\":\"Coussin de soutien lombaire en maillage, en forme d\u2019aile - Livwell\",\"isPartOf\":{\"@id\":\"https:\/\/livwell.be\/fr\/#website\"},\"primaryImageOfPage\":{\"@id\":\"https:\/\/livwell.be\/fr\/produit\/coussin-de-soutien-lombaire-en-maillage-en-forme-daile\/#primaryimage\"},\"image\":{\"@id\":\"https:\/\/livwell.be\/fr\/produit\/coussin-de-soutien-lombaire-en-maillage-en-forme-daile\/#primaryimage\"},\"thumbnailUrl\":\"https:\/\/livwell.be\/wp-content\/uploads\/2019\/07\/1341-LV-WEB.png\",\"datePublished\":\"2019-07-01T09:26:20+00:00\",\"dateModified\":\"2019-09-20T13:53:32+00:00\",\"breadcrumb\":{\"@id\":\"https:\/\/livwell.be\/fr\/produit\/coussin-de-soutien-lombaire-en-maillage-en-forme-daile\/#breadcrumb\"},\"inLanguage\":\"fr-FR\",\"potentialAction\":[{\"@type\":\"ReadAction\",\"target\":[\"https:\/\/livwell.be\/fr\/produit\/coussin-de-soutien-lombaire-en-maillage-en-forme-daile\/\"]}]},{\"@type\":\"ImageObject\",\"inLanguage\":\"fr-FR\",\"@id\":\"https:\/\/livwell.be\/fr\/produit\/coussin-de-soutien-lombaire-en-maillage-en-forme-daile\/#primaryimage\",\"url\":\"https:\/\/livwell.be\/wp-content\/uploads\/2019\/07\/1341-LV-WEB.png\",\"contentUrl\":\"https:\/\/livwell.be\/wp-content\/uploads\/2019\/07\/1341-LV-WEB.png\",\"width\":1200,\"height\":1093},{\"@type\":\"BreadcrumbList\",\"@id\":\"https:\/\/livwell.be\/fr\/produit\/coussin-de-soutien-lombaire-en-maillage-en-forme-daile\/#breadcrumb\",\"itemListElement\":[{\"@type\":\"ListItem\",\"position\":1,\"name\":\"Home\",\"item\":\"https:\/\/livwell.be\/fr\/\"},{\"@type\":\"ListItem\",\"position\":2,\"name\":\"Produits\",\"item\":\"https:\/\/livwell.be\/fr\/produits\/\"},{\"@type\":\"ListItem\",\"position\":3,\"name\":\"Coussin de soutien lombaire en maillage, en forme d\u2019aile\"}]},{\"@type\":\"WebSite\",\"@id\":\"https:\/\/livwell.be\/fr\/#website\",\"url\":\"https:\/\/livwell.be\/fr\/\",\"name\":\"Livwell\",\"description\":\"\",\"publisher\":{\"@id\":\"https:\/\/livwell.be\/fr\/#organization\"},\"potentialAction\":[{\"@type\":\"SearchAction\",\"target\":{\"@type\":\"EntryPoint\",\"urlTemplate\":\"https:\/\/livwell.be\/fr\/?s={search_term_string}\"},\"query-input\":{\"@type\":\"PropertyValueSpecification\",\"valueRequired\":true,\"valueName\":\"search_term_string\"}}],\"inLanguage\":\"fr-FR\"},{\"@type\":\"Organization\",\"@id\":\"https:\/\/livwell.be\/fr\/#organization\",\"name\":\"Livwell\",\"url\":\"https:\/\/livwell.be\/fr\/\",\"logo\":{\"@type\":\"ImageObject\",\"inLanguage\":\"fr-FR\",\"@id\":\"https:\/\/livwell.be\/fr\/#\/schema\/logo\/image\/\",\"url\":\"https:\/\/livwell.be\/wp-content\/uploads\/2019\/05\/livwell-logo.png\",\"contentUrl\":\"https:\/\/livwell.be\/wp-content\/uploads\/2019\/05\/livwell-logo.png\",\"width\":101,\"height\":105,\"caption\":\"Livwell\"},\"image\":{\"@id\":\"https:\/\/livwell.be\/fr\/#\/schema\/logo\/image\/\"},\"sameAs\":[\"https:\/\/www.facebook.com\/Spinalis-Livwell-301461319996581\/\",\"https:\/\/www.instagram.com\/livwell001\/\"]}]}<\/script>\n<!-- \/ Yoast SEO plugin. -->","yoast_head_json":{"title":"Coussin de soutien lombaire en maillage, en forme d\u2019aile - Livwell","robots":{"index":"index","follow":"follow","max-snippet":"max-snippet:-1","max-image-preview":"max-image-preview:large","max-video-preview":"max-video-preview:-1"},"canonical":"https:\/\/livwell.be\/fr\/produit\/coussin-de-soutien-lombaire-en-maillage-en-forme-daile\/","og_locale":"fr_FR","og_type":"article","og_title":"Coussin de soutien lombaire en maillage, en forme d\u2019aile - Livwell","og_description":"Con\u00e7u pour soutenir le bas du dos, tant dans la courbure lombaire (lordose) que sur le c\u00f4t\u00e9 lat\u00e9ral \u2013 Veille [&hellip;]","og_url":"https:\/\/livwell.be\/fr\/produit\/coussin-de-soutien-lombaire-en-maillage-en-forme-daile\/","og_site_name":"Livwell","article_publisher":"https:\/\/www.facebook.com\/Spinalis-Livwell-301461319996581\/","article_modified_time":"2019-09-20T13:53:32+00:00","og_image":[{"width":1200,"height":1093,"url":"https:\/\/livwell.be\/wp-content\/uploads\/2019\/07\/1341-LV-WEB.png","type":"image\/png"}],"twitter_card":"summary_large_image","schema":{"@context":"https:\/\/schema.org","@graph":[{"@type":"WebPage","@id":"https:\/\/livwell.be\/fr\/produit\/coussin-de-soutien-lombaire-en-maillage-en-forme-daile\/","url":"https:\/\/livwell.be\/fr\/produit\/coussin-de-soutien-lombaire-en-maillage-en-forme-daile\/","name":"Coussin de soutien lombaire en maillage, en forme d\u2019aile - Livwell","isPartOf":{"@id":"https:\/\/livwell.be\/fr\/#website"},"primaryImageOfPage":{"@id":"https:\/\/livwell.be\/fr\/produit\/coussin-de-soutien-lombaire-en-maillage-en-forme-daile\/#primaryimage"},"image":{"@id":"https:\/\/livwell.be\/fr\/produit\/coussin-de-soutien-lombaire-en-maillage-en-forme-daile\/#primaryimage"},"thumbnailUrl":"https:\/\/livwell.be\/wp-content\/uploads\/2019\/07\/1341-LV-WEB.png","datePublished":"2019-07-01T09:26:20+00:00","dateModified":"2019-09-20T13:53:32+00:00","breadcrumb":{"@id":"https:\/\/livwell.be\/fr\/produit\/coussin-de-soutien-lombaire-en-maillage-en-forme-daile\/#breadcrumb"},"inLanguage":"fr-FR","potentialAction":[{"@type":"ReadAction","target":["https:\/\/livwell.be\/fr\/produit\/coussin-de-soutien-lombaire-en-maillage-en-forme-daile\/"]}]},{"@type":"ImageObject","inLanguage":"fr-FR","@id":"https:\/\/livwell.be\/fr\/produit\/coussin-de-soutien-lombaire-en-maillage-en-forme-daile\/#primaryimage","url":"https:\/\/livwell.be\/wp-content\/uploads\/2019\/07\/1341-LV-WEB.png","contentUrl":"https:\/\/livwell.be\/wp-content\/uploads\/2019\/07\/1341-LV-WEB.png","width":1200,"height":1093},{"@type":"BreadcrumbList","@id":"https:\/\/livwell.be\/fr\/produit\/coussin-de-soutien-lombaire-en-maillage-en-forme-daile\/#breadcrumb","itemListElement":[{"@type":"ListItem","position":1,"name":"Home","item":"https:\/\/livwell.be\/fr\/"},{"@type":"ListItem","position":2,"name":"Produits","item":"https:\/\/livwell.be\/fr\/produits\/"},{"@type":"ListItem","position":3,"name":"Coussin de soutien lombaire en maillage, en forme d\u2019aile"}]},{"@type":"WebSite","@id":"https:\/\/livwell.be\/fr\/#website","url":"https:\/\/livwell.be\/fr\/","name":"Livwell","description":"","publisher":{"@id":"https:\/\/livwell.be\/fr\/#organization"},"potentialAction":[{"@type":"SearchAction","target":{"@type":"EntryPoint","urlTemplate":"https:\/\/livwell.be\/fr\/?s={search_term_string}"},"query-input":{"@type":"PropertyValueSpecification","valueRequired":true,"valueName":"search_term_string"}}],"inLanguage":"fr-FR"},{"@type":"Organization","@id":"https:\/\/livwell.be\/fr\/#organization","name":"Livwell","url":"https:\/\/livwell.be\/fr\/","logo":{"@type":"ImageObject","inLanguage":"fr-FR","@id":"https:\/\/livwell.be\/fr\/#\/schema\/logo\/image\/","url":"https:\/\/livwell.be\/wp-content\/uploads\/2019\/05\/livwell-logo.png","contentUrl":"https:\/\/livwell.be\/wp-content\/uploads\/2019\/05\/livwell-logo.png","width":101,"height":105,"caption":"Livwell"},"image":{"@id":"https:\/\/livwell.be\/fr\/#\/schema\/logo\/image\/"},"sameAs":["https:\/\/www.facebook.com\/Spinalis-Livwell-301461319996581\/","https:\/\/www.instagram.com\/livwell001\/"]}]}},"_links":{"self":[{"href":"https:\/\/livwell.be\/fr\/wp-json\/wp\/v2\/product\/8073","targetHints":{"allow":["GET"]}}],"collection":[{"href":"https:\/\/livwell.be\/fr\/wp-json\/wp\/v2\/product"}],"about":[{"href":"https:\/\/livwell.be\/fr\/wp-json\/wp\/v2\/types\/product"}],"replies":[{"embeddable":true,"href":"https:\/\/livwell.be\/fr\/wp-json\/wp\/v2\/comments?post=8073"}],"wp:featuredmedia":[{"embeddable":true,"href":"https:\/\/livwell.be\/fr\/wp-json\/wp\/v2\/media\/8039"}],"wp:attachment":[{"href":"https:\/\/livwell.be\/fr\/wp-json\/wp\/v2\/media?parent=8073"}],"wp:term":[{"taxonomy":"product_brand","embeddable":true,"href":"https:\/\/livwell.be\/fr\/wp-json\/wp\/v2\/product_brand?post=8073"},{"taxonomy":"product_cat","embeddable":true,"href":"https:\/\/livwell.be\/fr\/wp-json\/wp\/v2\/product_cat?post=8073"},{"taxonomy":"product_tag","embeddable":true,"href":"https:\/\/livwell.be\/fr\/wp-json\/wp\/v2\/product_tag?post=8073"},{"taxonomy":"brand","embeddable":true,"href":"https:\/\/livwell.be\/fr\/wp-json\/wp\/v2\/brand?post=8073"},{"taxonomy":"material","embeddable":true,"href":"https:\/\/livwell.be\/fr\/wp-json\/wp\/v2\/material?post=8073"}],"curies":[{"name":"wp","href":"https:\/\/api.w.org\/{rel}","templated":true}]}}