
{"id":8077,"date":"2019-07-01T11:07:03","date_gmt":"2019-07-01T09:07:03","guid":{"rendered":"https:\/\/livwell.be\/product\/coussin-lombaire-en-forme-de-c\/"},"modified":"2019-09-20T15:54:29","modified_gmt":"2019-09-20T13:54:29","slug":"coussin-lombaire-en-forme-de-c","status":"publish","type":"product","link":"https:\/\/livwell.be\/fr\/produit\/coussin-lombaire-en-forme-de-c\/","title":{"rendered":"Coussin lombaire, en forme de C"},"content":{"rendered":"<p>Pour les personnes n\u2019ayant pas suffisamment de support sur une chaise lorsqu\u2019elles sont assises longtemps, par exemple sur une chaise de bureau ou un si\u00e8ge de voiture \u2013 Veille \u00e0 ce que la colonne vert\u00e9brale se place dans sa position creuse naturelle \u2013 Ce coussin doux et fin donne moins de support que les autres coussins de soutien lombaire, mais il est de ce fait un excellent soutien compl\u00e9mentaire. Mat\u00e9riau interne en mousse PU. Partie ext\u00e9rieure amovible.<\/p>\n","protected":false},"excerpt":{"rendered":"<p>Pour les personnes n\u2019ayant pas suffisamment de support sur une chaise lorsqu\u2019elles sont assises longtemps, par exemple sur une chaise [&hellip;]<\/p>\n","protected":false},"featured_media":8000,"comment_status":"open","ping_status":"closed","template":"","meta":{"ngg_post_thumbnail":0},"product_brand":[],"product_cat":[396],"product_tag":[],"brand":[],"material":[],"class_list":{"0":"post-8077","1":"product","2":"type-product","3":"status-publish","4":"has-post-thumbnail","6":"product_cat-coussins-de-siege","8":"first","9":"instock","10":"taxable","11":"shipping-taxable","12":"purchasable","13":"product-type-simple"},"yoast_head":"<!-- This site is optimized with the Yoast SEO plugin v25.6 - https:\/\/yoast.com\/wordpress\/plugins\/seo\/ -->\n<title>Coussin lombaire, en forme de C - Livwell<\/title>\n<meta name=\"robots\" content=\"index, follow, max-snippet:-1, max-image-preview:large, max-video-preview:-1\" \/>\n<link rel=\"canonical\" href=\"https:\/\/livwell.be\/fr\/produit\/coussin-lombaire-en-forme-de-c\/\" \/>\n<meta property=\"og:locale\" content=\"fr_FR\" \/>\n<meta property=\"og:type\" content=\"article\" \/>\n<meta property=\"og:title\" content=\"Coussin lombaire, en forme de C - Livwell\" \/>\n<meta property=\"og:description\" content=\"Pour les personnes n\u2019ayant pas suffisamment de support sur une chaise lorsqu\u2019elles sont assises longtemps, par exemple sur une chaise [&hellip;]\" \/>\n<meta property=\"og:url\" content=\"https:\/\/livwell.be\/fr\/produit\/coussin-lombaire-en-forme-de-c\/\" \/>\n<meta property=\"og:site_name\" content=\"Livwell\" \/>\n<meta property=\"article:publisher\" content=\"https:\/\/www.facebook.com\/Spinalis-Livwell-301461319996581\/\" \/>\n<meta property=\"article:modified_time\" content=\"2019-09-20T13:54:29+00:00\" \/>\n<meta property=\"og:image\" content=\"https:\/\/livwell.be\/wp-content\/uploads\/2019\/07\/1332-LV-WEB.png\" \/>\n\t<meta property=\"og:image:width\" content=\"1200\" \/>\n\t<meta property=\"og:image:height\" content=\"662\" \/>\n\t<meta property=\"og:image:type\" content=\"image\/png\" \/>\n<meta name=\"twitter:card\" content=\"summary_large_image\" \/>\n<script type=\"application\/ld+json\" class=\"yoast-schema-graph\">{\"@context\":\"https:\/\/schema.org\",\"@graph\":[{\"@type\":\"WebPage\",\"@id\":\"https:\/\/livwell.be\/fr\/produit\/coussin-lombaire-en-forme-de-c\/\",\"url\":\"https:\/\/livwell.be\/fr\/produit\/coussin-lombaire-en-forme-de-c\/\",\"name\":\"Coussin lombaire, en forme de C - Livwell\",\"isPartOf\":{\"@id\":\"https:\/\/livwell.be\/fr\/#website\"},\"primaryImageOfPage\":{\"@id\":\"https:\/\/livwell.be\/fr\/produit\/coussin-lombaire-en-forme-de-c\/#primaryimage\"},\"image\":{\"@id\":\"https:\/\/livwell.be\/fr\/produit\/coussin-lombaire-en-forme-de-c\/#primaryimage\"},\"thumbnailUrl\":\"https:\/\/livwell.be\/wp-content\/uploads\/2019\/07\/1332-LV-WEB.png\",\"datePublished\":\"2019-07-01T09:07:03+00:00\",\"dateModified\":\"2019-09-20T13:54:29+00:00\",\"breadcrumb\":{\"@id\":\"https:\/\/livwell.be\/fr\/produit\/coussin-lombaire-en-forme-de-c\/#breadcrumb\"},\"inLanguage\":\"fr-FR\",\"potentialAction\":[{\"@type\":\"ReadAction\",\"target\":[\"https:\/\/livwell.be\/fr\/produit\/coussin-lombaire-en-forme-de-c\/\"]}]},{\"@type\":\"ImageObject\",\"inLanguage\":\"fr-FR\",\"@id\":\"https:\/\/livwell.be\/fr\/produit\/coussin-lombaire-en-forme-de-c\/#primaryimage\",\"url\":\"https:\/\/livwell.be\/wp-content\/uploads\/2019\/07\/1332-LV-WEB.png\",\"contentUrl\":\"https:\/\/livwell.be\/wp-content\/uploads\/2019\/07\/1332-LV-WEB.png\",\"width\":1200,\"height\":662},{\"@type\":\"BreadcrumbList\",\"@id\":\"https:\/\/livwell.be\/fr\/produit\/coussin-lombaire-en-forme-de-c\/#breadcrumb\",\"itemListElement\":[{\"@type\":\"ListItem\",\"position\":1,\"name\":\"Home\",\"item\":\"https:\/\/livwell.be\/fr\/\"},{\"@type\":\"ListItem\",\"position\":2,\"name\":\"Produits\",\"item\":\"https:\/\/livwell.be\/fr\/produits\/\"},{\"@type\":\"ListItem\",\"position\":3,\"name\":\"Coussin lombaire, en forme de C\"}]},{\"@type\":\"WebSite\",\"@id\":\"https:\/\/livwell.be\/fr\/#website\",\"url\":\"https:\/\/livwell.be\/fr\/\",\"name\":\"Livwell\",\"description\":\"\",\"publisher\":{\"@id\":\"https:\/\/livwell.be\/fr\/#organization\"},\"potentialAction\":[{\"@type\":\"SearchAction\",\"target\":{\"@type\":\"EntryPoint\",\"urlTemplate\":\"https:\/\/livwell.be\/fr\/?s={search_term_string}\"},\"query-input\":{\"@type\":\"PropertyValueSpecification\",\"valueRequired\":true,\"valueName\":\"search_term_string\"}}],\"inLanguage\":\"fr-FR\"},{\"@type\":\"Organization\",\"@id\":\"https:\/\/livwell.be\/fr\/#organization\",\"name\":\"Livwell\",\"url\":\"https:\/\/livwell.be\/fr\/\",\"logo\":{\"@type\":\"ImageObject\",\"inLanguage\":\"fr-FR\",\"@id\":\"https:\/\/livwell.be\/fr\/#\/schema\/logo\/image\/\",\"url\":\"https:\/\/livwell.be\/wp-content\/uploads\/2019\/05\/livwell-logo.png\",\"contentUrl\":\"https:\/\/livwell.be\/wp-content\/uploads\/2019\/05\/livwell-logo.png\",\"width\":101,\"height\":105,\"caption\":\"Livwell\"},\"image\":{\"@id\":\"https:\/\/livwell.be\/fr\/#\/schema\/logo\/image\/\"},\"sameAs\":[\"https:\/\/www.facebook.com\/Spinalis-Livwell-301461319996581\/\",\"https:\/\/www.instagram.com\/livwell001\/\"]}]}<\/script>\n<!-- \/ Yoast SEO plugin. -->","yoast_head_json":{"title":"Coussin lombaire, en forme de C - Livwell","robots":{"index":"index","follow":"follow","max-snippet":"max-snippet:-1","max-image-preview":"max-image-preview:large","max-video-preview":"max-video-preview:-1"},"canonical":"https:\/\/livwell.be\/fr\/produit\/coussin-lombaire-en-forme-de-c\/","og_locale":"fr_FR","og_type":"article","og_title":"Coussin lombaire, en forme de C - Livwell","og_description":"Pour les personnes n\u2019ayant pas suffisamment de support sur une chaise lorsqu\u2019elles sont assises longtemps, par exemple sur une chaise [&hellip;]","og_url":"https:\/\/livwell.be\/fr\/produit\/coussin-lombaire-en-forme-de-c\/","og_site_name":"Livwell","article_publisher":"https:\/\/www.facebook.com\/Spinalis-Livwell-301461319996581\/","article_modified_time":"2019-09-20T13:54:29+00:00","og_image":[{"width":1200,"height":662,"url":"https:\/\/livwell.be\/wp-content\/uploads\/2019\/07\/1332-LV-WEB.png","type":"image\/png"}],"twitter_card":"summary_large_image","schema":{"@context":"https:\/\/schema.org","@graph":[{"@type":"WebPage","@id":"https:\/\/livwell.be\/fr\/produit\/coussin-lombaire-en-forme-de-c\/","url":"https:\/\/livwell.be\/fr\/produit\/coussin-lombaire-en-forme-de-c\/","name":"Coussin lombaire, en forme de C - Livwell","isPartOf":{"@id":"https:\/\/livwell.be\/fr\/#website"},"primaryImageOfPage":{"@id":"https:\/\/livwell.be\/fr\/produit\/coussin-lombaire-en-forme-de-c\/#primaryimage"},"image":{"@id":"https:\/\/livwell.be\/fr\/produit\/coussin-lombaire-en-forme-de-c\/#primaryimage"},"thumbnailUrl":"https:\/\/livwell.be\/wp-content\/uploads\/2019\/07\/1332-LV-WEB.png","datePublished":"2019-07-01T09:07:03+00:00","dateModified":"2019-09-20T13:54:29+00:00","breadcrumb":{"@id":"https:\/\/livwell.be\/fr\/produit\/coussin-lombaire-en-forme-de-c\/#breadcrumb"},"inLanguage":"fr-FR","potentialAction":[{"@type":"ReadAction","target":["https:\/\/livwell.be\/fr\/produit\/coussin-lombaire-en-forme-de-c\/"]}]},{"@type":"ImageObject","inLanguage":"fr-FR","@id":"https:\/\/livwell.be\/fr\/produit\/coussin-lombaire-en-forme-de-c\/#primaryimage","url":"https:\/\/livwell.be\/wp-content\/uploads\/2019\/07\/1332-LV-WEB.png","contentUrl":"https:\/\/livwell.be\/wp-content\/uploads\/2019\/07\/1332-LV-WEB.png","width":1200,"height":662},{"@type":"BreadcrumbList","@id":"https:\/\/livwell.be\/fr\/produit\/coussin-lombaire-en-forme-de-c\/#breadcrumb","itemListElement":[{"@type":"ListItem","position":1,"name":"Home","item":"https:\/\/livwell.be\/fr\/"},{"@type":"ListItem","position":2,"name":"Produits","item":"https:\/\/livwell.be\/fr\/produits\/"},{"@type":"ListItem","position":3,"name":"Coussin lombaire, en forme de C"}]},{"@type":"WebSite","@id":"https:\/\/livwell.be\/fr\/#website","url":"https:\/\/livwell.be\/fr\/","name":"Livwell","description":"","publisher":{"@id":"https:\/\/livwell.be\/fr\/#organization"},"potentialAction":[{"@type":"SearchAction","target":{"@type":"EntryPoint","urlTemplate":"https:\/\/livwell.be\/fr\/?s={search_term_string}"},"query-input":{"@type":"PropertyValueSpecification","valueRequired":true,"valueName":"search_term_string"}}],"inLanguage":"fr-FR"},{"@type":"Organization","@id":"https:\/\/livwell.be\/fr\/#organization","name":"Livwell","url":"https:\/\/livwell.be\/fr\/","logo":{"@type":"ImageObject","inLanguage":"fr-FR","@id":"https:\/\/livwell.be\/fr\/#\/schema\/logo\/image\/","url":"https:\/\/livwell.be\/wp-content\/uploads\/2019\/05\/livwell-logo.png","contentUrl":"https:\/\/livwell.be\/wp-content\/uploads\/2019\/05\/livwell-logo.png","width":101,"height":105,"caption":"Livwell"},"image":{"@id":"https:\/\/livwell.be\/fr\/#\/schema\/logo\/image\/"},"sameAs":["https:\/\/www.facebook.com\/Spinalis-Livwell-301461319996581\/","https:\/\/www.instagram.com\/livwell001\/"]}]}},"_links":{"self":[{"href":"https:\/\/livwell.be\/fr\/wp-json\/wp\/v2\/product\/8077","targetHints":{"allow":["GET"]}}],"collection":[{"href":"https:\/\/livwell.be\/fr\/wp-json\/wp\/v2\/product"}],"about":[{"href":"https:\/\/livwell.be\/fr\/wp-json\/wp\/v2\/types\/product"}],"replies":[{"embeddable":true,"href":"https:\/\/livwell.be\/fr\/wp-json\/wp\/v2\/comments?post=8077"}],"wp:featuredmedia":[{"embeddable":true,"href":"https:\/\/livwell.be\/fr\/wp-json\/wp\/v2\/media\/8000"}],"wp:attachment":[{"href":"https:\/\/livwell.be\/fr\/wp-json\/wp\/v2\/media?parent=8077"}],"wp:term":[{"taxonomy":"product_brand","embeddable":true,"href":"https:\/\/livwell.be\/fr\/wp-json\/wp\/v2\/product_brand?post=8077"},{"taxonomy":"product_cat","embeddable":true,"href":"https:\/\/livwell.be\/fr\/wp-json\/wp\/v2\/product_cat?post=8077"},{"taxonomy":"product_tag","embeddable":true,"href":"https:\/\/livwell.be\/fr\/wp-json\/wp\/v2\/product_tag?post=8077"},{"taxonomy":"brand","embeddable":true,"href":"https:\/\/livwell.be\/fr\/wp-json\/wp\/v2\/brand?post=8077"},{"taxonomy":"material","embeddable":true,"href":"https:\/\/livwell.be\/fr\/wp-json\/wp\/v2\/material?post=8077"}],"curies":[{"name":"wp","href":"https:\/\/api.w.org\/{rel}","templated":true}]}}