
{"id":8083,"date":"2019-07-01T10:47:43","date_gmt":"2019-07-01T08:47:43","guid":{"rendered":"https:\/\/livwell.be\/product\/ergo-line-souris-verticale-ergonomique-sans-fil-noire\/"},"modified":"2019-09-20T14:17:01","modified_gmt":"2019-09-20T12:17:01","slug":"ergo-line-souris-verticale-ergonomique-sans-fil-noire","status":"publish","type":"product","link":"https:\/\/livwell.be\/fr\/produit\/ergo-line-souris-verticale-ergonomique-sans-fil-noire\/","title":{"rendered":"ERGO LINE \u2013 souris verticale ergonomique, sans fil, noire"},"content":{"rendered":"<p>Souris optique 2,4&nbsp;GHz, compatible PC\/MAC, 800\/1200\/1600&nbsp;DPI, conception optimale pour un usage confortable, le format et la forme s\u2019adaptant parfaitement \u00e0 la main, maintient l\u2019avant-bras dans un alignement vertical dans une position naturelle, \u00e9vite la fatigue et la douleur suite \u00e0 un usage prolong\u00e9, 5&nbsp;boutons (y compris Suivant\/Pr\u00e9c\u00e9dent\/commutateur dpi + molette).<\/p>\n<p>Livr\u00e9e avec 2 piles AAA.<\/p>\n","protected":false},"excerpt":{"rendered":"<p>Souris optique 2,4&nbsp;GHz, compatible PC\/MAC, 800\/1200\/1600&nbsp;DPI, conception optimale pour un usage confortable, le format et la forme s\u2019adaptant parfaitement \u00e0 [&hellip;]<\/p>\n","protected":false},"featured_media":7977,"comment_status":"open","ping_status":"closed","template":"","meta":{"ngg_post_thumbnail":0},"product_brand":[],"product_cat":[390],"product_tag":[],"brand":[],"material":[],"class_list":{"0":"post-8083","1":"product","2":"type-product","3":"status-publish","4":"has-post-thumbnail","6":"product_cat-souris-ergonomiques","8":"first","9":"instock","10":"taxable","11":"shipping-taxable","12":"purchasable","13":"product-type-variable"},"yoast_head":"<!-- This site is optimized with the Yoast SEO plugin v25.6 - https:\/\/yoast.com\/wordpress\/plugins\/seo\/ -->\n<title>ERGO LINE \u2013 souris verticale ergonomique, sans fil, noire - Livwell<\/title>\n<meta name=\"robots\" content=\"index, follow, max-snippet:-1, max-image-preview:large, max-video-preview:-1\" \/>\n<link rel=\"canonical\" href=\"https:\/\/livwell.be\/fr\/produit\/ergo-line-souris-verticale-ergonomique-sans-fil-noire\/\" \/>\n<meta property=\"og:locale\" content=\"fr_FR\" \/>\n<meta property=\"og:type\" content=\"article\" \/>\n<meta property=\"og:title\" content=\"ERGO LINE \u2013 souris verticale ergonomique, sans fil, noire - Livwell\" \/>\n<meta property=\"og:description\" content=\"Souris optique 2,4&nbsp;GHz, compatible PC\/MAC, 800\/1200\/1600&nbsp;DPI, conception optimale pour un usage confortable, le format et la forme s\u2019adaptant parfaitement \u00e0 [&hellip;]\" \/>\n<meta property=\"og:url\" content=\"https:\/\/livwell.be\/fr\/produit\/ergo-line-souris-verticale-ergonomique-sans-fil-noire\/\" \/>\n<meta property=\"og:site_name\" content=\"Livwell\" \/>\n<meta property=\"article:publisher\" content=\"https:\/\/www.facebook.com\/Spinalis-Livwell-301461319996581\/\" \/>\n<meta property=\"article:modified_time\" content=\"2019-09-20T12:17:01+00:00\" \/>\n<meta property=\"og:image\" content=\"https:\/\/livwell.be\/wp-content\/uploads\/2019\/07\/muis-ergonomisch-horizontaal.jpg\" \/>\n\t<meta property=\"og:image:width\" content=\"800\" \/>\n\t<meta property=\"og:image:height\" content=\"446\" \/>\n\t<meta property=\"og:image:type\" content=\"image\/jpeg\" \/>\n<meta name=\"twitter:card\" content=\"summary_large_image\" \/>\n<script type=\"application\/ld+json\" class=\"yoast-schema-graph\">{\"@context\":\"https:\/\/schema.org\",\"@graph\":[{\"@type\":\"WebPage\",\"@id\":\"https:\/\/livwell.be\/fr\/produit\/ergo-line-souris-verticale-ergonomique-sans-fil-noire\/\",\"url\":\"https:\/\/livwell.be\/fr\/produit\/ergo-line-souris-verticale-ergonomique-sans-fil-noire\/\",\"name\":\"ERGO LINE \u2013 souris verticale ergonomique, sans fil, noire - Livwell\",\"isPartOf\":{\"@id\":\"https:\/\/livwell.be\/fr\/#website\"},\"primaryImageOfPage\":{\"@id\":\"https:\/\/livwell.be\/fr\/produit\/ergo-line-souris-verticale-ergonomique-sans-fil-noire\/#primaryimage\"},\"image\":{\"@id\":\"https:\/\/livwell.be\/fr\/produit\/ergo-line-souris-verticale-ergonomique-sans-fil-noire\/#primaryimage\"},\"thumbnailUrl\":\"https:\/\/livwell.be\/wp-content\/uploads\/2019\/07\/muis-ergonomisch-horizontaal.jpg\",\"datePublished\":\"2019-07-01T08:47:43+00:00\",\"dateModified\":\"2019-09-20T12:17:01+00:00\",\"breadcrumb\":{\"@id\":\"https:\/\/livwell.be\/fr\/produit\/ergo-line-souris-verticale-ergonomique-sans-fil-noire\/#breadcrumb\"},\"inLanguage\":\"fr-FR\",\"potentialAction\":[{\"@type\":\"ReadAction\",\"target\":[\"https:\/\/livwell.be\/fr\/produit\/ergo-line-souris-verticale-ergonomique-sans-fil-noire\/\"]}]},{\"@type\":\"ImageObject\",\"inLanguage\":\"fr-FR\",\"@id\":\"https:\/\/livwell.be\/fr\/produit\/ergo-line-souris-verticale-ergonomique-sans-fil-noire\/#primaryimage\",\"url\":\"https:\/\/livwell.be\/wp-content\/uploads\/2019\/07\/muis-ergonomisch-horizontaal.jpg\",\"contentUrl\":\"https:\/\/livwell.be\/wp-content\/uploads\/2019\/07\/muis-ergonomisch-horizontaal.jpg\",\"width\":800,\"height\":446,\"caption\":\"muis ergonomisch horizontaal\"},{\"@type\":\"BreadcrumbList\",\"@id\":\"https:\/\/livwell.be\/fr\/produit\/ergo-line-souris-verticale-ergonomique-sans-fil-noire\/#breadcrumb\",\"itemListElement\":[{\"@type\":\"ListItem\",\"position\":1,\"name\":\"Home\",\"item\":\"https:\/\/livwell.be\/fr\/\"},{\"@type\":\"ListItem\",\"position\":2,\"name\":\"Produits\",\"item\":\"https:\/\/livwell.be\/fr\/produits\/\"},{\"@type\":\"ListItem\",\"position\":3,\"name\":\"ERGO LINE \u2013 souris verticale ergonomique, sans fil, noire\"}]},{\"@type\":\"WebSite\",\"@id\":\"https:\/\/livwell.be\/fr\/#website\",\"url\":\"https:\/\/livwell.be\/fr\/\",\"name\":\"Livwell\",\"description\":\"\",\"publisher\":{\"@id\":\"https:\/\/livwell.be\/fr\/#organization\"},\"potentialAction\":[{\"@type\":\"SearchAction\",\"target\":{\"@type\":\"EntryPoint\",\"urlTemplate\":\"https:\/\/livwell.be\/fr\/?s={search_term_string}\"},\"query-input\":{\"@type\":\"PropertyValueSpecification\",\"valueRequired\":true,\"valueName\":\"search_term_string\"}}],\"inLanguage\":\"fr-FR\"},{\"@type\":\"Organization\",\"@id\":\"https:\/\/livwell.be\/fr\/#organization\",\"name\":\"Livwell\",\"url\":\"https:\/\/livwell.be\/fr\/\",\"logo\":{\"@type\":\"ImageObject\",\"inLanguage\":\"fr-FR\",\"@id\":\"https:\/\/livwell.be\/fr\/#\/schema\/logo\/image\/\",\"url\":\"https:\/\/livwell.be\/wp-content\/uploads\/2019\/05\/livwell-logo.png\",\"contentUrl\":\"https:\/\/livwell.be\/wp-content\/uploads\/2019\/05\/livwell-logo.png\",\"width\":101,\"height\":105,\"caption\":\"Livwell\"},\"image\":{\"@id\":\"https:\/\/livwell.be\/fr\/#\/schema\/logo\/image\/\"},\"sameAs\":[\"https:\/\/www.facebook.com\/Spinalis-Livwell-301461319996581\/\",\"https:\/\/www.instagram.com\/livwell001\/\"]}]}<\/script>\n<!-- \/ Yoast SEO plugin. -->","yoast_head_json":{"title":"ERGO LINE \u2013 souris verticale ergonomique, sans fil, noire - Livwell","robots":{"index":"index","follow":"follow","max-snippet":"max-snippet:-1","max-image-preview":"max-image-preview:large","max-video-preview":"max-video-preview:-1"},"canonical":"https:\/\/livwell.be\/fr\/produit\/ergo-line-souris-verticale-ergonomique-sans-fil-noire\/","og_locale":"fr_FR","og_type":"article","og_title":"ERGO LINE \u2013 souris verticale ergonomique, sans fil, noire - Livwell","og_description":"Souris optique 2,4&nbsp;GHz, compatible PC\/MAC, 800\/1200\/1600&nbsp;DPI, conception optimale pour un usage confortable, le format et la forme s\u2019adaptant parfaitement \u00e0 [&hellip;]","og_url":"https:\/\/livwell.be\/fr\/produit\/ergo-line-souris-verticale-ergonomique-sans-fil-noire\/","og_site_name":"Livwell","article_publisher":"https:\/\/www.facebook.com\/Spinalis-Livwell-301461319996581\/","article_modified_time":"2019-09-20T12:17:01+00:00","og_image":[{"width":800,"height":446,"url":"https:\/\/livwell.be\/wp-content\/uploads\/2019\/07\/muis-ergonomisch-horizontaal.jpg","type":"image\/jpeg"}],"twitter_card":"summary_large_image","schema":{"@context":"https:\/\/schema.org","@graph":[{"@type":"WebPage","@id":"https:\/\/livwell.be\/fr\/produit\/ergo-line-souris-verticale-ergonomique-sans-fil-noire\/","url":"https:\/\/livwell.be\/fr\/produit\/ergo-line-souris-verticale-ergonomique-sans-fil-noire\/","name":"ERGO LINE \u2013 souris verticale ergonomique, sans fil, noire - Livwell","isPartOf":{"@id":"https:\/\/livwell.be\/fr\/#website"},"primaryImageOfPage":{"@id":"https:\/\/livwell.be\/fr\/produit\/ergo-line-souris-verticale-ergonomique-sans-fil-noire\/#primaryimage"},"image":{"@id":"https:\/\/livwell.be\/fr\/produit\/ergo-line-souris-verticale-ergonomique-sans-fil-noire\/#primaryimage"},"thumbnailUrl":"https:\/\/livwell.be\/wp-content\/uploads\/2019\/07\/muis-ergonomisch-horizontaal.jpg","datePublished":"2019-07-01T08:47:43+00:00","dateModified":"2019-09-20T12:17:01+00:00","breadcrumb":{"@id":"https:\/\/livwell.be\/fr\/produit\/ergo-line-souris-verticale-ergonomique-sans-fil-noire\/#breadcrumb"},"inLanguage":"fr-FR","potentialAction":[{"@type":"ReadAction","target":["https:\/\/livwell.be\/fr\/produit\/ergo-line-souris-verticale-ergonomique-sans-fil-noire\/"]}]},{"@type":"ImageObject","inLanguage":"fr-FR","@id":"https:\/\/livwell.be\/fr\/produit\/ergo-line-souris-verticale-ergonomique-sans-fil-noire\/#primaryimage","url":"https:\/\/livwell.be\/wp-content\/uploads\/2019\/07\/muis-ergonomisch-horizontaal.jpg","contentUrl":"https:\/\/livwell.be\/wp-content\/uploads\/2019\/07\/muis-ergonomisch-horizontaal.jpg","width":800,"height":446,"caption":"muis ergonomisch horizontaal"},{"@type":"BreadcrumbList","@id":"https:\/\/livwell.be\/fr\/produit\/ergo-line-souris-verticale-ergonomique-sans-fil-noire\/#breadcrumb","itemListElement":[{"@type":"ListItem","position":1,"name":"Home","item":"https:\/\/livwell.be\/fr\/"},{"@type":"ListItem","position":2,"name":"Produits","item":"https:\/\/livwell.be\/fr\/produits\/"},{"@type":"ListItem","position":3,"name":"ERGO LINE \u2013 souris verticale ergonomique, sans fil, noire"}]},{"@type":"WebSite","@id":"https:\/\/livwell.be\/fr\/#website","url":"https:\/\/livwell.be\/fr\/","name":"Livwell","description":"","publisher":{"@id":"https:\/\/livwell.be\/fr\/#organization"},"potentialAction":[{"@type":"SearchAction","target":{"@type":"EntryPoint","urlTemplate":"https:\/\/livwell.be\/fr\/?s={search_term_string}"},"query-input":{"@type":"PropertyValueSpecification","valueRequired":true,"valueName":"search_term_string"}}],"inLanguage":"fr-FR"},{"@type":"Organization","@id":"https:\/\/livwell.be\/fr\/#organization","name":"Livwell","url":"https:\/\/livwell.be\/fr\/","logo":{"@type":"ImageObject","inLanguage":"fr-FR","@id":"https:\/\/livwell.be\/fr\/#\/schema\/logo\/image\/","url":"https:\/\/livwell.be\/wp-content\/uploads\/2019\/05\/livwell-logo.png","contentUrl":"https:\/\/livwell.be\/wp-content\/uploads\/2019\/05\/livwell-logo.png","width":101,"height":105,"caption":"Livwell"},"image":{"@id":"https:\/\/livwell.be\/fr\/#\/schema\/logo\/image\/"},"sameAs":["https:\/\/www.facebook.com\/Spinalis-Livwell-301461319996581\/","https:\/\/www.instagram.com\/livwell001\/"]}]}},"_links":{"self":[{"href":"https:\/\/livwell.be\/fr\/wp-json\/wp\/v2\/product\/8083","targetHints":{"allow":["GET"]}}],"collection":[{"href":"https:\/\/livwell.be\/fr\/wp-json\/wp\/v2\/product"}],"about":[{"href":"https:\/\/livwell.be\/fr\/wp-json\/wp\/v2\/types\/product"}],"replies":[{"embeddable":true,"href":"https:\/\/livwell.be\/fr\/wp-json\/wp\/v2\/comments?post=8083"}],"wp:featuredmedia":[{"embeddable":true,"href":"https:\/\/livwell.be\/fr\/wp-json\/wp\/v2\/media\/7977"}],"wp:attachment":[{"href":"https:\/\/livwell.be\/fr\/wp-json\/wp\/v2\/media?parent=8083"}],"wp:term":[{"taxonomy":"product_brand","embeddable":true,"href":"https:\/\/livwell.be\/fr\/wp-json\/wp\/v2\/product_brand?post=8083"},{"taxonomy":"product_cat","embeddable":true,"href":"https:\/\/livwell.be\/fr\/wp-json\/wp\/v2\/product_cat?post=8083"},{"taxonomy":"product_tag","embeddable":true,"href":"https:\/\/livwell.be\/fr\/wp-json\/wp\/v2\/product_tag?post=8083"},{"taxonomy":"brand","embeddable":true,"href":"https:\/\/livwell.be\/fr\/wp-json\/wp\/v2\/brand?post=8083"},{"taxonomy":"material","embeddable":true,"href":"https:\/\/livwell.be\/fr\/wp-json\/wp\/v2\/material?post=8083"}],"curies":[{"name":"wp","href":"https:\/\/api.w.org\/{rel}","templated":true}]}}