
{"id":8158,"date":"2019-02-06T15:21:18","date_gmt":"2019-02-06T14:21:18","guid":{"rendered":"https:\/\/livwell.be\/product\/tapis-anti-fatigue-assis-debout-activefusion\/"},"modified":"2019-09-20T15:35:55","modified_gmt":"2019-09-20T13:35:55","slug":"tapis-anti-fatigue-assis-debout-activefusion","status":"publish","type":"product","link":"https:\/\/livwell.be\/fr\/produit\/tapis-anti-fatigue-assis-debout-activefusion\/","title":{"rendered":"Tapis anti-fatigue Assis-Debout ActiveFusion"},"content":{"rendered":"<ul>\n<li>Restez actif et b\u00e9n\u00e9ficiez des avantages de votre solution Assis-Debout avec tapis anti-fatigue Assis-Debout ActiveFusion<\/li>\n<li>La sur\u00e9l\u00e9vation stimule l\u2019\u00e9tirement et le mouvement des jambes tout au long de la journ\u00e9e de travail<\/li>\n<li>\u00c9vite la fatigue par de subtils mouvements et la stimulation du d\u00e9placement du poids corporel<\/li>\n<li>Utiliser en combinaison avec toute solution Assis-Debout pour un support suppl\u00e9mentaire lors du travail debout<\/li>\n<li>Extr\u00e9mit\u00e9s en pente pour \u00e9viter tout tr\u00e9buchement<\/li>\n<\/ul>\n<p><u>Caract\u00e9ristiques&nbsp;:<\/u><br \/>\nCouleur&nbsp;: noir<br \/>\nDim. (hxlxL&nbsp;cm)&nbsp;: 8,89 \u00d7 89,85 \u00d7 59,69<br \/>\nPoids&nbsp;: 3,73&nbsp;kg<br \/>\nEan&nbsp;: 043859728053<br \/>\nGarantie&nbsp;: 5&nbsp;ans limit\u00e9e<\/p>\n","protected":false},"excerpt":{"rendered":"<p>Restez actif et b\u00e9n\u00e9ficiez des avantages de votre solution Assis-Debout avec tapis anti-fatigue Assis-Debout ActiveFusion La sur\u00e9l\u00e9vation stimule l\u2019\u00e9tirement et [&hellip;]<\/p>\n","protected":false},"featured_media":7444,"comment_status":"open","ping_status":"closed","template":"","meta":{"ngg_post_thumbnail":0},"product_brand":[],"product_cat":[398],"product_tag":[],"brand":[],"material":[],"class_list":{"0":"post-8158","1":"product","2":"type-product","3":"status-publish","4":"has-post-thumbnail","6":"product_cat-tapis-station-assis-debout","8":"first","9":"instock","10":"taxable","11":"shipping-taxable","12":"purchasable","13":"product-type-simple"},"yoast_head":"<!-- This site is optimized with the Yoast SEO plugin v25.6 - https:\/\/yoast.com\/wordpress\/plugins\/seo\/ -->\n<title>Tapis anti-fatigue Assis-Debout ActiveFusion - Livwell<\/title>\n<meta name=\"robots\" content=\"index, follow, max-snippet:-1, max-image-preview:large, max-video-preview:-1\" \/>\n<link rel=\"canonical\" href=\"https:\/\/livwell.be\/fr\/produit\/tapis-anti-fatigue-assis-debout-activefusion\/\" \/>\n<meta property=\"og:locale\" content=\"fr_FR\" \/>\n<meta property=\"og:type\" content=\"article\" \/>\n<meta property=\"og:title\" content=\"Tapis anti-fatigue Assis-Debout ActiveFusion - Livwell\" \/>\n<meta property=\"og:description\" content=\"Restez actif et b\u00e9n\u00e9ficiez des avantages de votre solution Assis-Debout avec tapis anti-fatigue Assis-Debout ActiveFusion La sur\u00e9l\u00e9vation stimule l\u2019\u00e9tirement et [&hellip;]\" \/>\n<meta property=\"og:url\" content=\"https:\/\/livwell.be\/fr\/produit\/tapis-anti-fatigue-assis-debout-activefusion\/\" \/>\n<meta property=\"og:site_name\" content=\"Livwell\" \/>\n<meta property=\"article:publisher\" content=\"https:\/\/www.facebook.com\/Spinalis-Livwell-301461319996581\/\" \/>\n<meta property=\"article:modified_time\" content=\"2019-09-20T13:35:55+00:00\" \/>\n<meta property=\"og:image\" content=\"https:\/\/livwell.be\/wp-content\/uploads\/2019\/02\/2-niveaus-zit-sta-mat-1.png\" \/>\n\t<meta property=\"og:image:width\" content=\"500\" \/>\n\t<meta property=\"og:image:height\" content=\"500\" \/>\n\t<meta property=\"og:image:type\" content=\"image\/png\" \/>\n<meta name=\"twitter:card\" content=\"summary_large_image\" \/>\n<meta name=\"twitter:label1\" content=\"Dur\u00e9e de lecture estim\u00e9e\" \/>\n\t<meta name=\"twitter:data1\" content=\"1 minute\" \/>\n<script type=\"application\/ld+json\" class=\"yoast-schema-graph\">{\"@context\":\"https:\/\/schema.org\",\"@graph\":[{\"@type\":\"WebPage\",\"@id\":\"https:\/\/livwell.be\/fr\/produit\/tapis-anti-fatigue-assis-debout-activefusion\/\",\"url\":\"https:\/\/livwell.be\/fr\/produit\/tapis-anti-fatigue-assis-debout-activefusion\/\",\"name\":\"Tapis anti-fatigue Assis-Debout ActiveFusion - Livwell\",\"isPartOf\":{\"@id\":\"https:\/\/livwell.be\/fr\/#website\"},\"primaryImageOfPage\":{\"@id\":\"https:\/\/livwell.be\/fr\/produit\/tapis-anti-fatigue-assis-debout-activefusion\/#primaryimage\"},\"image\":{\"@id\":\"https:\/\/livwell.be\/fr\/produit\/tapis-anti-fatigue-assis-debout-activefusion\/#primaryimage\"},\"thumbnailUrl\":\"https:\/\/livwell.be\/wp-content\/uploads\/2019\/02\/2-niveaus-zit-sta-mat-1.png\",\"datePublished\":\"2019-02-06T14:21:18+00:00\",\"dateModified\":\"2019-09-20T13:35:55+00:00\",\"breadcrumb\":{\"@id\":\"https:\/\/livwell.be\/fr\/produit\/tapis-anti-fatigue-assis-debout-activefusion\/#breadcrumb\"},\"inLanguage\":\"fr-FR\",\"potentialAction\":[{\"@type\":\"ReadAction\",\"target\":[\"https:\/\/livwell.be\/fr\/produit\/tapis-anti-fatigue-assis-debout-activefusion\/\"]}]},{\"@type\":\"ImageObject\",\"inLanguage\":\"fr-FR\",\"@id\":\"https:\/\/livwell.be\/fr\/produit\/tapis-anti-fatigue-assis-debout-activefusion\/#primaryimage\",\"url\":\"https:\/\/livwell.be\/wp-content\/uploads\/2019\/02\/2-niveaus-zit-sta-mat-1.png\",\"contentUrl\":\"https:\/\/livwell.be\/wp-content\/uploads\/2019\/02\/2-niveaus-zit-sta-mat-1.png\",\"width\":500,\"height\":500,\"caption\":\"2 niveaux assis-debout tapis 1\"},{\"@type\":\"BreadcrumbList\",\"@id\":\"https:\/\/livwell.be\/fr\/produit\/tapis-anti-fatigue-assis-debout-activefusion\/#breadcrumb\",\"itemListElement\":[{\"@type\":\"ListItem\",\"position\":1,\"name\":\"Home\",\"item\":\"https:\/\/livwell.be\/fr\/\"},{\"@type\":\"ListItem\",\"position\":2,\"name\":\"Produits\",\"item\":\"https:\/\/livwell.be\/fr\/produits\/\"},{\"@type\":\"ListItem\",\"position\":3,\"name\":\"Tapis anti-fatigue Assis-Debout ActiveFusion\"}]},{\"@type\":\"WebSite\",\"@id\":\"https:\/\/livwell.be\/fr\/#website\",\"url\":\"https:\/\/livwell.be\/fr\/\",\"name\":\"Livwell\",\"description\":\"\",\"publisher\":{\"@id\":\"https:\/\/livwell.be\/fr\/#organization\"},\"potentialAction\":[{\"@type\":\"SearchAction\",\"target\":{\"@type\":\"EntryPoint\",\"urlTemplate\":\"https:\/\/livwell.be\/fr\/?s={search_term_string}\"},\"query-input\":{\"@type\":\"PropertyValueSpecification\",\"valueRequired\":true,\"valueName\":\"search_term_string\"}}],\"inLanguage\":\"fr-FR\"},{\"@type\":\"Organization\",\"@id\":\"https:\/\/livwell.be\/fr\/#organization\",\"name\":\"Livwell\",\"url\":\"https:\/\/livwell.be\/fr\/\",\"logo\":{\"@type\":\"ImageObject\",\"inLanguage\":\"fr-FR\",\"@id\":\"https:\/\/livwell.be\/fr\/#\/schema\/logo\/image\/\",\"url\":\"https:\/\/livwell.be\/wp-content\/uploads\/2019\/05\/livwell-logo.png\",\"contentUrl\":\"https:\/\/livwell.be\/wp-content\/uploads\/2019\/05\/livwell-logo.png\",\"width\":101,\"height\":105,\"caption\":\"Livwell\"},\"image\":{\"@id\":\"https:\/\/livwell.be\/fr\/#\/schema\/logo\/image\/\"},\"sameAs\":[\"https:\/\/www.facebook.com\/Spinalis-Livwell-301461319996581\/\",\"https:\/\/www.instagram.com\/livwell001\/\"]}]}<\/script>\n<!-- \/ Yoast SEO plugin. -->","yoast_head_json":{"title":"Tapis anti-fatigue Assis-Debout ActiveFusion - Livwell","robots":{"index":"index","follow":"follow","max-snippet":"max-snippet:-1","max-image-preview":"max-image-preview:large","max-video-preview":"max-video-preview:-1"},"canonical":"https:\/\/livwell.be\/fr\/produit\/tapis-anti-fatigue-assis-debout-activefusion\/","og_locale":"fr_FR","og_type":"article","og_title":"Tapis anti-fatigue Assis-Debout ActiveFusion - Livwell","og_description":"Restez actif et b\u00e9n\u00e9ficiez des avantages de votre solution Assis-Debout avec tapis anti-fatigue Assis-Debout ActiveFusion La sur\u00e9l\u00e9vation stimule l\u2019\u00e9tirement et [&hellip;]","og_url":"https:\/\/livwell.be\/fr\/produit\/tapis-anti-fatigue-assis-debout-activefusion\/","og_site_name":"Livwell","article_publisher":"https:\/\/www.facebook.com\/Spinalis-Livwell-301461319996581\/","article_modified_time":"2019-09-20T13:35:55+00:00","og_image":[{"width":500,"height":500,"url":"https:\/\/livwell.be\/wp-content\/uploads\/2019\/02\/2-niveaus-zit-sta-mat-1.png","type":"image\/png"}],"twitter_card":"summary_large_image","twitter_misc":{"Dur\u00e9e de lecture estim\u00e9e":"1 minute"},"schema":{"@context":"https:\/\/schema.org","@graph":[{"@type":"WebPage","@id":"https:\/\/livwell.be\/fr\/produit\/tapis-anti-fatigue-assis-debout-activefusion\/","url":"https:\/\/livwell.be\/fr\/produit\/tapis-anti-fatigue-assis-debout-activefusion\/","name":"Tapis anti-fatigue Assis-Debout ActiveFusion - Livwell","isPartOf":{"@id":"https:\/\/livwell.be\/fr\/#website"},"primaryImageOfPage":{"@id":"https:\/\/livwell.be\/fr\/produit\/tapis-anti-fatigue-assis-debout-activefusion\/#primaryimage"},"image":{"@id":"https:\/\/livwell.be\/fr\/produit\/tapis-anti-fatigue-assis-debout-activefusion\/#primaryimage"},"thumbnailUrl":"https:\/\/livwell.be\/wp-content\/uploads\/2019\/02\/2-niveaus-zit-sta-mat-1.png","datePublished":"2019-02-06T14:21:18+00:00","dateModified":"2019-09-20T13:35:55+00:00","breadcrumb":{"@id":"https:\/\/livwell.be\/fr\/produit\/tapis-anti-fatigue-assis-debout-activefusion\/#breadcrumb"},"inLanguage":"fr-FR","potentialAction":[{"@type":"ReadAction","target":["https:\/\/livwell.be\/fr\/produit\/tapis-anti-fatigue-assis-debout-activefusion\/"]}]},{"@type":"ImageObject","inLanguage":"fr-FR","@id":"https:\/\/livwell.be\/fr\/produit\/tapis-anti-fatigue-assis-debout-activefusion\/#primaryimage","url":"https:\/\/livwell.be\/wp-content\/uploads\/2019\/02\/2-niveaus-zit-sta-mat-1.png","contentUrl":"https:\/\/livwell.be\/wp-content\/uploads\/2019\/02\/2-niveaus-zit-sta-mat-1.png","width":500,"height":500,"caption":"2 niveaux assis-debout tapis 1"},{"@type":"BreadcrumbList","@id":"https:\/\/livwell.be\/fr\/produit\/tapis-anti-fatigue-assis-debout-activefusion\/#breadcrumb","itemListElement":[{"@type":"ListItem","position":1,"name":"Home","item":"https:\/\/livwell.be\/fr\/"},{"@type":"ListItem","position":2,"name":"Produits","item":"https:\/\/livwell.be\/fr\/produits\/"},{"@type":"ListItem","position":3,"name":"Tapis anti-fatigue Assis-Debout ActiveFusion"}]},{"@type":"WebSite","@id":"https:\/\/livwell.be\/fr\/#website","url":"https:\/\/livwell.be\/fr\/","name":"Livwell","description":"","publisher":{"@id":"https:\/\/livwell.be\/fr\/#organization"},"potentialAction":[{"@type":"SearchAction","target":{"@type":"EntryPoint","urlTemplate":"https:\/\/livwell.be\/fr\/?s={search_term_string}"},"query-input":{"@type":"PropertyValueSpecification","valueRequired":true,"valueName":"search_term_string"}}],"inLanguage":"fr-FR"},{"@type":"Organization","@id":"https:\/\/livwell.be\/fr\/#organization","name":"Livwell","url":"https:\/\/livwell.be\/fr\/","logo":{"@type":"ImageObject","inLanguage":"fr-FR","@id":"https:\/\/livwell.be\/fr\/#\/schema\/logo\/image\/","url":"https:\/\/livwell.be\/wp-content\/uploads\/2019\/05\/livwell-logo.png","contentUrl":"https:\/\/livwell.be\/wp-content\/uploads\/2019\/05\/livwell-logo.png","width":101,"height":105,"caption":"Livwell"},"image":{"@id":"https:\/\/livwell.be\/fr\/#\/schema\/logo\/image\/"},"sameAs":["https:\/\/www.facebook.com\/Spinalis-Livwell-301461319996581\/","https:\/\/www.instagram.com\/livwell001\/"]}]}},"_links":{"self":[{"href":"https:\/\/livwell.be\/fr\/wp-json\/wp\/v2\/product\/8158","targetHints":{"allow":["GET"]}}],"collection":[{"href":"https:\/\/livwell.be\/fr\/wp-json\/wp\/v2\/product"}],"about":[{"href":"https:\/\/livwell.be\/fr\/wp-json\/wp\/v2\/types\/product"}],"replies":[{"embeddable":true,"href":"https:\/\/livwell.be\/fr\/wp-json\/wp\/v2\/comments?post=8158"}],"wp:featuredmedia":[{"embeddable":true,"href":"https:\/\/livwell.be\/fr\/wp-json\/wp\/v2\/media\/7444"}],"wp:attachment":[{"href":"https:\/\/livwell.be\/fr\/wp-json\/wp\/v2\/media?parent=8158"}],"wp:term":[{"taxonomy":"product_brand","embeddable":true,"href":"https:\/\/livwell.be\/fr\/wp-json\/wp\/v2\/product_brand?post=8158"},{"taxonomy":"product_cat","embeddable":true,"href":"https:\/\/livwell.be\/fr\/wp-json\/wp\/v2\/product_cat?post=8158"},{"taxonomy":"product_tag","embeddable":true,"href":"https:\/\/livwell.be\/fr\/wp-json\/wp\/v2\/product_tag?post=8158"},{"taxonomy":"brand","embeddable":true,"href":"https:\/\/livwell.be\/fr\/wp-json\/wp\/v2\/brand?post=8158"},{"taxonomy":"material","embeddable":true,"href":"https:\/\/livwell.be\/fr\/wp-json\/wp\/v2\/material?post=8158"}],"curies":[{"name":"wp","href":"https:\/\/api.w.org\/{rel}","templated":true}]}}