
{"id":8175,"date":"2019-01-30T11:50:45","date_gmt":"2019-01-30T10:50:45","guid":{"rendered":"https:\/\/livwell.be\/product\/core-chair\/"},"modified":"2020-01-10T14:54:46","modified_gmt":"2020-01-10T13:54:46","slug":"core-chair","status":"publish","type":"product","link":"https:\/\/livwell.be\/fr\/produit\/core-chair\/","title":{"rendered":"Core-chair"},"content":{"rendered":"<p>Assise active saine avec un confort tr\u00e8s \u00e9lev\u00e9.<br \/>\nVous \u00eates en position assise et mobile et vous avez le dos droit. R\u00e9duit les mauvaises postures ou les douleurs de dos<br \/>\nVous pouvez verrouiller l\u2019assise ou modifier graduellement l\u2019intensit\u00e9.<br \/>\nL\u2019assise est form\u00e9e de telle fa\u00e7on que vous ne sentez pas de points de pression.<br \/>\nC\u2019est comme \u00eatre assis sur un nuage.&nbsp; Parfait en cas de probl\u00e8mes de coccyx et<br \/>\nde probl\u00e8mes de bourse s\u00e9reuse.<br \/>\nConcept brevet\u00e9.<\/p>\n<p>Le rev\u00eatement est en textile<\/p>\n<p>H de l\u2019assise = 52 \u2013 60&nbsp;cm<br \/>\nHauteur totale&nbsp; = 75 \u2013 83&nbsp;cm<br \/>\nL = 63&nbsp;cm<br \/>\nconvient pour 120&nbsp;kg.<br \/>\n7 ans de garantie sur le syst\u00e8me mobile<br \/>\n3&nbsp;ans de garantie g\u00e9n\u00e9rale, hors rev\u00eatement<\/p>\n","protected":false},"excerpt":{"rendered":"<p>Assise active saine avec un confort tr\u00e8s \u00e9lev\u00e9. Vous \u00eates en position assise et mobile et vous avez le dos [&hellip;]<\/p>\n","protected":false},"featured_media":7453,"comment_status":"open","ping_status":"closed","template":"","meta":{"ngg_post_thumbnail":0},"product_brand":[],"product_cat":[387],"product_tag":[],"brand":[],"material":[],"class_list":{"0":"post-8175","1":"product","2":"type-product","3":"status-publish","4":"has-post-thumbnail","6":"product_cat-core-chair-fr","8":"first","9":"instock","10":"taxable","11":"shipping-taxable","12":"purchasable","13":"product-type-variable"},"yoast_head":"<!-- This site is optimized with the Yoast SEO plugin v25.6 - https:\/\/yoast.com\/wordpress\/plugins\/seo\/ -->\n<title>Core-chair - Livwell<\/title>\n<meta name=\"robots\" content=\"index, follow, max-snippet:-1, max-image-preview:large, max-video-preview:-1\" \/>\n<link rel=\"canonical\" href=\"https:\/\/livwell.be\/fr\/produit\/core-chair\/\" \/>\n<meta property=\"og:locale\" content=\"fr_FR\" \/>\n<meta property=\"og:type\" content=\"article\" \/>\n<meta property=\"og:title\" content=\"Core-chair - Livwell\" \/>\n<meta property=\"og:description\" content=\"Assise active saine avec un confort tr\u00e8s \u00e9lev\u00e9. Vous \u00eates en position assise et mobile et vous avez le dos [&hellip;]\" \/>\n<meta property=\"og:url\" content=\"https:\/\/livwell.be\/fr\/produit\/core-chair\/\" \/>\n<meta property=\"og:site_name\" content=\"Livwell\" \/>\n<meta property=\"article:publisher\" content=\"https:\/\/www.facebook.com\/Spinalis-Livwell-301461319996581\/\" \/>\n<meta property=\"article:modified_time\" content=\"2020-01-10T13:54:46+00:00\" \/>\n<meta property=\"og:image\" content=\"https:\/\/livwell.be\/wp-content\/uploads\/2019\/01\/Corechair_VA-rot.jpg\" \/>\n\t<meta property=\"og:image:width\" content=\"792\" \/>\n\t<meta property=\"og:image:height\" content=\"834\" \/>\n\t<meta property=\"og:image:type\" content=\"image\/jpeg\" \/>\n<meta name=\"twitter:card\" content=\"summary_large_image\" \/>\n<meta name=\"twitter:label1\" content=\"Dur\u00e9e de lecture estim\u00e9e\" \/>\n\t<meta name=\"twitter:data1\" content=\"1 minute\" \/>\n<script type=\"application\/ld+json\" class=\"yoast-schema-graph\">{\"@context\":\"https:\/\/schema.org\",\"@graph\":[{\"@type\":\"WebPage\",\"@id\":\"https:\/\/livwell.be\/fr\/produit\/core-chair\/\",\"url\":\"https:\/\/livwell.be\/fr\/produit\/core-chair\/\",\"name\":\"Core-chair - Livwell\",\"isPartOf\":{\"@id\":\"https:\/\/livwell.be\/fr\/#website\"},\"primaryImageOfPage\":{\"@id\":\"https:\/\/livwell.be\/fr\/produit\/core-chair\/#primaryimage\"},\"image\":{\"@id\":\"https:\/\/livwell.be\/fr\/produit\/core-chair\/#primaryimage\"},\"thumbnailUrl\":\"https:\/\/livwell.be\/wp-content\/uploads\/2019\/01\/Corechair_VA-rot.jpg\",\"datePublished\":\"2019-01-30T10:50:45+00:00\",\"dateModified\":\"2020-01-10T13:54:46+00:00\",\"breadcrumb\":{\"@id\":\"https:\/\/livwell.be\/fr\/produit\/core-chair\/#breadcrumb\"},\"inLanguage\":\"fr-FR\",\"potentialAction\":[{\"@type\":\"ReadAction\",\"target\":[\"https:\/\/livwell.be\/fr\/produit\/core-chair\/\"]}]},{\"@type\":\"ImageObject\",\"inLanguage\":\"fr-FR\",\"@id\":\"https:\/\/livwell.be\/fr\/produit\/core-chair\/#primaryimage\",\"url\":\"https:\/\/livwell.be\/wp-content\/uploads\/2019\/01\/Corechair_VA-rot.jpg\",\"contentUrl\":\"https:\/\/livwell.be\/wp-content\/uploads\/2019\/01\/Corechair_VA-rot.jpg\",\"width\":792,\"height\":834},{\"@type\":\"BreadcrumbList\",\"@id\":\"https:\/\/livwell.be\/fr\/produit\/core-chair\/#breadcrumb\",\"itemListElement\":[{\"@type\":\"ListItem\",\"position\":1,\"name\":\"Home\",\"item\":\"https:\/\/livwell.be\/fr\/\"},{\"@type\":\"ListItem\",\"position\":2,\"name\":\"Produits\",\"item\":\"https:\/\/livwell.be\/fr\/produits\/\"},{\"@type\":\"ListItem\",\"position\":3,\"name\":\"Core-chair\"}]},{\"@type\":\"WebSite\",\"@id\":\"https:\/\/livwell.be\/fr\/#website\",\"url\":\"https:\/\/livwell.be\/fr\/\",\"name\":\"Livwell\",\"description\":\"\",\"publisher\":{\"@id\":\"https:\/\/livwell.be\/fr\/#organization\"},\"potentialAction\":[{\"@type\":\"SearchAction\",\"target\":{\"@type\":\"EntryPoint\",\"urlTemplate\":\"https:\/\/livwell.be\/fr\/?s={search_term_string}\"},\"query-input\":{\"@type\":\"PropertyValueSpecification\",\"valueRequired\":true,\"valueName\":\"search_term_string\"}}],\"inLanguage\":\"fr-FR\"},{\"@type\":\"Organization\",\"@id\":\"https:\/\/livwell.be\/fr\/#organization\",\"name\":\"Livwell\",\"url\":\"https:\/\/livwell.be\/fr\/\",\"logo\":{\"@type\":\"ImageObject\",\"inLanguage\":\"fr-FR\",\"@id\":\"https:\/\/livwell.be\/fr\/#\/schema\/logo\/image\/\",\"url\":\"https:\/\/livwell.be\/wp-content\/uploads\/2019\/05\/livwell-logo.png\",\"contentUrl\":\"https:\/\/livwell.be\/wp-content\/uploads\/2019\/05\/livwell-logo.png\",\"width\":101,\"height\":105,\"caption\":\"Livwell\"},\"image\":{\"@id\":\"https:\/\/livwell.be\/fr\/#\/schema\/logo\/image\/\"},\"sameAs\":[\"https:\/\/www.facebook.com\/Spinalis-Livwell-301461319996581\/\",\"https:\/\/www.instagram.com\/livwell001\/\"]}]}<\/script>\n<!-- \/ Yoast SEO plugin. -->","yoast_head_json":{"title":"Core-chair - Livwell","robots":{"index":"index","follow":"follow","max-snippet":"max-snippet:-1","max-image-preview":"max-image-preview:large","max-video-preview":"max-video-preview:-1"},"canonical":"https:\/\/livwell.be\/fr\/produit\/core-chair\/","og_locale":"fr_FR","og_type":"article","og_title":"Core-chair - Livwell","og_description":"Assise active saine avec un confort tr\u00e8s \u00e9lev\u00e9. Vous \u00eates en position assise et mobile et vous avez le dos [&hellip;]","og_url":"https:\/\/livwell.be\/fr\/produit\/core-chair\/","og_site_name":"Livwell","article_publisher":"https:\/\/www.facebook.com\/Spinalis-Livwell-301461319996581\/","article_modified_time":"2020-01-10T13:54:46+00:00","og_image":[{"width":792,"height":834,"url":"https:\/\/livwell.be\/wp-content\/uploads\/2019\/01\/Corechair_VA-rot.jpg","type":"image\/jpeg"}],"twitter_card":"summary_large_image","twitter_misc":{"Dur\u00e9e de lecture estim\u00e9e":"1 minute"},"schema":{"@context":"https:\/\/schema.org","@graph":[{"@type":"WebPage","@id":"https:\/\/livwell.be\/fr\/produit\/core-chair\/","url":"https:\/\/livwell.be\/fr\/produit\/core-chair\/","name":"Core-chair - Livwell","isPartOf":{"@id":"https:\/\/livwell.be\/fr\/#website"},"primaryImageOfPage":{"@id":"https:\/\/livwell.be\/fr\/produit\/core-chair\/#primaryimage"},"image":{"@id":"https:\/\/livwell.be\/fr\/produit\/core-chair\/#primaryimage"},"thumbnailUrl":"https:\/\/livwell.be\/wp-content\/uploads\/2019\/01\/Corechair_VA-rot.jpg","datePublished":"2019-01-30T10:50:45+00:00","dateModified":"2020-01-10T13:54:46+00:00","breadcrumb":{"@id":"https:\/\/livwell.be\/fr\/produit\/core-chair\/#breadcrumb"},"inLanguage":"fr-FR","potentialAction":[{"@type":"ReadAction","target":["https:\/\/livwell.be\/fr\/produit\/core-chair\/"]}]},{"@type":"ImageObject","inLanguage":"fr-FR","@id":"https:\/\/livwell.be\/fr\/produit\/core-chair\/#primaryimage","url":"https:\/\/livwell.be\/wp-content\/uploads\/2019\/01\/Corechair_VA-rot.jpg","contentUrl":"https:\/\/livwell.be\/wp-content\/uploads\/2019\/01\/Corechair_VA-rot.jpg","width":792,"height":834},{"@type":"BreadcrumbList","@id":"https:\/\/livwell.be\/fr\/produit\/core-chair\/#breadcrumb","itemListElement":[{"@type":"ListItem","position":1,"name":"Home","item":"https:\/\/livwell.be\/fr\/"},{"@type":"ListItem","position":2,"name":"Produits","item":"https:\/\/livwell.be\/fr\/produits\/"},{"@type":"ListItem","position":3,"name":"Core-chair"}]},{"@type":"WebSite","@id":"https:\/\/livwell.be\/fr\/#website","url":"https:\/\/livwell.be\/fr\/","name":"Livwell","description":"","publisher":{"@id":"https:\/\/livwell.be\/fr\/#organization"},"potentialAction":[{"@type":"SearchAction","target":{"@type":"EntryPoint","urlTemplate":"https:\/\/livwell.be\/fr\/?s={search_term_string}"},"query-input":{"@type":"PropertyValueSpecification","valueRequired":true,"valueName":"search_term_string"}}],"inLanguage":"fr-FR"},{"@type":"Organization","@id":"https:\/\/livwell.be\/fr\/#organization","name":"Livwell","url":"https:\/\/livwell.be\/fr\/","logo":{"@type":"ImageObject","inLanguage":"fr-FR","@id":"https:\/\/livwell.be\/fr\/#\/schema\/logo\/image\/","url":"https:\/\/livwell.be\/wp-content\/uploads\/2019\/05\/livwell-logo.png","contentUrl":"https:\/\/livwell.be\/wp-content\/uploads\/2019\/05\/livwell-logo.png","width":101,"height":105,"caption":"Livwell"},"image":{"@id":"https:\/\/livwell.be\/fr\/#\/schema\/logo\/image\/"},"sameAs":["https:\/\/www.facebook.com\/Spinalis-Livwell-301461319996581\/","https:\/\/www.instagram.com\/livwell001\/"]}]}},"_links":{"self":[{"href":"https:\/\/livwell.be\/fr\/wp-json\/wp\/v2\/product\/8175","targetHints":{"allow":["GET"]}}],"collection":[{"href":"https:\/\/livwell.be\/fr\/wp-json\/wp\/v2\/product"}],"about":[{"href":"https:\/\/livwell.be\/fr\/wp-json\/wp\/v2\/types\/product"}],"replies":[{"embeddable":true,"href":"https:\/\/livwell.be\/fr\/wp-json\/wp\/v2\/comments?post=8175"}],"wp:featuredmedia":[{"embeddable":true,"href":"https:\/\/livwell.be\/fr\/wp-json\/wp\/v2\/media\/7453"}],"wp:attachment":[{"href":"https:\/\/livwell.be\/fr\/wp-json\/wp\/v2\/media?parent=8175"}],"wp:term":[{"taxonomy":"product_brand","embeddable":true,"href":"https:\/\/livwell.be\/fr\/wp-json\/wp\/v2\/product_brand?post=8175"},{"taxonomy":"product_cat","embeddable":true,"href":"https:\/\/livwell.be\/fr\/wp-json\/wp\/v2\/product_cat?post=8175"},{"taxonomy":"product_tag","embeddable":true,"href":"https:\/\/livwell.be\/fr\/wp-json\/wp\/v2\/product_tag?post=8175"},{"taxonomy":"brand","embeddable":true,"href":"https:\/\/livwell.be\/fr\/wp-json\/wp\/v2\/brand?post=8175"},{"taxonomy":"material","embeddable":true,"href":"https:\/\/livwell.be\/fr\/wp-json\/wp\/v2\/material?post=8175"}],"curies":[{"name":"wp","href":"https:\/\/api.w.org\/{rel}","templated":true}]}}