
{"id":8192,"date":"2018-09-06T14:31:08","date_gmt":"2018-09-06T12:31:08","guid":{"rendered":"https:\/\/livwell.be\/product\/ballon-dassise\/"},"modified":"2020-05-12T15:25:08","modified_gmt":"2020-05-12T13:25:08","slug":"ballon-dassise","status":"publish","type":"product","link":"https:\/\/livwell.be\/fr\/produit\/ballon-dassise\/","title":{"rendered":"Ballon d\u2019assise"},"content":{"rendered":"<p>Vous \u00eates activement assis sur un ballon d\u2019assise. Comme vous devez vous tenir en \u00e9quilibre presque en permanence, vos muscles se tendent et \u00e9vitent que votre dos ne s&rsquo;affaisse, r\u00e9duisant et\/ou \u00e9liminant les douleurs.&nbsp;<br \/>\nVous \u00eates automatiquement assis en position droite et vous \u00e9vitez le mal de dos.&nbsp;<br \/>\nVous ne pouvez toutefois pas utiliser un ballon d\u2019assise toute la journ\u00e9e, car vos muscles seraient continuellement actifs.<br \/>\n\u00c0 la longue, ceci serait trop \u00e9puisant.&nbsp; Vous devez donc alterner avec des moments de repos.<br \/>\nSi vous souhaitez toutefois \u00eatre assis de mani\u00e8re saine toute la journ\u00e9e, nous pouvons vous r\u00e9f\u00e9rer \u00e0 nos chaises SpinaliS vous permettant d\u2019alterner l\u2019action et le repos.<\/p>\n","protected":false},"excerpt":{"rendered":"<p>Vous \u00eates activement assis sur un ballon d\u2019assise. Comme vous devez vous tenir en \u00e9quilibre presque en permanence, vos muscles [&hellip;]<\/p>\n","protected":false},"featured_media":7203,"comment_status":"open","ping_status":"closed","template":"","meta":{"ngg_post_thumbnail":0},"product_brand":[],"product_cat":[516],"product_tag":[],"brand":[],"material":[],"class_list":{"0":"post-8192","1":"product","2":"type-product","3":"status-publish","4":"has-post-thumbnail","6":"product_cat-siege-ballon","8":"first","9":"instock","10":"taxable","11":"shipping-taxable","12":"purchasable","13":"product-type-variable"},"yoast_head":"<!-- This site is optimized with the Yoast SEO plugin v25.6 - https:\/\/yoast.com\/wordpress\/plugins\/seo\/ -->\n<title>Ballon d\u2019assise - Livwell<\/title>\n<meta name=\"robots\" content=\"index, follow, max-snippet:-1, max-image-preview:large, max-video-preview:-1\" \/>\n<link rel=\"canonical\" href=\"https:\/\/livwell.be\/fr\/produit\/ballon-dassise\/\" \/>\n<meta property=\"og:locale\" content=\"fr_FR\" \/>\n<meta property=\"og:type\" content=\"article\" \/>\n<meta property=\"og:title\" content=\"Ballon d\u2019assise - Livwell\" \/>\n<meta property=\"og:description\" content=\"Vous \u00eates activement assis sur un ballon d\u2019assise. Comme vous devez vous tenir en \u00e9quilibre presque en permanence, vos muscles [&hellip;]\" \/>\n<meta property=\"og:url\" content=\"https:\/\/livwell.be\/fr\/produit\/ballon-dassise\/\" \/>\n<meta property=\"og:site_name\" content=\"Livwell\" \/>\n<meta property=\"article:publisher\" content=\"https:\/\/www.facebook.com\/Spinalis-Livwell-301461319996581\/\" \/>\n<meta property=\"article:modified_time\" content=\"2020-05-12T13:25:08+00:00\" \/>\n<meta property=\"og:image\" content=\"https:\/\/livwell.be\/wp-content\/uploads\/2018\/09\/zitballen.jpg\" \/>\n\t<meta property=\"og:image:width\" content=\"1200\" \/>\n\t<meta property=\"og:image:height\" content=\"900\" \/>\n\t<meta property=\"og:image:type\" content=\"image\/jpeg\" \/>\n<meta name=\"twitter:card\" content=\"summary_large_image\" \/>\n<meta name=\"twitter:label1\" content=\"Dur\u00e9e de lecture estim\u00e9e\" \/>\n\t<meta name=\"twitter:data1\" content=\"1 minute\" \/>\n<script type=\"application\/ld+json\" class=\"yoast-schema-graph\">{\"@context\":\"https:\/\/schema.org\",\"@graph\":[{\"@type\":\"WebPage\",\"@id\":\"https:\/\/livwell.be\/fr\/produit\/ballon-dassise\/\",\"url\":\"https:\/\/livwell.be\/fr\/produit\/ballon-dassise\/\",\"name\":\"Ballon d\u2019assise - Livwell\",\"isPartOf\":{\"@id\":\"https:\/\/livwell.be\/fr\/#website\"},\"primaryImageOfPage\":{\"@id\":\"https:\/\/livwell.be\/fr\/produit\/ballon-dassise\/#primaryimage\"},\"image\":{\"@id\":\"https:\/\/livwell.be\/fr\/produit\/ballon-dassise\/#primaryimage\"},\"thumbnailUrl\":\"https:\/\/livwell.be\/wp-content\/uploads\/2018\/09\/zitballen.jpg\",\"datePublished\":\"2018-09-06T12:31:08+00:00\",\"dateModified\":\"2020-05-12T13:25:08+00:00\",\"breadcrumb\":{\"@id\":\"https:\/\/livwell.be\/fr\/produit\/ballon-dassise\/#breadcrumb\"},\"inLanguage\":\"fr-FR\",\"potentialAction\":[{\"@type\":\"ReadAction\",\"target\":[\"https:\/\/livwell.be\/fr\/produit\/ballon-dassise\/\"]}]},{\"@type\":\"ImageObject\",\"inLanguage\":\"fr-FR\",\"@id\":\"https:\/\/livwell.be\/fr\/produit\/ballon-dassise\/#primaryimage\",\"url\":\"https:\/\/livwell.be\/wp-content\/uploads\/2018\/09\/zitballen.jpg\",\"contentUrl\":\"https:\/\/livwell.be\/wp-content\/uploads\/2018\/09\/zitballen.jpg\",\"width\":1200,\"height\":900,\"caption\":\"Si\u00e8ge ballon\"},{\"@type\":\"BreadcrumbList\",\"@id\":\"https:\/\/livwell.be\/fr\/produit\/ballon-dassise\/#breadcrumb\",\"itemListElement\":[{\"@type\":\"ListItem\",\"position\":1,\"name\":\"Home\",\"item\":\"https:\/\/livwell.be\/fr\/\"},{\"@type\":\"ListItem\",\"position\":2,\"name\":\"Produits\",\"item\":\"https:\/\/livwell.be\/fr\/produits\/\"},{\"@type\":\"ListItem\",\"position\":3,\"name\":\"Ballon d\u2019assise\"}]},{\"@type\":\"WebSite\",\"@id\":\"https:\/\/livwell.be\/fr\/#website\",\"url\":\"https:\/\/livwell.be\/fr\/\",\"name\":\"Livwell\",\"description\":\"\",\"publisher\":{\"@id\":\"https:\/\/livwell.be\/fr\/#organization\"},\"potentialAction\":[{\"@type\":\"SearchAction\",\"target\":{\"@type\":\"EntryPoint\",\"urlTemplate\":\"https:\/\/livwell.be\/fr\/?s={search_term_string}\"},\"query-input\":{\"@type\":\"PropertyValueSpecification\",\"valueRequired\":true,\"valueName\":\"search_term_string\"}}],\"inLanguage\":\"fr-FR\"},{\"@type\":\"Organization\",\"@id\":\"https:\/\/livwell.be\/fr\/#organization\",\"name\":\"Livwell\",\"url\":\"https:\/\/livwell.be\/fr\/\",\"logo\":{\"@type\":\"ImageObject\",\"inLanguage\":\"fr-FR\",\"@id\":\"https:\/\/livwell.be\/fr\/#\/schema\/logo\/image\/\",\"url\":\"https:\/\/livwell.be\/wp-content\/uploads\/2019\/05\/livwell-logo.png\",\"contentUrl\":\"https:\/\/livwell.be\/wp-content\/uploads\/2019\/05\/livwell-logo.png\",\"width\":101,\"height\":105,\"caption\":\"Livwell\"},\"image\":{\"@id\":\"https:\/\/livwell.be\/fr\/#\/schema\/logo\/image\/\"},\"sameAs\":[\"https:\/\/www.facebook.com\/Spinalis-Livwell-301461319996581\/\",\"https:\/\/www.instagram.com\/livwell001\/\"]}]}<\/script>\n<!-- \/ Yoast SEO plugin. -->","yoast_head_json":{"title":"Ballon d\u2019assise - Livwell","robots":{"index":"index","follow":"follow","max-snippet":"max-snippet:-1","max-image-preview":"max-image-preview:large","max-video-preview":"max-video-preview:-1"},"canonical":"https:\/\/livwell.be\/fr\/produit\/ballon-dassise\/","og_locale":"fr_FR","og_type":"article","og_title":"Ballon d\u2019assise - Livwell","og_description":"Vous \u00eates activement assis sur un ballon d\u2019assise. Comme vous devez vous tenir en \u00e9quilibre presque en permanence, vos muscles [&hellip;]","og_url":"https:\/\/livwell.be\/fr\/produit\/ballon-dassise\/","og_site_name":"Livwell","article_publisher":"https:\/\/www.facebook.com\/Spinalis-Livwell-301461319996581\/","article_modified_time":"2020-05-12T13:25:08+00:00","og_image":[{"width":1200,"height":900,"url":"https:\/\/livwell.be\/wp-content\/uploads\/2018\/09\/zitballen.jpg","type":"image\/jpeg"}],"twitter_card":"summary_large_image","twitter_misc":{"Dur\u00e9e de lecture estim\u00e9e":"1 minute"},"schema":{"@context":"https:\/\/schema.org","@graph":[{"@type":"WebPage","@id":"https:\/\/livwell.be\/fr\/produit\/ballon-dassise\/","url":"https:\/\/livwell.be\/fr\/produit\/ballon-dassise\/","name":"Ballon d\u2019assise - Livwell","isPartOf":{"@id":"https:\/\/livwell.be\/fr\/#website"},"primaryImageOfPage":{"@id":"https:\/\/livwell.be\/fr\/produit\/ballon-dassise\/#primaryimage"},"image":{"@id":"https:\/\/livwell.be\/fr\/produit\/ballon-dassise\/#primaryimage"},"thumbnailUrl":"https:\/\/livwell.be\/wp-content\/uploads\/2018\/09\/zitballen.jpg","datePublished":"2018-09-06T12:31:08+00:00","dateModified":"2020-05-12T13:25:08+00:00","breadcrumb":{"@id":"https:\/\/livwell.be\/fr\/produit\/ballon-dassise\/#breadcrumb"},"inLanguage":"fr-FR","potentialAction":[{"@type":"ReadAction","target":["https:\/\/livwell.be\/fr\/produit\/ballon-dassise\/"]}]},{"@type":"ImageObject","inLanguage":"fr-FR","@id":"https:\/\/livwell.be\/fr\/produit\/ballon-dassise\/#primaryimage","url":"https:\/\/livwell.be\/wp-content\/uploads\/2018\/09\/zitballen.jpg","contentUrl":"https:\/\/livwell.be\/wp-content\/uploads\/2018\/09\/zitballen.jpg","width":1200,"height":900,"caption":"Si\u00e8ge ballon"},{"@type":"BreadcrumbList","@id":"https:\/\/livwell.be\/fr\/produit\/ballon-dassise\/#breadcrumb","itemListElement":[{"@type":"ListItem","position":1,"name":"Home","item":"https:\/\/livwell.be\/fr\/"},{"@type":"ListItem","position":2,"name":"Produits","item":"https:\/\/livwell.be\/fr\/produits\/"},{"@type":"ListItem","position":3,"name":"Ballon d\u2019assise"}]},{"@type":"WebSite","@id":"https:\/\/livwell.be\/fr\/#website","url":"https:\/\/livwell.be\/fr\/","name":"Livwell","description":"","publisher":{"@id":"https:\/\/livwell.be\/fr\/#organization"},"potentialAction":[{"@type":"SearchAction","target":{"@type":"EntryPoint","urlTemplate":"https:\/\/livwell.be\/fr\/?s={search_term_string}"},"query-input":{"@type":"PropertyValueSpecification","valueRequired":true,"valueName":"search_term_string"}}],"inLanguage":"fr-FR"},{"@type":"Organization","@id":"https:\/\/livwell.be\/fr\/#organization","name":"Livwell","url":"https:\/\/livwell.be\/fr\/","logo":{"@type":"ImageObject","inLanguage":"fr-FR","@id":"https:\/\/livwell.be\/fr\/#\/schema\/logo\/image\/","url":"https:\/\/livwell.be\/wp-content\/uploads\/2019\/05\/livwell-logo.png","contentUrl":"https:\/\/livwell.be\/wp-content\/uploads\/2019\/05\/livwell-logo.png","width":101,"height":105,"caption":"Livwell"},"image":{"@id":"https:\/\/livwell.be\/fr\/#\/schema\/logo\/image\/"},"sameAs":["https:\/\/www.facebook.com\/Spinalis-Livwell-301461319996581\/","https:\/\/www.instagram.com\/livwell001\/"]}]}},"_links":{"self":[{"href":"https:\/\/livwell.be\/fr\/wp-json\/wp\/v2\/product\/8192","targetHints":{"allow":["GET"]}}],"collection":[{"href":"https:\/\/livwell.be\/fr\/wp-json\/wp\/v2\/product"}],"about":[{"href":"https:\/\/livwell.be\/fr\/wp-json\/wp\/v2\/types\/product"}],"replies":[{"embeddable":true,"href":"https:\/\/livwell.be\/fr\/wp-json\/wp\/v2\/comments?post=8192"}],"wp:featuredmedia":[{"embeddable":true,"href":"https:\/\/livwell.be\/fr\/wp-json\/wp\/v2\/media\/7203"}],"wp:attachment":[{"href":"https:\/\/livwell.be\/fr\/wp-json\/wp\/v2\/media?parent=8192"}],"wp:term":[{"taxonomy":"product_brand","embeddable":true,"href":"https:\/\/livwell.be\/fr\/wp-json\/wp\/v2\/product_brand?post=8192"},{"taxonomy":"product_cat","embeddable":true,"href":"https:\/\/livwell.be\/fr\/wp-json\/wp\/v2\/product_cat?post=8192"},{"taxonomy":"product_tag","embeddable":true,"href":"https:\/\/livwell.be\/fr\/wp-json\/wp\/v2\/product_tag?post=8192"},{"taxonomy":"brand","embeddable":true,"href":"https:\/\/livwell.be\/fr\/wp-json\/wp\/v2\/brand?post=8192"},{"taxonomy":"material","embeddable":true,"href":"https:\/\/livwell.be\/fr\/wp-json\/wp\/v2\/material?post=8192"}],"curies":[{"name":"wp","href":"https:\/\/api.w.org\/{rel}","templated":true}]}}