
{"id":8198,"date":"2018-08-28T08:28:23","date_gmt":"2018-08-28T06:28:23","guid":{"rendered":"https:\/\/livwell.be\/product\/velo-de-bureau-flexibike\/"},"modified":"2025-04-12T20:48:09","modified_gmt":"2025-04-12T18:48:09","slug":"velo-de-bureau-flexibike","status":"publish","type":"product","link":"https:\/\/livwell.be\/fr\/produit\/velo-de-bureau-flexibike\/","title":{"rendered":"V\u00e9lo de bureau Flexibike"},"content":{"rendered":"","protected":false},"excerpt":{"rendered":"<p>Travaillez derri\u00e8re votre ordinateur et restez en forme gr\u00e2ce au v\u00e9lo de bureau.<br \/>\nBr\u00fblez des calories suppl\u00e9mentaires tout en travaillant.<br \/>\nLe v\u00e9lo de bureau stimule la circulation sanguine, assure une plus grande productivit\u00e9 et \u00e9vite la fatigue.<br \/>\nTravailler de mani\u00e8re dynamique pr\u00e9vient les douleurs corporelles r\u00e9sultant du travail assis.<\/p>\n<p>Sp\u00e9cification(s)&nbsp;:<\/p>\n<ul>\n<li>Aucune installation requise<\/li>\n<li>Selle ergonomique r\u00e9glable en hauteur<\/li>\n<li>Rouet magn\u00e9tique silencieux<\/li>\n<li>\u00c9cran LCD avec indication de temps, de vitesse, de distance et de calories<\/li>\n<li>Plan de travail enti\u00e8rement r\u00e9glable<\/li>\n<li>Contre-pression r\u00e9glable<\/li>\n<li>Encoche sp\u00e9ciale pour t\u00e9l\u00e9phone ou tablette<\/li>\n<li>Facile \u00e0 d\u00e9placer<\/li>\n<li>Blanc, livrable en stock<\/li>\n<li>2&nbsp;ans de garantie<\/li>\n<\/ul>\n","protected":false},"featured_media":7193,"comment_status":"open","ping_status":"closed","template":"","meta":{"ngg_post_thumbnail":0},"product_brand":[],"product_cat":[386],"product_tag":[],"brand":[],"material":[],"class_list":{"0":"post-8198","1":"product","2":"type-product","3":"status-publish","4":"has-post-thumbnail","6":"product_cat-velos-bureaux","8":"first","9":"instock","10":"taxable","11":"shipping-taxable","12":"purchasable","13":"product-type-simple"},"yoast_head":"<!-- This site is optimized with the Yoast SEO plugin v25.6 - https:\/\/yoast.com\/wordpress\/plugins\/seo\/ -->\n<title>V\u00e9lo de bureau Flexibike - Livwell<\/title>\n<meta name=\"robots\" content=\"index, follow, max-snippet:-1, max-image-preview:large, max-video-preview:-1\" \/>\n<link rel=\"canonical\" href=\"https:\/\/livwell.be\/fr\/produit\/velo-de-bureau-flexibike\/\" \/>\n<meta property=\"og:locale\" content=\"fr_FR\" \/>\n<meta property=\"og:type\" content=\"article\" \/>\n<meta property=\"og:title\" content=\"V\u00e9lo de bureau Flexibike - Livwell\" \/>\n<meta property=\"og:description\" content=\"Travaillez derri\u00e8re votre ordinateur et restez en forme gr\u00e2ce au v\u00e9lo de bureau. Br\u00fblez des calories suppl\u00e9mentaires tout en travaillant. Le v\u00e9lo de bureau stimule la circulation sanguine, assure une plus grande productivit\u00e9 et \u00e9vite la fatigue. Travailler de mani\u00e8re dynamique pr\u00e9vient les douleurs corporelles r\u00e9sultant du travail assis.  Sp\u00e9cification(s)&nbsp;:   Aucune installation requise  Selle ergonomique r\u00e9glable en hauteur  Rouet magn\u00e9tique silencieux  \u00c9cran LCD avec indication de temps, de vitesse, de distance et de calories  Plan de travail enti\u00e8rement r\u00e9glable  Contre-pression r\u00e9glable  Encoche sp\u00e9ciale pour t\u00e9l\u00e9phone ou tablette  Facile \u00e0 d\u00e9placer  Blanc, livrable en stock  2&nbsp;ans de garantie\" \/>\n<meta property=\"og:url\" content=\"https:\/\/livwell.be\/fr\/produit\/velo-de-bureau-flexibike\/\" \/>\n<meta property=\"og:site_name\" content=\"Livwell\" \/>\n<meta property=\"article:publisher\" content=\"https:\/\/www.facebook.com\/Spinalis-Livwell-301461319996581\/\" \/>\n<meta property=\"article:modified_time\" content=\"2025-04-12T18:48:09+00:00\" \/>\n<meta property=\"og:image\" content=\"https:\/\/livwell.be\/wp-content\/uploads\/2018\/08\/Bureaufiets-Flexibike.jpg\" \/>\n\t<meta property=\"og:image:width\" content=\"896\" \/>\n\t<meta property=\"og:image:height\" content=\"1200\" \/>\n\t<meta property=\"og:image:type\" content=\"image\/jpeg\" \/>\n<meta name=\"twitter:card\" content=\"summary_large_image\" \/>\n<script type=\"application\/ld+json\" class=\"yoast-schema-graph\">{\"@context\":\"https:\/\/schema.org\",\"@graph\":[{\"@type\":\"WebPage\",\"@id\":\"https:\/\/livwell.be\/fr\/produit\/velo-de-bureau-flexibike\/\",\"url\":\"https:\/\/livwell.be\/fr\/produit\/velo-de-bureau-flexibike\/\",\"name\":\"V\u00e9lo de bureau Flexibike - Livwell\",\"isPartOf\":{\"@id\":\"https:\/\/livwell.be\/fr\/#website\"},\"primaryImageOfPage\":{\"@id\":\"https:\/\/livwell.be\/fr\/produit\/velo-de-bureau-flexibike\/#primaryimage\"},\"image\":{\"@id\":\"https:\/\/livwell.be\/fr\/produit\/velo-de-bureau-flexibike\/#primaryimage\"},\"thumbnailUrl\":\"https:\/\/livwell.be\/wp-content\/uploads\/2018\/08\/Bureaufiets-Flexibike.jpg\",\"datePublished\":\"2018-08-28T06:28:23+00:00\",\"dateModified\":\"2025-04-12T18:48:09+00:00\",\"breadcrumb\":{\"@id\":\"https:\/\/livwell.be\/fr\/produit\/velo-de-bureau-flexibike\/#breadcrumb\"},\"inLanguage\":\"fr-FR\",\"potentialAction\":[{\"@type\":\"ReadAction\",\"target\":[\"https:\/\/livwell.be\/fr\/produit\/velo-de-bureau-flexibike\/\"]}]},{\"@type\":\"ImageObject\",\"inLanguage\":\"fr-FR\",\"@id\":\"https:\/\/livwell.be\/fr\/produit\/velo-de-bureau-flexibike\/#primaryimage\",\"url\":\"https:\/\/livwell.be\/wp-content\/uploads\/2018\/08\/Bureaufiets-Flexibike.jpg\",\"contentUrl\":\"https:\/\/livwell.be\/wp-content\/uploads\/2018\/08\/Bureaufiets-Flexibike.jpg\",\"width\":896,\"height\":1200,\"caption\":\"V\u00e9lo de bureau Flexibike\"},{\"@type\":\"BreadcrumbList\",\"@id\":\"https:\/\/livwell.be\/fr\/produit\/velo-de-bureau-flexibike\/#breadcrumb\",\"itemListElement\":[{\"@type\":\"ListItem\",\"position\":1,\"name\":\"Home\",\"item\":\"https:\/\/livwell.be\/fr\/\"},{\"@type\":\"ListItem\",\"position\":2,\"name\":\"Produits\",\"item\":\"https:\/\/livwell.be\/fr\/produits\/\"},{\"@type\":\"ListItem\",\"position\":3,\"name\":\"V\u00e9lo de bureau Flexibike\"}]},{\"@type\":\"WebSite\",\"@id\":\"https:\/\/livwell.be\/fr\/#website\",\"url\":\"https:\/\/livwell.be\/fr\/\",\"name\":\"Livwell\",\"description\":\"\",\"publisher\":{\"@id\":\"https:\/\/livwell.be\/fr\/#organization\"},\"potentialAction\":[{\"@type\":\"SearchAction\",\"target\":{\"@type\":\"EntryPoint\",\"urlTemplate\":\"https:\/\/livwell.be\/fr\/?s={search_term_string}\"},\"query-input\":{\"@type\":\"PropertyValueSpecification\",\"valueRequired\":true,\"valueName\":\"search_term_string\"}}],\"inLanguage\":\"fr-FR\"},{\"@type\":\"Organization\",\"@id\":\"https:\/\/livwell.be\/fr\/#organization\",\"name\":\"Livwell\",\"url\":\"https:\/\/livwell.be\/fr\/\",\"logo\":{\"@type\":\"ImageObject\",\"inLanguage\":\"fr-FR\",\"@id\":\"https:\/\/livwell.be\/fr\/#\/schema\/logo\/image\/\",\"url\":\"https:\/\/livwell.be\/wp-content\/uploads\/2019\/05\/livwell-logo.png\",\"contentUrl\":\"https:\/\/livwell.be\/wp-content\/uploads\/2019\/05\/livwell-logo.png\",\"width\":101,\"height\":105,\"caption\":\"Livwell\"},\"image\":{\"@id\":\"https:\/\/livwell.be\/fr\/#\/schema\/logo\/image\/\"},\"sameAs\":[\"https:\/\/www.facebook.com\/Spinalis-Livwell-301461319996581\/\",\"https:\/\/www.instagram.com\/livwell001\/\"]}]}<\/script>\n<!-- \/ Yoast SEO plugin. -->","yoast_head_json":{"title":"V\u00e9lo de bureau Flexibike - Livwell","robots":{"index":"index","follow":"follow","max-snippet":"max-snippet:-1","max-image-preview":"max-image-preview:large","max-video-preview":"max-video-preview:-1"},"canonical":"https:\/\/livwell.be\/fr\/produit\/velo-de-bureau-flexibike\/","og_locale":"fr_FR","og_type":"article","og_title":"V\u00e9lo de bureau Flexibike - Livwell","og_description":"Travaillez derri\u00e8re votre ordinateur et restez en forme gr\u00e2ce au v\u00e9lo de bureau. Br\u00fblez des calories suppl\u00e9mentaires tout en travaillant. Le v\u00e9lo de bureau stimule la circulation sanguine, assure une plus grande productivit\u00e9 et \u00e9vite la fatigue. Travailler de mani\u00e8re dynamique pr\u00e9vient les douleurs corporelles r\u00e9sultant du travail assis.  Sp\u00e9cification(s)&nbsp;:   Aucune installation requise  Selle ergonomique r\u00e9glable en hauteur  Rouet magn\u00e9tique silencieux  \u00c9cran LCD avec indication de temps, de vitesse, de distance et de calories  Plan de travail enti\u00e8rement r\u00e9glable  Contre-pression r\u00e9glable  Encoche sp\u00e9ciale pour t\u00e9l\u00e9phone ou tablette  Facile \u00e0 d\u00e9placer  Blanc, livrable en stock  2&nbsp;ans de garantie","og_url":"https:\/\/livwell.be\/fr\/produit\/velo-de-bureau-flexibike\/","og_site_name":"Livwell","article_publisher":"https:\/\/www.facebook.com\/Spinalis-Livwell-301461319996581\/","article_modified_time":"2025-04-12T18:48:09+00:00","og_image":[{"width":896,"height":1200,"url":"https:\/\/livwell.be\/wp-content\/uploads\/2018\/08\/Bureaufiets-Flexibike.jpg","type":"image\/jpeg"}],"twitter_card":"summary_large_image","schema":{"@context":"https:\/\/schema.org","@graph":[{"@type":"WebPage","@id":"https:\/\/livwell.be\/fr\/produit\/velo-de-bureau-flexibike\/","url":"https:\/\/livwell.be\/fr\/produit\/velo-de-bureau-flexibike\/","name":"V\u00e9lo de bureau Flexibike - Livwell","isPartOf":{"@id":"https:\/\/livwell.be\/fr\/#website"},"primaryImageOfPage":{"@id":"https:\/\/livwell.be\/fr\/produit\/velo-de-bureau-flexibike\/#primaryimage"},"image":{"@id":"https:\/\/livwell.be\/fr\/produit\/velo-de-bureau-flexibike\/#primaryimage"},"thumbnailUrl":"https:\/\/livwell.be\/wp-content\/uploads\/2018\/08\/Bureaufiets-Flexibike.jpg","datePublished":"2018-08-28T06:28:23+00:00","dateModified":"2025-04-12T18:48:09+00:00","breadcrumb":{"@id":"https:\/\/livwell.be\/fr\/produit\/velo-de-bureau-flexibike\/#breadcrumb"},"inLanguage":"fr-FR","potentialAction":[{"@type":"ReadAction","target":["https:\/\/livwell.be\/fr\/produit\/velo-de-bureau-flexibike\/"]}]},{"@type":"ImageObject","inLanguage":"fr-FR","@id":"https:\/\/livwell.be\/fr\/produit\/velo-de-bureau-flexibike\/#primaryimage","url":"https:\/\/livwell.be\/wp-content\/uploads\/2018\/08\/Bureaufiets-Flexibike.jpg","contentUrl":"https:\/\/livwell.be\/wp-content\/uploads\/2018\/08\/Bureaufiets-Flexibike.jpg","width":896,"height":1200,"caption":"V\u00e9lo de bureau Flexibike"},{"@type":"BreadcrumbList","@id":"https:\/\/livwell.be\/fr\/produit\/velo-de-bureau-flexibike\/#breadcrumb","itemListElement":[{"@type":"ListItem","position":1,"name":"Home","item":"https:\/\/livwell.be\/fr\/"},{"@type":"ListItem","position":2,"name":"Produits","item":"https:\/\/livwell.be\/fr\/produits\/"},{"@type":"ListItem","position":3,"name":"V\u00e9lo de bureau Flexibike"}]},{"@type":"WebSite","@id":"https:\/\/livwell.be\/fr\/#website","url":"https:\/\/livwell.be\/fr\/","name":"Livwell","description":"","publisher":{"@id":"https:\/\/livwell.be\/fr\/#organization"},"potentialAction":[{"@type":"SearchAction","target":{"@type":"EntryPoint","urlTemplate":"https:\/\/livwell.be\/fr\/?s={search_term_string}"},"query-input":{"@type":"PropertyValueSpecification","valueRequired":true,"valueName":"search_term_string"}}],"inLanguage":"fr-FR"},{"@type":"Organization","@id":"https:\/\/livwell.be\/fr\/#organization","name":"Livwell","url":"https:\/\/livwell.be\/fr\/","logo":{"@type":"ImageObject","inLanguage":"fr-FR","@id":"https:\/\/livwell.be\/fr\/#\/schema\/logo\/image\/","url":"https:\/\/livwell.be\/wp-content\/uploads\/2019\/05\/livwell-logo.png","contentUrl":"https:\/\/livwell.be\/wp-content\/uploads\/2019\/05\/livwell-logo.png","width":101,"height":105,"caption":"Livwell"},"image":{"@id":"https:\/\/livwell.be\/fr\/#\/schema\/logo\/image\/"},"sameAs":["https:\/\/www.facebook.com\/Spinalis-Livwell-301461319996581\/","https:\/\/www.instagram.com\/livwell001\/"]}]}},"_links":{"self":[{"href":"https:\/\/livwell.be\/fr\/wp-json\/wp\/v2\/product\/8198","targetHints":{"allow":["GET"]}}],"collection":[{"href":"https:\/\/livwell.be\/fr\/wp-json\/wp\/v2\/product"}],"about":[{"href":"https:\/\/livwell.be\/fr\/wp-json\/wp\/v2\/types\/product"}],"replies":[{"embeddable":true,"href":"https:\/\/livwell.be\/fr\/wp-json\/wp\/v2\/comments?post=8198"}],"wp:featuredmedia":[{"embeddable":true,"href":"https:\/\/livwell.be\/fr\/wp-json\/wp\/v2\/media\/7193"}],"wp:attachment":[{"href":"https:\/\/livwell.be\/fr\/wp-json\/wp\/v2\/media?parent=8198"}],"wp:term":[{"taxonomy":"product_brand","embeddable":true,"href":"https:\/\/livwell.be\/fr\/wp-json\/wp\/v2\/product_brand?post=8198"},{"taxonomy":"product_cat","embeddable":true,"href":"https:\/\/livwell.be\/fr\/wp-json\/wp\/v2\/product_cat?post=8198"},{"taxonomy":"product_tag","embeddable":true,"href":"https:\/\/livwell.be\/fr\/wp-json\/wp\/v2\/product_tag?post=8198"},{"taxonomy":"brand","embeddable":true,"href":"https:\/\/livwell.be\/fr\/wp-json\/wp\/v2\/brand?post=8198"},{"taxonomy":"material","embeddable":true,"href":"https:\/\/livwell.be\/fr\/wp-json\/wp\/v2\/material?post=8198"}],"curies":[{"name":"wp","href":"https:\/\/api.w.org\/{rel}","templated":true}]}}