
{"id":995,"date":"2018-04-30T12:42:00","date_gmt":"2018-04-30T12:42:00","guid":{"rendered":"https:\/\/livwell.be\/product\/spinalis-basic\/"},"modified":"2020-08-01T00:19:24","modified_gmt":"2020-07-31T22:19:24","slug":"spinalis-basic","status":"publish","type":"product","link":"https:\/\/livwell.be\/fr\/produit\/spinalis-basic\/","title":{"rendered":"SpinaliS Basic"},"content":{"rendered":"<p>SpinaliS Basic poss\u00e8de, tout comme toutes les autres chaises SpinaliS, un si\u00e8ge mobile adaptable en hauteur. Contrairement \u00e0 toutes les chaises classiques, ce si\u00e8ge suit tout vos mouvements afin d&rsquo;\u00e9viter une mauvaise position du corps. Le dossier et les accoudoirs sont r\u00e9glables \u00e0 votre convenance. Le dossier plus particuli\u00e8rement s&rsquo;adapte harmonieusement \u00e0 votre corps. Cette chaise est disponible avec un cadre noir et en huit couleurs diff\u00e9rentes.<\/p>\n<p>L&rsquo;habillage agr\u00e9able est en coton, apparence cuir.<\/p>\n<p>Am\u00e9liorez votre quotidien, faites plaisir \u00e0 votre dos et offrez-lui une chaise SpinaliS basic<\/p>\n<p>Caract\u00e9ristiques techniques :<\/p>\n<ul>\n<li>Habillage : mat\u00e9riel en coton, apparence cuir &#8211; Renna<\/li>\n<li>Poids : 13,5 kg<\/li>\n<li>Dimensions : largeur 63 cm, profondeur 63 cm, hauteur de 86 \u00e0 108 cm<\/li>\n<li>Poids permis : de 40 \u00e0 110 kg<\/li>\n<li>Dimensions de l&#8217;emballage: 54 x 52 x 62 cm<\/li>\n<\/ul>\n<p><iframe loading=\"lazy\" src=\"https:\/\/www.youtube.com\/embed\/tvV8E4OgI3o\" allowfullscreen=\"allowfullscreen\" width=\"100%\" height=\"315\" frameborder=\"0\"><\/iframe><\/p>\n","protected":false},"excerpt":{"rendered":"<p>SpinaliS Basic poss\u00e8de, tout comme toutes les autres chaises SpinaliS, un si\u00e8ge mobile adaptable en hauteur. Contrairement \u00e0 toutes les [&hellip;]<\/p>\n","protected":false},"featured_media":643,"comment_status":"open","ping_status":"closed","template":"","meta":{"ngg_post_thumbnail":0},"product_brand":[],"product_cat":[25],"product_tag":[],"brand":[],"material":[],"class_list":{"0":"post-995","1":"product","2":"type-product","3":"status-publish","4":"has-post-thumbnail","6":"product_cat-chaises-spinalis","7":"product_shipping_class-50-euro-fr","9":"first","10":"instock","11":"taxable","12":"shipping-taxable","13":"purchasable","14":"product-type-variable"},"yoast_head":"<!-- This site is optimized with the Yoast SEO plugin v25.6 - https:\/\/yoast.com\/wordpress\/plugins\/seo\/ -->\n<title>SpinaliS Basic - Livwell<\/title>\n<meta name=\"robots\" content=\"index, follow, max-snippet:-1, max-image-preview:large, max-video-preview:-1\" \/>\n<link rel=\"canonical\" href=\"https:\/\/livwell.be\/fr\/produit\/spinalis-basic\/\" \/>\n<meta property=\"og:locale\" content=\"fr_FR\" \/>\n<meta property=\"og:type\" content=\"article\" \/>\n<meta property=\"og:title\" content=\"SpinaliS Basic - Livwell\" \/>\n<meta property=\"og:description\" content=\"SpinaliS Basic poss\u00e8de, tout comme toutes les autres chaises SpinaliS, un si\u00e8ge mobile adaptable en hauteur. Contrairement \u00e0 toutes les [&hellip;]\" \/>\n<meta property=\"og:url\" content=\"https:\/\/livwell.be\/fr\/produit\/spinalis-basic\/\" \/>\n<meta property=\"og:site_name\" content=\"Livwell\" \/>\n<meta property=\"article:publisher\" content=\"https:\/\/www.facebook.com\/Spinalis-Livwell-301461319996581\/\" \/>\n<meta property=\"article:modified_time\" content=\"2020-07-31T22:19:24+00:00\" \/>\n<meta property=\"og:image\" content=\"https:\/\/livwell.be\/wp-content\/uploads\/2018\/04\/BS-R304-BRD-B-F.jpg\" \/>\n\t<meta property=\"og:image:width\" content=\"800\" \/>\n\t<meta property=\"og:image:height\" content=\"1200\" \/>\n\t<meta property=\"og:image:type\" content=\"image\/jpeg\" \/>\n<meta name=\"twitter:card\" content=\"summary_large_image\" \/>\n<meta name=\"twitter:label1\" content=\"Dur\u00e9e de lecture estim\u00e9e\" \/>\n\t<meta name=\"twitter:data1\" content=\"1 minute\" \/>\n<script type=\"application\/ld+json\" class=\"yoast-schema-graph\">{\"@context\":\"https:\/\/schema.org\",\"@graph\":[{\"@type\":\"WebPage\",\"@id\":\"https:\/\/livwell.be\/fr\/produit\/spinalis-basic\/\",\"url\":\"https:\/\/livwell.be\/fr\/produit\/spinalis-basic\/\",\"name\":\"SpinaliS Basic - Livwell\",\"isPartOf\":{\"@id\":\"https:\/\/livwell.be\/fr\/#website\"},\"primaryImageOfPage\":{\"@id\":\"https:\/\/livwell.be\/fr\/produit\/spinalis-basic\/#primaryimage\"},\"image\":{\"@id\":\"https:\/\/livwell.be\/fr\/produit\/spinalis-basic\/#primaryimage\"},\"thumbnailUrl\":\"https:\/\/livwell.be\/wp-content\/uploads\/2018\/04\/BS-R304-BRD-B-F.jpg\",\"datePublished\":\"2018-04-30T12:42:00+00:00\",\"dateModified\":\"2020-07-31T22:19:24+00:00\",\"breadcrumb\":{\"@id\":\"https:\/\/livwell.be\/fr\/produit\/spinalis-basic\/#breadcrumb\"},\"inLanguage\":\"fr-FR\",\"potentialAction\":[{\"@type\":\"ReadAction\",\"target\":[\"https:\/\/livwell.be\/fr\/produit\/spinalis-basic\/\"]}]},{\"@type\":\"ImageObject\",\"inLanguage\":\"fr-FR\",\"@id\":\"https:\/\/livwell.be\/fr\/produit\/spinalis-basic\/#primaryimage\",\"url\":\"https:\/\/livwell.be\/wp-content\/uploads\/2018\/04\/BS-R304-BRD-B-F.jpg\",\"contentUrl\":\"https:\/\/livwell.be\/wp-content\/uploads\/2018\/04\/BS-R304-BRD-B-F.jpg\",\"width\":800,\"height\":1200,\"caption\":\"Spinalis Basic\"},{\"@type\":\"BreadcrumbList\",\"@id\":\"https:\/\/livwell.be\/fr\/produit\/spinalis-basic\/#breadcrumb\",\"itemListElement\":[{\"@type\":\"ListItem\",\"position\":1,\"name\":\"Home\",\"item\":\"https:\/\/livwell.be\/fr\/\"},{\"@type\":\"ListItem\",\"position\":2,\"name\":\"Produits\",\"item\":\"https:\/\/livwell.be\/fr\/produits\/\"},{\"@type\":\"ListItem\",\"position\":3,\"name\":\"SpinaliS Basic\"}]},{\"@type\":\"WebSite\",\"@id\":\"https:\/\/livwell.be\/fr\/#website\",\"url\":\"https:\/\/livwell.be\/fr\/\",\"name\":\"Livwell\",\"description\":\"\",\"publisher\":{\"@id\":\"https:\/\/livwell.be\/fr\/#organization\"},\"potentialAction\":[{\"@type\":\"SearchAction\",\"target\":{\"@type\":\"EntryPoint\",\"urlTemplate\":\"https:\/\/livwell.be\/fr\/?s={search_term_string}\"},\"query-input\":{\"@type\":\"PropertyValueSpecification\",\"valueRequired\":true,\"valueName\":\"search_term_string\"}}],\"inLanguage\":\"fr-FR\"},{\"@type\":\"Organization\",\"@id\":\"https:\/\/livwell.be\/fr\/#organization\",\"name\":\"Livwell\",\"url\":\"https:\/\/livwell.be\/fr\/\",\"logo\":{\"@type\":\"ImageObject\",\"inLanguage\":\"fr-FR\",\"@id\":\"https:\/\/livwell.be\/fr\/#\/schema\/logo\/image\/\",\"url\":\"https:\/\/livwell.be\/wp-content\/uploads\/2019\/05\/livwell-logo.png\",\"contentUrl\":\"https:\/\/livwell.be\/wp-content\/uploads\/2019\/05\/livwell-logo.png\",\"width\":101,\"height\":105,\"caption\":\"Livwell\"},\"image\":{\"@id\":\"https:\/\/livwell.be\/fr\/#\/schema\/logo\/image\/\"},\"sameAs\":[\"https:\/\/www.facebook.com\/Spinalis-Livwell-301461319996581\/\",\"https:\/\/www.instagram.com\/livwell001\/\"]}]}<\/script>\n<!-- \/ Yoast SEO plugin. -->","yoast_head_json":{"title":"SpinaliS Basic - Livwell","robots":{"index":"index","follow":"follow","max-snippet":"max-snippet:-1","max-image-preview":"max-image-preview:large","max-video-preview":"max-video-preview:-1"},"canonical":"https:\/\/livwell.be\/fr\/produit\/spinalis-basic\/","og_locale":"fr_FR","og_type":"article","og_title":"SpinaliS Basic - Livwell","og_description":"SpinaliS Basic poss\u00e8de, tout comme toutes les autres chaises SpinaliS, un si\u00e8ge mobile adaptable en hauteur. Contrairement \u00e0 toutes les [&hellip;]","og_url":"https:\/\/livwell.be\/fr\/produit\/spinalis-basic\/","og_site_name":"Livwell","article_publisher":"https:\/\/www.facebook.com\/Spinalis-Livwell-301461319996581\/","article_modified_time":"2020-07-31T22:19:24+00:00","og_image":[{"width":800,"height":1200,"url":"https:\/\/livwell.be\/wp-content\/uploads\/2018\/04\/BS-R304-BRD-B-F.jpg","type":"image\/jpeg"}],"twitter_card":"summary_large_image","twitter_misc":{"Dur\u00e9e de lecture estim\u00e9e":"1 minute"},"schema":{"@context":"https:\/\/schema.org","@graph":[{"@type":"WebPage","@id":"https:\/\/livwell.be\/fr\/produit\/spinalis-basic\/","url":"https:\/\/livwell.be\/fr\/produit\/spinalis-basic\/","name":"SpinaliS Basic - Livwell","isPartOf":{"@id":"https:\/\/livwell.be\/fr\/#website"},"primaryImageOfPage":{"@id":"https:\/\/livwell.be\/fr\/produit\/spinalis-basic\/#primaryimage"},"image":{"@id":"https:\/\/livwell.be\/fr\/produit\/spinalis-basic\/#primaryimage"},"thumbnailUrl":"https:\/\/livwell.be\/wp-content\/uploads\/2018\/04\/BS-R304-BRD-B-F.jpg","datePublished":"2018-04-30T12:42:00+00:00","dateModified":"2020-07-31T22:19:24+00:00","breadcrumb":{"@id":"https:\/\/livwell.be\/fr\/produit\/spinalis-basic\/#breadcrumb"},"inLanguage":"fr-FR","potentialAction":[{"@type":"ReadAction","target":["https:\/\/livwell.be\/fr\/produit\/spinalis-basic\/"]}]},{"@type":"ImageObject","inLanguage":"fr-FR","@id":"https:\/\/livwell.be\/fr\/produit\/spinalis-basic\/#primaryimage","url":"https:\/\/livwell.be\/wp-content\/uploads\/2018\/04\/BS-R304-BRD-B-F.jpg","contentUrl":"https:\/\/livwell.be\/wp-content\/uploads\/2018\/04\/BS-R304-BRD-B-F.jpg","width":800,"height":1200,"caption":"Spinalis Basic"},{"@type":"BreadcrumbList","@id":"https:\/\/livwell.be\/fr\/produit\/spinalis-basic\/#breadcrumb","itemListElement":[{"@type":"ListItem","position":1,"name":"Home","item":"https:\/\/livwell.be\/fr\/"},{"@type":"ListItem","position":2,"name":"Produits","item":"https:\/\/livwell.be\/fr\/produits\/"},{"@type":"ListItem","position":3,"name":"SpinaliS Basic"}]},{"@type":"WebSite","@id":"https:\/\/livwell.be\/fr\/#website","url":"https:\/\/livwell.be\/fr\/","name":"Livwell","description":"","publisher":{"@id":"https:\/\/livwell.be\/fr\/#organization"},"potentialAction":[{"@type":"SearchAction","target":{"@type":"EntryPoint","urlTemplate":"https:\/\/livwell.be\/fr\/?s={search_term_string}"},"query-input":{"@type":"PropertyValueSpecification","valueRequired":true,"valueName":"search_term_string"}}],"inLanguage":"fr-FR"},{"@type":"Organization","@id":"https:\/\/livwell.be\/fr\/#organization","name":"Livwell","url":"https:\/\/livwell.be\/fr\/","logo":{"@type":"ImageObject","inLanguage":"fr-FR","@id":"https:\/\/livwell.be\/fr\/#\/schema\/logo\/image\/","url":"https:\/\/livwell.be\/wp-content\/uploads\/2019\/05\/livwell-logo.png","contentUrl":"https:\/\/livwell.be\/wp-content\/uploads\/2019\/05\/livwell-logo.png","width":101,"height":105,"caption":"Livwell"},"image":{"@id":"https:\/\/livwell.be\/fr\/#\/schema\/logo\/image\/"},"sameAs":["https:\/\/www.facebook.com\/Spinalis-Livwell-301461319996581\/","https:\/\/www.instagram.com\/livwell001\/"]}]}},"_links":{"self":[{"href":"https:\/\/livwell.be\/fr\/wp-json\/wp\/v2\/product\/995","targetHints":{"allow":["GET"]}}],"collection":[{"href":"https:\/\/livwell.be\/fr\/wp-json\/wp\/v2\/product"}],"about":[{"href":"https:\/\/livwell.be\/fr\/wp-json\/wp\/v2\/types\/product"}],"replies":[{"embeddable":true,"href":"https:\/\/livwell.be\/fr\/wp-json\/wp\/v2\/comments?post=995"}],"wp:featuredmedia":[{"embeddable":true,"href":"https:\/\/livwell.be\/fr\/wp-json\/wp\/v2\/media\/643"}],"wp:attachment":[{"href":"https:\/\/livwell.be\/fr\/wp-json\/wp\/v2\/media?parent=995"}],"wp:term":[{"taxonomy":"product_brand","embeddable":true,"href":"https:\/\/livwell.be\/fr\/wp-json\/wp\/v2\/product_brand?post=995"},{"taxonomy":"product_cat","embeddable":true,"href":"https:\/\/livwell.be\/fr\/wp-json\/wp\/v2\/product_cat?post=995"},{"taxonomy":"product_tag","embeddable":true,"href":"https:\/\/livwell.be\/fr\/wp-json\/wp\/v2\/product_tag?post=995"},{"taxonomy":"brand","embeddable":true,"href":"https:\/\/livwell.be\/fr\/wp-json\/wp\/v2\/brand?post=995"},{"taxonomy":"material","embeddable":true,"href":"https:\/\/livwell.be\/fr\/wp-json\/wp\/v2\/material?post=995"}],"curies":[{"name":"wp","href":"https:\/\/api.w.org\/{rel}","templated":true}]}}